{"id":12,"date":"2016-05-13T09:28:52","date_gmt":"2016-05-13T07:28:52","guid":{"rendered":"http:\/\/uebersetzer-deutsch-russisch.com\/?page_id=12"},"modified":"2025-10-22T10:57:48","modified_gmt":"2025-10-22T08:57:48","slug":"profil","status":"publish","type":"page","link":"https:\/\/uebersetzer-deutsch-russisch.com\/ru\/profil\/","title":{"rendered":"\u041e\u0431\u043e \u043c\u043d\u0435"},"content":{"rendered":"<h2>\u0412\u044b\u0441\u0448\u0435\u0435 \u043e\u0431\u0440\u0430\u0437\u043e\u0432\u0430\u043d\u0438\u0435<\/h2>\n<table style=\"height: 104px;\" width=\"1094\">\n<tbody>\n<tr>\n<td width=\"95\">\n<h6>2002\u20132008 \u0433\u0433.<\/h6>\n<\/td>\n<td width=\"541\">\n<h6>\u041e\u043c\u0441\u043a\u0438\u0439 \u0433\u043e\u0441\u0443\u0434\u0430\u0440\u0441\u0442\u0432\u0435\u043d\u043d\u044b\u0439 \u0443\u043d\u0438\u0432\u0435\u0440\u0441\u0438\u0442\u0435\u0442 \u0438\u043c. \u0424.\u041c. \u0414\u043e\u0441\u0442\u043e\u0435\u0432\u0441\u043a\u043e\u0433\u043e, \u0441\u043f\u0435\u0446\u0438\u0430\u043b\u044c\u043d\u043e\u0441\u0442\u044c \u00ab\u041f\u0435\u0440\u0435\u0432\u043e\u0434 \u0438 \u043f\u0435\u0440\u0435\u0432\u043e\u0434\u043e\u0432\u0435\u0434\u0435\u043d\u0438\u0435\u00bb<\/h6>\n<\/td>\n<\/tr>\n<tr>\n<td width=\"95\">\n<h6>2009\u20132011 \u0433\u0433.<\/h6>\n<\/td>\n<td width=\"541\">\n<h6>\u0415\u0432\u0440\u043e\u043f\u0435\u0439\u0441\u043a\u0438\u0439 \u0443\u043d\u0438\u0432\u0435\u0440\u0441\u0438\u0442\u0435\u0442 \u0412\u0438\u0430\u0434\u0440\u0438\u043d\u0430 \u0432\u043e \u0424\u0440\u0430\u043d\u043a\u0444\u0443\u0440\u0442\u0435-\u043d\u0430-\u041e\u0434\u0435\u0440\u0435, \u043c\u0430\u0433\u0438\u0441\u0442\u0440\u0430\u0442\u0443\u0440\u0430 \u043f\u043e \u0441\u043f\u0435\u0446\u0438\u0430\u043b\u044c\u043d\u043e\u0441\u0442\u0438 \u00ab\u041c\u0435\u0436\u043a\u0443\u043b\u044c\u0442\u0443\u0440\u043d\u0430\u044f \u043a\u043e\u043c\u043c\u0443\u043d\u0438\u043a\u0430\u0446\u0438\u044f\u00bb<strong><u><br>\n<\/u><\/strong><\/h6>\n<\/td>\n<\/tr>\n<\/tbody>\n<\/table>\n<h2>\u041f\u0440\u043e\u0444\u0435\u0441\u0441\u0438\u043e\u043d\u0430\u043b\u044c\u043d\u0430\u044f \u0434\u0435\u044f\u0442\u0435\u043b\u044c\u043d\u043e\u0441\u0442\u044c<\/h2>\n<table width=\"636\">\n<tbody>\n<tr>\n<td width=\"95\">\n<h6>2008\u20132009 \u0433\u0433.<\/h6>\n<\/td>\n<td width=\"541\">\n<h6>\u041f\u0435\u0440\u0435\u0432\u043e\u0434\u0447\u0438\u043a \u0432 \u0431\u044e\u0440\u043e \u043f\u0435\u0440\u0435\u0432\u043e\u0434\u043e\u0432 \u041e\u043c\u0441\u043a\u043e\u0439 \u0442\u043e\u0440\u0433\u043e\u0432\u043e-\u043f\u0440\u043e\u043c\u044b\u0448\u043b\u0435\u043d\u043d\u043e\u0439 \u043f\u0430\u043b\u0430\u0442\u044b&nbsp;<strong><u><br>\n<\/u><\/strong><\/h6>\n<\/td>\n<\/tr>\n<tr>\n<td width=\"95\">\n<h6>\u0441 2012&nbsp;\u0433.<\/h6>\n<\/td>\n<td width=\"541\">\n<h6>\u0421\u0432\u043e\u0431\u043e\u0434\u043d\u043e \u043f\u0440\u0430\u043a\u0442\u0438\u043a\u0443\u044e\u0449\u0438\u0439 \u0443\u0441\u0442\u043d\u044b\u0439 \u0438 \u043f\u0438\u0441\u044c\u043c\u0435\u043d\u043d\u044b\u0439 \u043f\u0435\u0440\u0435\u0432\u043e\u0434\u0447\u0438\u043a \u0440\u0443\u0441\u0441\u043a\u043e\u0433\u043e \u044f\u0437\u044b\u043a\u0430 \u0432 \u0411\u0435\u0440\u043b\u0438\u043d\u0435&nbsp;<strong><u><br>\n<\/u><\/strong><\/h6>\n<\/td>\n<\/tr>\n<tr>\n<td width=\"95\">\n<h6>\u0441 2014&nbsp;\u0433.<\/h6>\n<\/td>\n<td width=\"541\">\n<h6>\u0427\u043b\u0435\u043d \u044d\u043a\u0437\u0430\u043c\u0435\u043d\u0430\u0446\u0438\u043e\u043d\u043d\u043e\u0439 \u043a\u043e\u043c\u0438\u0441\u0441\u0438\u0438 \u0413\u043e\u0441\u0443\u0434\u0430\u0440\u0441\u0442\u0432\u0435\u043d\u043d\u043e\u0433\u043e \u044d\u043a\u0437\u0430\u043c\u0435\u043d\u0430\u0446\u0438\u043e\u043d\u043d\u043e\u0433\u043e \u0432\u0435\u0434\u043e\u043c\u0441\u0442\u0432\u0430 \u0434\u043b\u044f \u043f\u0435\u0440\u0435\u0432\u043e\u0434\u0447\u0438\u043a\u043e\u0432 \u0432 \u0411\u0435\u0440\u043b\u0438\u043d\u0435&nbsp;<strong><u><br>\n<\/u><\/strong><\/h6>\n<\/td>\n<\/tr>\n<\/tbody>\n<\/table>\n<h2>\u041a\u0432\u0430\u043b\u0438\u0444\u0438\u043a\u0430\u0446\u0438\u044f<\/h2>\n<table width=\"636\">\n<tbody>\n<tr>\n<td width=\"95\">\n<h6>\u0441 2014&nbsp;\u0433.<\/h6>\n<\/td>\n<td width=\"541\">\n<h6>\u0421\u0435\u0440\u0442\u0438\u0444\u0438\u0446\u0438\u0440\u043e\u0432\u0430\u043d\u043d\u044b\u0439 \u043f\u0438\u0441\u044c\u043c\u0435\u043d\u043d\u044b\u0439 \u043f\u0435\u0440\u0435\u0432\u043e\u0434\u0447\u0438\u043a (\u0433\u043e\u0441\u0443\u0434\u0430\u0440\u0441\u0442\u0432\u0435\u043d\u043d\u044b\u0439 \u044d\u043a\u0437\u0430\u043c\u0435\u043d \u0434\u043b\u044f \u043f\u0438\u0441\u044c\u043c\u0435\u043d\u043d\u044b\u0445 \u043f\u0435\u0440\u0435\u0432\u043e\u0434\u0447\u0438\u043a\u043e\u0432 \u0432 \u0411\u0435\u0440\u043b\u0438\u043d\u0435)<\/h6>\n<\/td>\n<\/tr>\n<tr>\n<td width=\"95\">\n<h6>\u0441 2015&nbsp;\u0433.<\/h6>\n<\/td>\n<td width=\"541\">\n<h6>\u0421\u0435\u0440\u0442\u0438\u0444\u0438\u0446\u0438\u0440\u043e\u0432\u0430\u043d\u043d\u044b\u0439 \u0443\u0441\u0442\u043d\u044b\u0439 \u043f\u0435\u0440\u0435\u0432\u043e\u0434\u0447\u0438\u043a (\u0433\u043e\u0441\u0443\u0434\u0430\u0440\u0441\u0442\u0432\u0435\u043d\u043d\u044b\u0439 \u044d\u043a\u0437\u0430\u043c\u0435\u043d \u0434\u043b\u044f \u0443\u0441\u0442\u043d\u044b\u0445 \u043f\u0435\u0440\u0435\u0432\u043e\u0434\u0447\u0438\u043a\u043e\u0432 \u0432 \u041b\u0435\u0439\u043f\u0446\u0438\u0433\u0435)<\/h6>\n<\/td>\n<\/tr>\n<tr>\n<td width=\"95\">\n<h6>\u0441 2015&nbsp;\u0433.<\/h6>\n<\/td>\n<td width=\"541\">\n<h6>\u0423\u043f\u043e\u043b\u043d\u043e\u043c\u043e\u0447\u0435\u043d\u043d\u044b\u0439 \u043f\u0435\u0440\u0435\u0432\u043e\u0434\u0447\u0438\u043a \u0440\u0443\u0441\u0441\u043a\u043e\u0433\u043e \u044f\u0437\u044b\u043a\u0430 \u0434\u043b\u044f \u0441\u0443\u0434\u043e\u0432 \u0438 \u043d\u043e\u0442\u0430\u0440\u0438\u0443\u0441\u043e\u0432 \u0411\u0435\u0440\u043b\u0438\u043d\u0430<\/h6>\n<\/td>\n<\/tr>\n<\/tbody>\n<\/table>\n<table width=\"636\">\n<tbody>\n<tr>\n<td width=\"95\">\n<h6>\u0441 2018&nbsp;\u0433.<\/h6>\n<\/td>\n<td width=\"541\">\n<h6>\u041f\u0440\u0438\u0441\u044f\u0436\u043d\u044b\u0439 \u043f\u0435\u0440\u0435\u0432\u043e\u0434\u0447\u0438\u043a \u0440\u0443\u0441\u0441\u043a\u043e\u0433\u043e \u044f\u0437\u044b\u043a\u0430 \u0434\u043b\u044f \u0441\u0443\u0434\u043e\u0432 \u0438 \u043d\u043e\u0442\u0430\u0440\u0438\u0443\u0441\u043e\u0432 \u0411\u0435\u0440\u043b\u0438\u043d\u0430<\/h6>\n<\/td>\n<\/tr>\n<\/tbody>\n<\/table>\n<h2>\u0427\u043b\u0435\u043d\u0441\u0442\u0432\u043e \u0432 \u043f\u0440\u043e\u0444\u0435\u0441\u0441\u0438\u043e\u043d\u0430\u043b\u044c\u043d\u044b\u0445 \u043e\u0440\u0433\u0430\u043d\u0438\u0437\u0430\u0446\u0438\u044f\u0445<\/h2>\n<table width=\"636\">\n<tbody>\n<tr>\n<td width=\"95\">\n<h6>\u0441 2015&nbsp;\u0433.<\/h6>\n<\/td>\n<td width=\"541\">\n<h6>\u0427\u043b\u0435\u043d \u0424\u0435\u0434\u0435\u0440\u0430\u043b\u044c\u043d\u043e\u0433\u043e \u043f\u0440\u043e\u0444\u0435\u0441\u0441\u0438\u043e\u043d\u0430\u043b\u044c\u043d\u043e\u0433\u043e \u0441\u043e\u044e\u0437\u0430 \u0443\u0441\u0442\u043d\u044b\u0445 \u0438 \u043f\u0438\u0441\u044c\u043c\u0435\u043d\u043d\u044b\u0445 \u043f\u0435\u0440\u0435\u0432\u043e\u0434\u0447\u0438\u043a\u043e\u0432 (<a href=\"https:\/\/www.bdue.de\/der-bdue\/\"><span class=\"caps\">BD\u00dc<\/span><\/a>)<\/h6>\n<\/td>\n<\/tr>\n<\/tbody>\n<\/table>\n","protected":false},"excerpt":{"rendered":"<p>\u0412\u044b\u0441\u0448\u0435\u0435 \u043e\u0431\u0440\u0430\u0437\u043e\u0432\u0430\u043d\u0438\u0435 2002\u20132008 \u0433\u0433. \u041e\u043c\u0441\u043a\u0438\u0439 \u0433\u043e\u0441\u0443\u0434\u0430\u0440\u0441\u0442\u0432\u0435\u043d\u043d\u044b\u0439 \u0443\u043d\u0438\u0432\u0435\u0440\u0441\u0438\u0442\u0435\u0442 \u0438\u043c. \u0424.\u041c. \u0414\u043e\u0441\u0442\u043e\u0435\u0432\u0441\u043a\u043e\u0433\u043e, \u0441\u043f\u0435\u0446\u0438\u0430\u043b\u044c\u043d\u043e\u0441\u0442\u044c \u00ab\u041f\u0435\u0440\u0435\u0432\u043e\u0434 \u0438 \u043f\u0435\u0440\u0435\u0432\u043e\u0434\u043e\u0432\u0435\u0434\u0435\u043d\u0438\u0435\u00bb 2009\u20132011 \u0433\u0433. \u0415\u0432\u0440\u043e\u043f\u0435\u0439\u0441\u043a\u0438\u0439 \u0443\u043d\u0438\u0432\u0435\u0440\u0441\u0438\u0442\u0435\u0442 \u0412\u0438\u0430\u0434\u0440\u0438\u043d\u0430 \u0432\u043e \u0424\u0440\u0430\u043d\u043a\u0444\u0443\u0440\u0442\u0435-\u043d\u0430-\u041e\u0434\u0435\u0440\u0435, \u043c\u0430\u0433\u0438\u0441\u0442\u0440\u0430\u0442\u0443\u0440\u0430 \u043f\u043e \u0441\u043f\u0435\u0446\u0438\u0430\u043b\u044c\u043d\u043e\u0441\u0442\u0438 \u00ab\u041c\u0435\u0436\u043a\u0443\u043b\u044c\u0442\u0443\u0440\u043d\u0430\u044f \u043a\u043e\u043c\u043c\u0443\u043d\u0438\u043a\u0430\u0446\u0438\u044f\u00bb \u041f\u0440\u043e\u0444\u0435\u0441\u0441\u0438\u043e\u043d\u0430\u043b\u044c\u043d\u0430\u044f \u0434\u0435\u044f\u0442\u0435\u043b\u044c\u043d\u043e\u0441\u0442\u044c 2008\u20132009 \u0433\u0433. \u041f\u0435\u0440\u0435\u0432\u043e\u0434\u0447\u0438\u043a \u0432 \u0431\u044e\u0440\u043e \u043f\u0435\u0440\u0435\u0432\u043e\u0434\u043e\u0432 \u041e\u043c\u0441\u043a\u043e\u0439 \u0442\u043e\u0440\u0433\u043e\u0432\u043e-\u043f\u0440\u043e\u043c\u044b\u0448\u043b\u0435\u043d\u043d\u043e\u0439 \u043f\u0430\u043b\u0430\u0442\u044b&nbsp; \u0441 2012&nbsp;\u0433. \u0421\u0432\u043e\u0431\u043e\u0434\u043d\u043e \u043f\u0440\u0430\u043a\u0442\u0438\u043a\u0443\u044e\u0449\u0438\u0439 \u0443\u0441\u0442\u043d\u044b\u0439 \u0438 \u043f\u0438\u0441\u044c\u043c\u0435\u043d\u043d\u044b\u0439 \u043f\u0435\u0440\u0435\u0432\u043e\u0434\u0447\u0438\u043a \u0440\u0443\u0441\u0441\u043a\u043e\u0433\u043e \u044f\u0437\u044b\u043a\u0430 \u0432 \u0411\u0435\u0440\u043b\u0438\u043d\u0435&nbsp; \u0441 2014&nbsp;\u0433. \u0427\u043b\u0435\u043d \u044d\u043a\u0437\u0430\u043c\u0435\u043d\u0430\u0446\u0438\u043e\u043d\u043d\u043e\u0439 \u043a\u043e\u043c\u0438\u0441\u0441\u0438\u0438 \u0413\u043e\u0441\u0443\u0434\u0430\u0440\u0441\u0442\u0432\u0435\u043d\u043d\u043e\u0433\u043e \u2026 <a href=\"https:\/\/uebersetzer-deutsch-russisch.com\/ru\/profil\/\" class=\"readmore\">Con\u00adtin\u00adue read\u00ading <span class=\"screen-reader-text\">\u041e\u0431\u043e \u043c\u043d\u0435<\/span> \u2192<\/a><\/p>\n","protected":false},"author":1,"featured_media":0,"parent":0,"menu_order":0,"comment_status":"closed","ping_status":"closed","template":"template-fullwidth.php","meta":{"wp_typography_post_enhancements_disabled":false,"footnotes":""},"class_list":["post-12","page","type-page","status-publish","hentry"],"translation":{"provider":"WPGlobus","version":"3.0.2","language":"ru","enabled_languages":["de","ru"],"languages":{"de":{"title":true,"content":true,"excerpt":false},"ru":{"title":true,"content":true,"excerpt":false}}},"yoast_head":"<!-- This site is optimized with the Yoast SEO plugin v27.5 - https:\/\/yoast.com\/product\/yoast-seo-wordpress\/ -->\n<title>\u00dcber mich - Galina Widrich, Dolmetscherin und \u00dcbersetzerin<\/title>\n<meta name=\"description\" content=\"\u041f\u0440\u043e\u0444\u0438\u043b\u044c: \u0413\u0430\u043b\u0438\u043d\u0430 \u0412\u0438\u0434\u0440\u0438\u0445 - \u041f\u0440\u0438\u0441\u044f\u0436\u043d\u044b\u0439 \u0438 \u0443\u043f\u043e\u043b\u043d\u043e\u043c\u043e\u0447\u0435\u043d\u043d\u044b\u0439 \u043f\u0435\u0440\u0435\u0432\u043e\u0434\u0447\u0438\u043a \u0432 \u0411\u0435\u0440\u043b\u0438\u043d\u0435. \u0417\u0430\u0432\u0435\u0440\u0435\u043d\u043d\u044b\u0435 \u043f\u0435\u0440\u0435\u0432\u043e\u0434\u044b \u0432\u0441\u0435\u0445 \u0432\u0438\u0434\u043e\u0432 (\u0440\u0443\u0441\u0441\u043a\u0438\u0439 - \u043d\u0435\u043c\u0435\u0446\u043a\u0438\u0439 \u0438 \u043d\u0435\u043c\u0435\u0446\u043a\u0438\u0439 - \u0440\u0443\u0441\u0441\u043a\u0438\u0439)\" \/>\n<meta name=\"robots\" content=\"index, follow, max-snippet:-1, max-video-preview:-1, noimageindex\" \/>\n<link rel=\"canonical\" href=\"https:\/\/uebersetzer-deutsch-russisch.com\/profil\/\" \/>\n<meta property=\"og:locale\" content=\"ru_RU\" \/>\n<meta property=\"og:type\" content=\"article\" \/>\n<meta property=\"og:title\" content=\"\u041e\u0431\u043e \u043c\u043d\u0435 - Galina Widrich - Dolmetscherin und \u00dcbersetzerin f\u00fcr Russisch\" \/>\n<meta property=\"og:description\" content=\"\u041f\u0440\u043e\u0444\u0438\u043b\u044c: \u0413\u0430\u043b\u0438\u043d\u0430 \u0412\u0438\u0434\u0440\u0438\u0445 - \u041f\u0440\u0438\u0441\u044f\u0436\u043d\u044b\u0439 \u0438 \u0443\u043f\u043e\u043b\u043d\u043e\u043c\u043e\u0447\u0435\u043d\u043d\u044b\u0439 \u043f\u0435\u0440\u0435\u0432\u043e\u0434\u0447\u0438\u043a \u0432 \u0411\u0435\u0440\u043b\u0438\u043d\u0435. \u0417\u0430\u0432\u0435\u0440\u0435\u043d\u043d\u044b\u0435 \u043f\u0435\u0440\u0435\u0432\u043e\u0434\u044b \u0432\u0441\u0435\u0445 \u0432\u0438\u0434\u043e\u0432 (\u0440\u0443\u0441\u0441\u043a\u0438\u0439 - \u043d\u0435\u043c\u0435\u0446\u043a\u0438\u0439 \u0438 \u043d\u0435\u043c\u0435\u0446\u043a\u0438\u0439 - \u0440\u0443\u0441\u0441\u043a\u0438\u0439)\" \/>\n<meta property=\"og:url\" content=\"https:\/\/uebersetzer-deutsch-russisch.com\/profil\/\" \/>\n<meta property=\"og:site_name\" content=\"Galina Widrich - Dolmetscherin und \u00dcbersetzerin f\u00fcr Russisch\" \/>\n<meta property=\"article:modified_time\" content=\"2025-10-22T08:57:48+00:00\" \/>\n<meta name=\"twitter:card\" content=\"summary_large_image\" \/>\n<meta name=\"twitter:label1\" content=\"\u041f\u0440\u0438\u043c\u0435\u0440\u043d\u043e\u0435 \u0432\u0440\u0435\u043c\u044f \u0434\u043b\u044f \u0447\u0442\u0435\u043d\u0438\u044f\" \/>\n\t<meta name=\"twitter:data1\" content=\"1 \u043c\u0438\u043d\u0443\u0442\u0430\" \/>\n<script type=\"application\/ld+json\" class=\"yoast-schema-graph\">{\"@context\":\"https:\\\/\\\/schema.org\",\"@graph\":[{\"@type\":\"WebPage\",\"@id\":\"https:\\\/\\\/uebersetzer-deutsch-russisch.com\\\/profil\\\/\",\"url\":\"https:\\\/\\\/uebersetzer-deutsch-russisch.com\\\/profil\\\/\",\"name\":\"\u00dcber mich - Galina Widrich, Dolmetscherin und \u00dcbersetzerin\",\"isPartOf\":{\"@id\":\"https:\\\/\\\/uebersetzer-deutsch-russisch.com\\\/#website\"},\"datePublished\":\"2016-05-13T07:28:52+00:00\",\"dateModified\":\"2025-10-22T08:57:48+00:00\",\"description\":\"Profil - Galina Widrich - Beeidgte Dolmetscherin und erm\u00e4chtigte \u00dcbersetzerin f\u00fcr Russisch in Berlin. Beglaubite \\\/ Fach\u00fcbersetzungen.\",\"breadcrumb\":{\"@id\":\"https:\\\/\\\/uebersetzer-deutsch-russisch.com\\\/profil\\\/#breadcrumb\"},\"inLanguage\":\"ru-RU\",\"potentialAction\":[{\"@type\":\"ReadAction\",\"target\":[\"https:\\\/\\\/uebersetzer-deutsch-russisch.com\\\/profil\\\/\"]}]},{\"@type\":\"BreadcrumbList\",\"@id\":\"https:\\\/\\\/uebersetzer-deutsch-russisch.com\\\/profil\\\/#breadcrumb\",\"itemListElement\":[{\"@type\":\"ListItem\",\"position\":1,\"name\":\"Startseite\",\"item\":\"https:\\\/\\\/uebersetzer-deutsch-russisch.com\\\/\"},{\"@type\":\"ListItem\",\"position\":2,\"name\":\"\u00dcber mich\"}]},{\"@type\":\"WebSite\",\"@id\":\"https:\\\/\\\/uebersetzer-deutsch-russisch.com\\\/#website\",\"url\":\"https:\\\/\\\/uebersetzer-deutsch-russisch.com\\\/\",\"name\":\"Galina Widrich - Dolmetscherin und \u00dcbersetzerin f\u00fcr Russisch\",\"description\":\"Dolmetscherin &amp; \u00dcbersetzerin f\u00fcr Russisch\",\"potentialAction\":[{\"@type\":\"SearchAction\",\"target\":{\"@type\":\"EntryPoint\",\"urlTemplate\":\"https:\\\/\\\/uebersetzer-deutsch-russisch.com\\\/?s={search_term_string}\"},\"query-input\":{\"@type\":\"PropertyValueSpecification\",\"valueRequired\":true,\"valueName\":\"search_term_string\"}}],\"inLanguage\":\"ru-RU\"}]}<\/script>\n<!-- \/ Yoast SEO plugin. -->","yoast_head_json":{"title":"\u00dcber mich - Galina Widrich, Dolmetscherin und \u00dcbersetzerin","description":"\u041f\u0440\u043e\u0444\u0438\u043b\u044c: \u0413\u0430\u043b\u0438\u043d\u0430 \u0412\u0438\u0434\u0440\u0438\u0445 - \u041f\u0440\u0438\u0441\u044f\u0436\u043d\u044b\u0439 \u0438 \u0443\u043f\u043e\u043b\u043d\u043e\u043c\u043e\u0447\u0435\u043d\u043d\u044b\u0439 \u043f\u0435\u0440\u0435\u0432\u043e\u0434\u0447\u0438\u043a \u0432 \u0411\u0435\u0440\u043b\u0438\u043d\u0435. \u0417\u0430\u0432\u0435\u0440\u0435\u043d\u043d\u044b\u0435 \u043f\u0435\u0440\u0435\u0432\u043e\u0434\u044b \u0432\u0441\u0435\u0445 \u0432\u0438\u0434\u043e\u0432 (\u0440\u0443\u0441\u0441\u043a\u0438\u0439 - \u043d\u0435\u043c\u0435\u0446\u043a\u0438\u0439 \u0438 \u043d\u0435\u043c\u0435\u0446\u043a\u0438\u0439 - \u0440\u0443\u0441\u0441\u043a\u0438\u0439)","robots":{"index":"index","follow":"follow","max-snippet":"max-snippet:-1","max-video-preview":"max-video-preview:-1","imageindex":"noimageindex"},"canonical":"https:\/\/uebersetzer-deutsch-russisch.com\/profil\/","og_locale":"ru_RU","og_type":"article","og_title":"\u041e\u0431\u043e \u043c\u043d\u0435 - Galina Widrich - Dolmetscherin und \u00dcbersetzerin f\u00fcr Russisch","og_description":"\u041f\u0440\u043e\u0444\u0438\u043b\u044c: \u0413\u0430\u043b\u0438\u043d\u0430 \u0412\u0438\u0434\u0440\u0438\u0445 - \u041f\u0440\u0438\u0441\u044f\u0436\u043d\u044b\u0439 \u0438 \u0443\u043f\u043e\u043b\u043d\u043e\u043c\u043e\u0447\u0435\u043d\u043d\u044b\u0439 \u043f\u0435\u0440\u0435\u0432\u043e\u0434\u0447\u0438\u043a \u0432 \u0411\u0435\u0440\u043b\u0438\u043d\u0435. \u0417\u0430\u0432\u0435\u0440\u0435\u043d\u043d\u044b\u0435 \u043f\u0435\u0440\u0435\u0432\u043e\u0434\u044b \u0432\u0441\u0435\u0445 \u0432\u0438\u0434\u043e\u0432 (\u0440\u0443\u0441\u0441\u043a\u0438\u0439 - \u043d\u0435\u043c\u0435\u0446\u043a\u0438\u0439 \u0438 \u043d\u0435\u043c\u0435\u0446\u043a\u0438\u0439 - \u0440\u0443\u0441\u0441\u043a\u0438\u0439)","og_url":"https:\/\/uebersetzer-deutsch-russisch.com\/profil\/","og_site_name":"Galina Widrich - Dolmetscherin und \u00dcbersetzerin f\u00fcr Russisch","article_modified_time":"2025-10-22T08:57:48+00:00","twitter_card":"summary_large_image","twitter_misc":{"\u041f\u0440\u0438\u043c\u0435\u0440\u043d\u043e\u0435 \u0432\u0440\u0435\u043c\u044f \u0434\u043b\u044f \u0447\u0442\u0435\u043d\u0438\u044f":"1 \u043c\u0438\u043d\u0443\u0442\u0430"},"schema":{"@context":"https:\/\/schema.org","@graph":[{"@type":"WebPage","@id":"https:\/\/uebersetzer-deutsch-russisch.com\/profil\/","url":"https:\/\/uebersetzer-deutsch-russisch.com\/profil\/","name":"\u00dcber mich - Galina Widrich, Dolmetscherin und \u00dcbersetzerin","isPartOf":{"@id":"https:\/\/uebersetzer-deutsch-russisch.com\/#website"},"datePublished":"2016-05-13T07:28:52+00:00","dateModified":"2025-10-22T08:57:48+00:00","description":"Profil - Galina Widrich - Beeidgte Dolmetscherin und erm\u00e4chtigte \u00dcbersetzerin f\u00fcr Russisch in Berlin. Beglaubite \/ Fach\u00fcbersetzungen.","breadcrumb":{"@id":"https:\/\/uebersetzer-deutsch-russisch.com\/profil\/#breadcrumb"},"inLanguage":"ru-RU","potentialAction":[{"@type":"ReadAction","target":["https:\/\/uebersetzer-deutsch-russisch.com\/profil\/"]}]},{"@type":"BreadcrumbList","@id":"https:\/\/uebersetzer-deutsch-russisch.com\/profil\/#breadcrumb","itemListElement":[{"@type":"ListItem","position":1,"name":"Startseite","item":"https:\/\/uebersetzer-deutsch-russisch.com\/"},{"@type":"ListItem","position":2,"name":"\u00dcber mich"}]},{"@type":"WebSite","@id":"https:\/\/uebersetzer-deutsch-russisch.com\/#website","url":"https:\/\/uebersetzer-deutsch-russisch.com\/","name":"Galina Widrich - Dolmetscherin und \u00dcbersetzerin f\u00fcr Russisch","description":"Dolmetscherin &amp; \u00dcbersetzerin f\u00fcr Russisch","potentialAction":[{"@type":"SearchAction","target":{"@type":"EntryPoint","urlTemplate":"https:\/\/uebersetzer-deutsch-russisch.com\/?s={search_term_string}"},"query-input":{"@type":"PropertyValueSpecification","valueRequired":true,"valueName":"search_term_string"}}],"inLanguage":"ru-RU"}]}},"_links":{"self":[{"href":"https:\/\/uebersetzer-deutsch-russisch.com\/ru\/wp-json\/wp\/v2\/pages\/12","targetHints":{"allow":["GET"]}}],"collection":[{"href":"https:\/\/uebersetzer-deutsch-russisch.com\/ru\/wp-json\/wp\/v2\/pages"}],"about":[{"href":"https:\/\/uebersetzer-deutsch-russisch.com\/ru\/wp-json\/wp\/v2\/types\/page"}],"author":[{"embeddable":true,"href":"https:\/\/uebersetzer-deutsch-russisch.com\/ru\/wp-json\/wp\/v2\/users\/1"}],"replies":[{"embeddable":true,"href":"https:\/\/uebersetzer-deutsch-russisch.com\/ru\/wp-json\/wp\/v2\/comments?post=12"}],"version-history":[{"count":18,"href":"https:\/\/uebersetzer-deutsch-russisch.com\/ru\/wp-json\/wp\/v2\/pages\/12\/revisions"}],"predecessor-version":[{"id":322,"href":"https:\/\/uebersetzer-deutsch-russisch.com\/ru\/wp-json\/wp\/v2\/pages\/12\/revisions\/322"}],"wp:attachment":[{"href":"https:\/\/uebersetzer-deutsch-russisch.com\/ru\/wp-json\/wp\/v2\/media?parent=12"}],"curies":[{"name":"wp","href":"https:\/\/api.w.org\/{rel}","templated":true}]}}