{"id":14,"date":"2016-05-13T09:29:09","date_gmt":"2016-05-13T07:29:09","guid":{"rendered":"http:\/\/uebersetzer-deutsch-russisch.com\/?page_id=14"},"modified":"2021-08-20T11:26:00","modified_gmt":"2021-08-20T09:26:00","slug":"impressum","status":"publish","type":"page","link":"https:\/\/uebersetzer-deutsch-russisch.com\/ru\/impressum\/","title":{"rendered":"\u0412\u044b\u0445\u043e\u0434\u043d\u044b\u0435 \u0434\u0430\u043d\u043d\u044b\u0435"},"content":{"rendered":"<h6><strong>\u0413\u0430\u043b\u0438\u043d\u0430 \u0412\u0438\u0434\u0440\u0438\u0445<br>\n<\/strong><\/h6>\n<h6>\u0413\u0440\u044e\u043d\u0431\u0435\u0440\u0433\u0435\u0440 \u0428\u0442\u0440\u0430\u0441\u0441\u0435 15<br>\n10243 \u0411\u0435\u0440\u043b\u0438\u043d<\/h6>\n<h6><strong>\u0422\u0435\u043b\u0435\u0444\u043e\u043d:<\/strong><\/h6>\n<h6>\u0422\u0435\u043b.: &nbsp;030 956 211&nbsp;87<br>\n\u0424\u0430\u043a\u0441:&nbsp; 030 956 211&nbsp;89<br>\n\u041c\u043e\u0431\u0438\u043b\u044c\u043d\u044b\u0439: +49 163 461&nbsp;5102<\/h6>\n<h6><strong>E\u2011Mail:<\/strong><\/h6>\n<h6>galinawidrich[at]gmail.com<\/h6>\n<h6><strong>\u0418\u043d\u0442\u0435\u0440\u043d\u0435\u0442:<\/strong><\/h6>\n<h6>uebersetzer-deutsch-russisch.com<\/h6>\n","protected":false},"excerpt":{"rendered":"<p>\u0413\u0430\u043b\u0438\u043d\u0430 \u0412\u0438\u0434\u0440\u0438\u0445 \u0413\u0440\u044e\u043d\u0431\u0435\u0440\u0433\u0435\u0440 \u0428\u0442\u0440\u0430\u0441\u0441\u0435 15 10243 \u0411\u0435\u0440\u043b\u0438\u043d \u0422\u0435\u043b\u0435\u0444\u043e\u043d: \u0422\u0435\u043b.: &nbsp;030 956 211&nbsp;87 \u0424\u0430\u043a\u0441:&nbsp; 030 956 211&nbsp;89 \u041c\u043e\u0431\u0438\u043b\u044c\u043d\u044b\u0439: +49 163 461&nbsp;5102 E\u2011Mail: galinawidrich[at]gmail.com \u0418\u043d\u0442\u0435\u0440\u043d\u0435\u0442: uebersetzer-deutsch-russisch.com<\/p>\n","protected":false},"author":1,"featured_media":0,"parent":0,"menu_order":0,"comment_status":"closed","ping_status":"closed","template":"template-fullwidth.php","meta":{"wp_typography_post_enhancements_disabled":false,"footnotes":""},"class_list":["post-14","page","type-page","status-publish","hentry"],"translation":{"provider":"WPGlobus","version":"3.0.2","language":"ru","enabled_languages":["de","ru"],"languages":{"de":{"title":true,"content":true,"excerpt":false},"ru":{"title":true,"content":true,"excerpt":false}}},"yoast_head":"<!-- This site is optimized with the Yoast SEO plugin v27.5 - https:\/\/yoast.com\/product\/yoast-seo-wordpress\/ -->\n<title>\u0412\u044b\u0445\u043e\u0434\u043d\u044b\u0435 \u0434\u0430\u043d\u043d\u044b\u0435  - Galina Widrich - Dolmetscherin und \u00dcbersetzerin f\u00fcr Russisch %<\/title>\n<meta name=\"robots\" content=\"index, follow, max-snippet:-1, max-image-preview:large, max-video-preview:-1\" \/>\n<link rel=\"canonical\" href=\"https:\/\/uebersetzer-deutsch-russisch.com\/impressum\/\" \/>\n<meta property=\"og:locale\" content=\"ru_RU\" \/>\n<meta property=\"og:type\" content=\"article\" \/>\n<meta property=\"og:title\" content=\"\u0412\u044b\u0445\u043e\u0434\u043d\u044b\u0435 \u0434\u0430\u043d\u043d\u044b\u0435  - Galina Widrich - Dolmetscherin und \u00dcbersetzerin f\u00fcr Russisch\" \/>\n<meta property=\"og:url\" content=\"https:\/\/uebersetzer-deutsch-russisch.com\/impressum\/\" \/>\n<meta property=\"og:site_name\" content=\"Galina Widrich - Dolmetscherin und \u00dcbersetzerin f\u00fcr Russisch\" \/>\n<meta property=\"article:modified_time\" content=\"2021-08-20T09:26:00+00:00\" \/>\n<meta name=\"twitter:card\" content=\"summary_large_image\" \/>\n<meta name=\"twitter:label1\" content=\"\u041f\u0440\u0438\u043c\u0435\u0440\u043d\u043e\u0435 \u0432\u0440\u0435\u043c\u044f \u0434\u043b\u044f \u0447\u0442\u0435\u043d\u0438\u044f\" \/>\n\t<meta name=\"twitter:data1\" content=\"1 \u043c\u0438\u043d\u0443\u0442\u0430\" \/>\n<script type=\"application\/ld+json\" class=\"yoast-schema-graph\">{\"@context\":\"https:\\\/\\\/schema.org\",\"@graph\":[{\"@type\":\"WebPage\",\"@id\":\"https:\\\/\\\/uebersetzer-deutsch-russisch.com\\\/impressum\\\/\",\"url\":\"https:\\\/\\\/uebersetzer-deutsch-russisch.com\\\/impressum\\\/\",\"name\":\"\u0412\u044b\u0445\u043e\u0434\u043d\u044b\u0435 \u0434\u0430\u043d\u043d\u044b\u0435 - Galina Widrich - Dolmetscherin und \u00dcbersetzerin f\u00fcr Russisch %\",\"isPartOf\":{\"@id\":\"https:\\\/\\\/uebersetzer-deutsch-russisch.com\\\/#website\"},\"datePublished\":\"2016-05-13T07:29:09+00:00\",\"dateModified\":\"2021-08-20T09:26:00+00:00\",\"description\":\"Galina Widrich - Dolmetscherin und \u00dcbersetzerin f\u00fcr Russisch in Berlin Impressum der Internetseite www.uebersetzer-deutsch-russisch.com\",\"breadcrumb\":{\"@id\":\"https:\\\/\\\/uebersetzer-deutsch-russisch.com\\\/impressum\\\/#breadcrumb\"},\"inLanguage\":\"ru-RU\",\"potentialAction\":[{\"@type\":\"ReadAction\",\"target\":[\"https:\\\/\\\/uebersetzer-deutsch-russisch.com\\\/impressum\\\/\"]}]},{\"@type\":\"BreadcrumbList\",\"@id\":\"https:\\\/\\\/uebersetzer-deutsch-russisch.com\\\/impressum\\\/#breadcrumb\",\"itemListElement\":[{\"@type\":\"ListItem\",\"position\":1,\"name\":\"Startseite\",\"item\":\"https:\\\/\\\/uebersetzer-deutsch-russisch.com\\\/\"},{\"@type\":\"ListItem\",\"position\":2,\"name\":\"Impressum\"}]},{\"@type\":\"WebSite\",\"@id\":\"https:\\\/\\\/uebersetzer-deutsch-russisch.com\\\/#website\",\"url\":\"https:\\\/\\\/uebersetzer-deutsch-russisch.com\\\/\",\"name\":\"Galina Widrich - Dolmetscherin und \u00dcbersetzerin f\u00fcr Russisch\",\"description\":\"Dolmetscherin &amp; \u00dcbersetzerin f\u00fcr Russisch\",\"potentialAction\":[{\"@type\":\"SearchAction\",\"target\":{\"@type\":\"EntryPoint\",\"urlTemplate\":\"https:\\\/\\\/uebersetzer-deutsch-russisch.com\\\/?s={search_term_string}\"},\"query-input\":{\"@type\":\"PropertyValueSpecification\",\"valueRequired\":true,\"valueName\":\"search_term_string\"}}],\"inLanguage\":\"ru-RU\"}]}<\/script>\n<!-- \/ Yoast SEO plugin. -->","yoast_head_json":{"title":"\u0412\u044b\u0445\u043e\u0434\u043d\u044b\u0435 \u0434\u0430\u043d\u043d\u044b\u0435  - Galina Widrich - Dolmetscherin und \u00dcbersetzerin f\u00fcr Russisch %","robots":{"index":"index","follow":"follow","max-snippet":"max-snippet:-1","max-image-preview":"max-image-preview:large","max-video-preview":"max-video-preview:-1"},"canonical":"https:\/\/uebersetzer-deutsch-russisch.com\/impressum\/","og_locale":"ru_RU","og_type":"article","og_title":"\u0412\u044b\u0445\u043e\u0434\u043d\u044b\u0435 \u0434\u0430\u043d\u043d\u044b\u0435  - Galina Widrich - Dolmetscherin und \u00dcbersetzerin f\u00fcr Russisch","og_url":"https:\/\/uebersetzer-deutsch-russisch.com\/impressum\/","og_site_name":"Galina Widrich - Dolmetscherin und \u00dcbersetzerin f\u00fcr Russisch","article_modified_time":"2021-08-20T09:26:00+00:00","twitter_card":"summary_large_image","twitter_misc":{"\u041f\u0440\u0438\u043c\u0435\u0440\u043d\u043e\u0435 \u0432\u0440\u0435\u043c\u044f \u0434\u043b\u044f \u0447\u0442\u0435\u043d\u0438\u044f":"1 \u043c\u0438\u043d\u0443\u0442\u0430"},"schema":{"@context":"https:\/\/schema.org","@graph":[{"@type":"WebPage","@id":"https:\/\/uebersetzer-deutsch-russisch.com\/impressum\/","url":"https:\/\/uebersetzer-deutsch-russisch.com\/impressum\/","name":"\u0412\u044b\u0445\u043e\u0434\u043d\u044b\u0435 \u0434\u0430\u043d\u043d\u044b\u0435 - Galina Widrich - Dolmetscherin und \u00dcbersetzerin f\u00fcr Russisch %","isPartOf":{"@id":"https:\/\/uebersetzer-deutsch-russisch.com\/#website"},"datePublished":"2016-05-13T07:29:09+00:00","dateModified":"2021-08-20T09:26:00+00:00","description":"Galina Widrich - Dolmetscherin und \u00dcbersetzerin f\u00fcr Russisch in Berlin Impressum der Internetseite www.uebersetzer-deutsch-russisch.com","breadcrumb":{"@id":"https:\/\/uebersetzer-deutsch-russisch.com\/impressum\/#breadcrumb"},"inLanguage":"ru-RU","potentialAction":[{"@type":"ReadAction","target":["https:\/\/uebersetzer-deutsch-russisch.com\/impressum\/"]}]},{"@type":"BreadcrumbList","@id":"https:\/\/uebersetzer-deutsch-russisch.com\/impressum\/#breadcrumb","itemListElement":[{"@type":"ListItem","position":1,"name":"Startseite","item":"https:\/\/uebersetzer-deutsch-russisch.com\/"},{"@type":"ListItem","position":2,"name":"Impressum"}]},{"@type":"WebSite","@id":"https:\/\/uebersetzer-deutsch-russisch.com\/#website","url":"https:\/\/uebersetzer-deutsch-russisch.com\/","name":"Galina Widrich - Dolmetscherin und \u00dcbersetzerin f\u00fcr Russisch","description":"Dolmetscherin &amp; \u00dcbersetzerin f\u00fcr Russisch","potentialAction":[{"@type":"SearchAction","target":{"@type":"EntryPoint","urlTemplate":"https:\/\/uebersetzer-deutsch-russisch.com\/?s={search_term_string}"},"query-input":{"@type":"PropertyValueSpecification","valueRequired":true,"valueName":"search_term_string"}}],"inLanguage":"ru-RU"}]}},"_links":{"self":[{"href":"https:\/\/uebersetzer-deutsch-russisch.com\/ru\/wp-json\/wp\/v2\/pages\/14","targetHints":{"allow":["GET"]}}],"collection":[{"href":"https:\/\/uebersetzer-deutsch-russisch.com\/ru\/wp-json\/wp\/v2\/pages"}],"about":[{"href":"https:\/\/uebersetzer-deutsch-russisch.com\/ru\/wp-json\/wp\/v2\/types\/page"}],"author":[{"embeddable":true,"href":"https:\/\/uebersetzer-deutsch-russisch.com\/ru\/wp-json\/wp\/v2\/users\/1"}],"replies":[{"embeddable":true,"href":"https:\/\/uebersetzer-deutsch-russisch.com\/ru\/wp-json\/wp\/v2\/comments?post=14"}],"version-history":[{"count":13,"href":"https:\/\/uebersetzer-deutsch-russisch.com\/ru\/wp-json\/wp\/v2\/pages\/14\/revisions"}],"predecessor-version":[{"id":331,"href":"https:\/\/uebersetzer-deutsch-russisch.com\/ru\/wp-json\/wp\/v2\/pages\/14\/revisions\/331"}],"wp:attachment":[{"href":"https:\/\/uebersetzer-deutsch-russisch.com\/ru\/wp-json\/wp\/v2\/media?parent=14"}],"curies":[{"name":"wp","href":"https:\/\/api.w.org\/{rel}","templated":true}]}}