{"id":175,"date":"2017-02-27T16:22:02","date_gmt":"2017-02-27T15:22:02","guid":{"rendered":"http:\/\/uebersetzer-deutsch-russisch.com\/?page_id=175"},"modified":"2025-10-22T10:51:41","modified_gmt":"2025-10-22T08:51:41","slug":"medizinische-fachuebersetzungen","status":"publish","type":"page","link":"https:\/\/uebersetzer-deutsch-russisch.com\/ru\/uebersetzungen\/medizinische-fachuebersetzungen\/","title":{"rendered":"\u041c\u0435\u0434\u0438\u0446\u0438\u043d\u0441\u043a\u0438\u0435 \u043f\u0435\u0440\u0435\u0432\u043e\u0434\u044b"},"content":{"rendered":"<p><img loading=\"lazy\" decoding=\"async\" class=\"size-full wp-image-204\" src=\"https:\/\/uebersetzer-deutsch-russisch.com\/wp-content\/uploads\/\u041f\u0440\u043e\u0444\u0435\u0441\u0441\u0438\u043e\u043d\u0430\u043b\u044c\u043d\u044b\u0435-\u043c\u0435\u0434\u0438\u0446\u0438\u043d\u0441\u043a\u0438\u0435-\u043f\u0435\u0440\u0435\u0432\u043e\u0434\u044b-\u0432-\u0411\u0435\u0440\u043b\u0438\u043d\u0435.jpg\" alt=\"\u0413\u0430\u043b\u0438\u043d\u0430 \u0412\u0438\u0434\u0440\u0438\u0445 - \u043c\u0435\u0434\u0438\u0446\u0438\u043d\u0441\u043a\u0438\u0435 \u043f\u0435\u0440\u0435\u0432\u043e\u0434\u044b \u043d\u0435\u043c\u0435\u0446\u043a\u0438\u0439-\u0440\u0443\u0441\u0441\u043a\u0438\u0439\" width=\"1920\" height=\"884\" srcset=\"https:\/\/uebersetzer-deutsch-russisch.com\/wp-content\/uploads\/\u041f\u0440\u043e\u0444\u0435\u0441\u0441\u0438\u043e\u043d\u0430\u043b\u044c\u043d\u044b\u0435-\u043c\u0435\u0434\u0438\u0446\u0438\u043d\u0441\u043a\u0438\u0435-\u043f\u0435\u0440\u0435\u0432\u043e\u0434\u044b-\u0432-\u0411\u0435\u0440\u043b\u0438\u043d\u0435.jpg 1920w, https:\/\/uebersetzer-deutsch-russisch.com\/wp-content\/uploads\/\u041f\u0440\u043e\u0444\u0435\u0441\u0441\u0438\u043e\u043d\u0430\u043b\u044c\u043d\u044b\u0435-\u043c\u0435\u0434\u0438\u0446\u0438\u043d\u0441\u043a\u0438\u0435-\u043f\u0435\u0440\u0435\u0432\u043e\u0434\u044b-\u0432-\u0411\u0435\u0440\u043b\u0438\u043d\u0435-300x138.jpg 300w, https:\/\/uebersetzer-deutsch-russisch.com\/wp-content\/uploads\/\u041f\u0440\u043e\u0444\u0435\u0441\u0441\u0438\u043e\u043d\u0430\u043b\u044c\u043d\u044b\u0435-\u043c\u0435\u0434\u0438\u0446\u0438\u043d\u0441\u043a\u0438\u0435-\u043f\u0435\u0440\u0435\u0432\u043e\u0434\u044b-\u0432-\u0411\u0435\u0440\u043b\u0438\u043d\u0435-1024x471.jpg 1024w\" sizes=\"auto, (max-width: 1920px) 100vw, 1920px\"><\/p>\n<h6>\u0421\u0444\u0435\u0440\u0443 \u043c\u0435\u0434\u0438\u0446\u0438\u043d\u044b \u0432 \u043f\u0435\u0440\u0435\u0432\u043e\u0434\u0447\u0435\u0441\u043a\u043e\u0439 \u0434\u0435\u044f\u0442\u0435\u043b\u044c\u043d\u043e\u0441\u0442\u0438 \u043c\u043e\u0436\u043d\u043e \u0441 \u0443\u0432\u0435\u0440\u0435\u043d\u043d\u043e\u0441\u0442\u044c\u044e \u043e\u0442\u043d\u0435\u0441\u0442\u0438 \u043a \u0441\u0430\u043c\u044b\u043c \u0441\u043b\u043e\u0436\u043d\u044b\u043c \u0438 \u0441\u0430\u043c\u044b\u043c \u043e\u0442\u0432\u0435\u0442\u0441\u0442\u0432\u0435\u043d\u043d\u044b\u043c. \u0412 \u0442\u043e \u0432\u0440\u0435\u043c\u044f \u043a\u0430\u043a \u043d\u0435\u0432\u0435\u0440\u043d\u043e \u043f\u0435\u0440\u0435\u0432\u0435\u0434\u0451\u043d\u043d\u044b\u0439 \u0442\u0435\u043a\u0441\u0442 \u0438\u0437 \u0434\u0440\u0443\u0433\u043e\u0439 \u043e\u0431\u043b\u0430\u0441\u0442\u0438 \u043c\u043e\u0436\u0435\u0442 \u043f\u043e\u0432\u043b\u0435\u0447\u044c \u0437\u0430 \u0441\u043e\u0431\u043e\u0439 \u00ab\u0442\u043e\u043b\u044c\u043a\u043e\u00bb \u0444\u0438\u043d\u0430\u043d\u0441\u043e\u0432\u044b\u0435 \u043f\u043e\u0442\u0435\u0440\u0438, \u043d\u0435\u043f\u0440\u043e\u0444\u0435\u0441\u0441\u0438\u043e\u043d\u0430\u043b\u044c\u043d\u044b\u0439 \u0438\u043b\u0438 \u043f\u0440\u043e\u0441\u0442\u043e \u043d\u0435\u0442\u043e\u0447\u043d\u044b\u0439 \u043c\u0435\u0434\u0438\u0446\u0438\u043d\u0441\u043a\u0438\u0439 \u043f\u0435\u0440\u0435\u0432\u043e\u0434 \u043c\u043e\u0436\u0435\u0442 \u0441\u0442\u0430\u0442\u044c \u043f\u0440\u0438\u0447\u0438\u043d\u043e\u0439 \u0441\u0435\u0440\u044c\u0451\u0437\u043d\u044b\u0445 \u043e\u0441\u043b\u043e\u0436\u043d\u0435\u043d\u0438\u0439 \u0438 \u043f\u0440\u0438\u0432\u0435\u0441\u0442\u0438 \u043a \u0444\u0430\u0442\u0430\u043b\u044c\u043d\u044b\u043c \u043f\u043e\u0441\u043b\u0435\u0434\u0441\u0442\u0432\u0438\u044f\u043c \u0434\u043b\u044f \u0437\u0434\u043e\u0440\u043e\u0432\u044c\u044f.<\/h6>\n<h6>\u041f\u043e\u044d\u0442\u043e\u043c\u0443 \u044f \u0440\u0435\u043a\u043e\u043c\u0435\u043d\u0434\u0443\u044e \u0432\u0430\u043c \u043f\u043e\u0434\u0445\u043e\u0434\u0438\u0442\u044c \u043a \u0432\u044b\u0431\u043e\u0440\u0443 \u043f\u0435\u0440\u0435\u0432\u043e\u0434\u0447\u0438\u043a\u0430 \u0434\u043b\u044f \u0432\u0430\u0448\u0435\u0439 \u043c\u0435\u0434\u0438\u0446\u0438\u043d\u0441\u043a\u043e\u0439 \u0434\u043e\u043a\u0443\u043c\u0435\u043d\u0442\u0430\u0446\u0438\u0438 \u0441 \u043e\u0441\u043e\u0431\u043e\u0439 \u0442\u0449\u0430\u0442\u0435\u043b\u044c\u043d\u043e\u0441\u0442\u044c\u044e \u2013 \u0442\u043e\u0447\u043d\u043e \u0442\u0430\u043a \u0436\u0435, \u043a\u0430\u043a \u0438 \u043a \u043b\u044e\u0431\u043e\u043c\u0443 \u0434\u0440\u0443\u0433\u043e\u043c\u0443 \u0440\u0435\u0448\u0435\u043d\u0438\u044e, \u0441\u0432\u044f\u0437\u0430\u043d\u043d\u043e\u043c\u0443 \u0441 \u0432\u0430\u0448\u0438\u043c \u0437\u0434\u043e\u0440\u043e\u0432\u044c\u0435\u043c.<\/h6>\n<h6>\u042f \u0441\u043f\u0435\u0446\u0438\u0430\u043b\u0438\u0437\u0438\u0440\u0443\u044e\u0441\u044c \u0432 \u043e\u0431\u043b\u0430\u0441\u0442\u0438 \u043c\u0435\u0434\u0438\u0446\u0438\u043d\u0441\u043a\u043e\u0433\u043e \u043f\u0435\u0440\u0435\u0432\u043e\u0434\u0430 \u0441 \u0441\u0430\u043c\u043e\u0433\u043e \u043d\u0430\u0447\u0430\u043b\u0430 \u043c\u043e\u0435\u0439 \u043f\u0440\u043e\u0444\u0435\u0441\u0441\u0438\u043e\u043d\u0430\u043b\u044c\u043d\u043e\u0439 \u0434\u0435\u044f\u0442\u0435\u043b\u044c\u043d\u043e\u0441\u0442\u0438 \u0438 \u0432\u043b\u0430\u0434\u0435\u044e \u043d\u0435 \u0442\u043e\u043b\u044c\u043a\u043e \u0441\u043e\u043e\u0442\u0432\u0435\u0442\u0441\u0442\u0432\u0443\u044e\u0449\u0438\u043c\u0438 \u043f\u0435\u0440\u0435\u0432\u043e\u0434\u0447\u0435\u0441\u043a\u0438\u043c\u0438 \u043d\u0430\u0432\u044b\u043a\u0430\u043c\u0438, \u043d\u043e \u0438 \u043d\u0435\u043e\u0431\u0445\u043e\u0434\u0438\u043c\u044b\u043c\u0438 \u0444\u043e\u043d\u043e\u0432\u044b\u043c\u0438 \u0437\u043d\u0430\u043d\u0438\u044f\u043c\u0438. \u0423\u0436\u0435 \u043d\u0430 \u043f\u0440\u043e\u0442\u044f\u0436\u0435\u043d\u0438\u0438 \u043d\u0435\u0441\u043a\u043e\u043b\u044c\u043a\u0438\u0445 \u043b\u0435\u0442 \u044f \u0441\u043e\u0442\u0440\u0443\u0434\u043d\u0438\u0447\u0430\u044e \u0441 \u0441\u0430\u043c\u044b\u043c\u0438 \u0440\u0430\u0437\u043b\u0438\u0447\u043d\u044b\u043c\u0438 \u043a\u043b\u0438\u0435\u043d\u0442\u0430\u043c\u0438 \u0438\u0437 \u0441\u0444\u0435\u0440\u044b \u0437\u0434\u0440\u0430\u0432\u043e\u043e\u0445\u0440\u0430\u043d\u0435\u043d\u0438\u044f, \u043a\u043e\u0442\u043e\u0440\u044b\u0435 \u0434\u043e\u0432\u0435\u0440\u044f\u044e\u0442 \u043c\u043d\u0435 \u043f\u0435\u0440\u0435\u0432\u043e\u0434\u044b \u0441\u043f\u0435\u0446\u0438\u0430\u043b\u0438\u0437\u0438\u0440\u043e\u0432\u0430\u043d\u043d\u044b\u0445 \u043c\u0435\u0434\u0438\u0446\u0438\u043d\u0441\u043a\u0438\u0445 \u0442\u0435\u043a\u0441\u0442\u043e\u0432, \u0442\u0440\u0435\u0431\u0443\u044e\u0449\u0438\u0445 \u043e\u0441\u043e\u0431\u043e \u043e\u0442\u0432\u0435\u0442\u0441\u0442\u0432\u0435\u043d\u043d\u043e\u0439 \u0438 \u043f\u0440\u043e\u0444\u0435\u0441\u0441\u0438\u043e\u043d\u0430\u043b\u044c\u043d\u043e\u0439 \u0440\u0430\u0431\u043e\u0442\u044b. \u041a \u043d\u0438\u043c \u043e\u0442\u043d\u043e\u0441\u044f\u0442\u0441\u044f:<\/h6>\n<ul>\n<li>\n<h6>\u041c\u0435\u0434\u0438\u0446\u0438\u043d\u0441\u043a\u0430\u044f \u0434\u043e\u043a\u0443\u043c\u0435\u043d\u0442\u0430\u0446\u0438\u044f (\u0434\u0438\u0430\u0433\u043d\u043e\u0437\u044b, \u043e\u0442\u0447\u0451\u0442\u044b \u043e \u0440\u0435\u0437\u0443\u043b\u044c\u0442\u0430\u0442\u0430\u0445 \u043e\u0431\u0441\u043b\u0435\u0434\u043e\u0432\u0430\u043d\u0438\u0439, \u0432\u0440\u0430\u0447\u0435\u0431\u043d\u044b\u0435 \u0437\u0430\u043a\u043b\u044e\u0447\u0435\u043d\u0438\u044f, \u0442\u0435\u0440\u0430\u043f\u0435\u0432\u0442\u0438\u0447\u0435\u0441\u043a\u0438\u0435 \u0440\u0435\u043a\u043e\u043c\u0435\u043d\u0434\u0430\u0446\u0438\u0438 \u0438 \u0440\u0435\u0446\u0435\u043f\u0442\u044b, \u0432\u044b\u043f\u0438\u0441\u043d\u044b\u0435 \u044d\u043f\u0438\u043a\u0440\u0438\u0437\u044b, \u043f\u0440\u043e\u0442\u043e\u043a\u043e\u043b\u044b \u043e\u043f\u0435\u0440\u0430\u0446\u0438\u0439 \u0438&nbsp;\u0434\u0440.)<\/h6>\n<\/li>\n<li>\n<h6>\u0418\u043d\u0444\u043e\u0440\u043c\u0430\u0446\u0438\u044f \u0434\u043b\u044f \u043f\u0430\u0446\u0438\u0435\u043d\u0442\u043e\u0432 (\u0431\u0440\u043e\u0448\u044e\u0440\u044b, \u0430\u043d\u043a\u0435\u0442\u044b, \u043f\u0430\u043c\u044f\u0442\u043a\u0438 \u0438&nbsp;\u0434\u0440.)<\/h6>\n<\/li>\n<li>\n<h6>\u041f\u0440\u043e\u0442\u043e\u043a\u043e\u043b\u044b \u0438\u0441\u0441\u043b\u0435\u0434\u043e\u0432\u0430\u043d\u0438\u0439<\/h6>\n<\/li>\n<li>\n<h6>\u0418\u043d\u0442\u0435\u0440\u043d\u0435\u0442-\u0441\u0430\u0439\u0442\u044b \u043c\u0435\u0434\u0438\u0446\u0438\u043d\u0441\u043a\u0438\u0445 \u0443\u0447\u0440\u0435\u0436\u0434\u0435\u043d\u0438\u0439<\/h6>\n<\/li>\n<li>\n<h6>\u0414\u043e\u043a\u0443\u043c\u0435\u043d\u0442\u0430\u0446\u0438\u044f \u0432 \u043e\u0431\u043b\u0430\u0441\u0442\u0438 \u043c\u0435\u043d\u0435\u0434\u0436\u043c\u0435\u043d\u0442\u0430 \u043c\u0435\u0434\u0438\u0446\u0438\u043d\u0441\u043a\u043e\u0433\u043e \u043e\u0431\u0441\u043b\u0443\u0436\u0438\u0432\u0430\u043d\u0438\u044f<\/h6>\n<\/li>\n<li>\n<h6>\u0421\u0442\u0440\u0430\u0445\u043e\u0432\u0430\u044f \u0434\u043e\u043a\u0443\u043c\u0435\u043d\u0442\u0430\u0446\u0438\u044f<\/h6>\n<\/li>\n<li>\n<h6>\u0418\u043d\u0444\u043e\u0440\u043c\u0430\u0446\u0438\u043e\u043d\u043d\u044b\u0435 \u0441\u0438\u0441\u0442\u0435\u043c\u044b \u0432 \u0441\u0444\u0435\u0440\u0435 \u0437\u0434\u0440\u0430\u0432\u043e\u043e\u0445\u0440\u0430\u043d\u0435\u043d\u0438\u044f<\/h6>\n<\/li>\n<\/ul>\n<h6>\u0412\u0430\u043c \u043d\u0435\u043e\u0431\u0445\u043e\u0434\u0438\u043c \u0441\u043f\u0435\u0446\u0438\u0430\u043b\u0438\u0437\u0438\u0440\u043e\u0432\u0430\u043d\u043d\u044b\u0439 \u043c\u0435\u0434\u0438\u0446\u0438\u043d\u0441\u043a\u0438\u0439 \u043f\u0435\u0440\u0435\u0432\u043e\u0434 \u0441 \u043d\u0435\u043c\u0435\u0446\u043a\u043e\u0433\u043e \u044f\u0437\u044b\u043a\u0430 \u043d\u0430 \u0440\u0443\u0441\u0441\u043a\u0438\u0439 \u0438\u043b\u0438 \u043d\u0430\u043e\u0431\u043e\u0440\u043e\u0442? <a href=\"https:\/\/uebersetzer-deutsch-russisch.com\/ru\/kontakt\/\">\u0421\u0432\u044f\u0436\u0438\u0442\u0435\u0441\u044c <\/a>\u0441\u043e \u043c\u043d\u043e\u0439, \u0438 \u044f \u0441\u043e\u0441\u0442\u0430\u0432\u043b\u044e \u0434\u043b\u044f \u0432\u0430\u0441 \u0438\u043d\u0434\u0438\u0432\u0438\u0434\u0443\u0430\u043b\u044c\u043d\u043e\u0435 \u043f\u0440\u0435\u0434\u043b\u043e\u0436\u0435\u043d\u0438\u0435.<\/h6>\n<h6>\u0415\u0441\u043b\u0438 \u0432\u044b \u0437\u0430\u0438\u043d\u0442\u0435\u0440\u0435\u0441\u043e\u0432\u0430\u043d\u044b \u0432 \u0434\u043e\u043b\u0433\u043e\u0441\u0440\u043e\u0447\u043d\u043e\u043c \u0441\u043e\u0442\u0440\u0443\u0434\u043d\u0438\u0447\u0435\u0441\u0442\u0432\u0435, \u043c\u044b \u043c\u043e\u0436\u0435\u043c \u043e\u0433\u043e\u0432\u043e\u0440\u0438\u0442\u044c \u043e\u0441\u043e\u0431\u044b\u0435 \u0443\u0441\u043b\u043e\u0432\u0438\u044f.<\/h6>\n","protected":false},"excerpt":{"rendered":"<p>\u0421\u0444\u0435\u0440\u0443 \u043c\u0435\u0434\u0438\u0446\u0438\u043d\u044b \u0432 \u043f\u0435\u0440\u0435\u0432\u043e\u0434\u0447\u0435\u0441\u043a\u043e\u0439 \u0434\u0435\u044f\u0442\u0435\u043b\u044c\u043d\u043e\u0441\u0442\u0438 \u043c\u043e\u0436\u043d\u043e \u0441 \u0443\u0432\u0435\u0440\u0435\u043d\u043d\u043e\u0441\u0442\u044c\u044e \u043e\u0442\u043d\u0435\u0441\u0442\u0438 \u043a \u0441\u0430\u043c\u044b\u043c \u0441\u043b\u043e\u0436\u043d\u044b\u043c \u0438 \u0441\u0430\u043c\u044b\u043c \u043e\u0442\u0432\u0435\u0442\u0441\u0442\u0432\u0435\u043d\u043d\u044b\u043c. \u0412 \u0442\u043e \u0432\u0440\u0435\u043c\u044f \u043a\u0430\u043a \u043d\u0435\u0432\u0435\u0440\u043d\u043e \u043f\u0435\u0440\u0435\u0432\u0435\u0434\u0451\u043d\u043d\u044b\u0439 \u0442\u0435\u043a\u0441\u0442 \u0438\u0437 \u0434\u0440\u0443\u0433\u043e\u0439 \u043e\u0431\u043b\u0430\u0441\u0442\u0438 \u043c\u043e\u0436\u0435\u0442 \u043f\u043e\u0432\u043b\u0435\u0447\u044c \u0437\u0430 \u0441\u043e\u0431\u043e\u0439 \u00ab\u0442\u043e\u043b\u044c\u043a\u043e\u00bb \u0444\u0438\u043d\u0430\u043d\u0441\u043e\u0432\u044b\u0435 \u043f\u043e\u0442\u0435\u0440\u0438, \u043d\u0435\u043f\u0440\u043e\u0444\u0435\u0441\u0441\u0438\u043e\u043d\u0430\u043b\u044c\u043d\u044b\u0439 \u0438\u043b\u0438 \u043f\u0440\u043e\u0441\u0442\u043e \u043d\u0435\u0442\u043e\u0447\u043d\u044b\u0439 \u043c\u0435\u0434\u0438\u0446\u0438\u043d\u0441\u043a\u0438\u0439 \u043f\u0435\u0440\u0435\u0432\u043e\u0434 \u043c\u043e\u0436\u0435\u0442 \u0441\u0442\u0430\u0442\u044c \u043f\u0440\u0438\u0447\u0438\u043d\u043e\u0439 \u0441\u0435\u0440\u044c\u0451\u0437\u043d\u044b\u0445 \u043e\u0441\u043b\u043e\u0436\u043d\u0435\u043d\u0438\u0439 \u0438 \u043f\u0440\u0438\u0432\u0435\u0441\u0442\u0438 \u043a \u0444\u0430\u0442\u0430\u043b\u044c\u043d\u044b\u043c \u043f\u043e\u0441\u043b\u0435\u0434\u0441\u0442\u0432\u0438\u044f\u043c \u0434\u043b\u044f \u0437\u0434\u043e\u0440\u043e\u0432\u044c\u044f. \u041f\u043e\u044d\u0442\u043e\u043c\u0443 \u044f \u0440\u0435\u043a\u043e\u043c\u0435\u043d\u0434\u0443\u044e \u0432\u0430\u043c \u043f\u043e\u0434\u0445\u043e\u0434\u0438\u0442\u044c \u2026 <a href=\"https:\/\/uebersetzer-deutsch-russisch.com\/ru\/uebersetzungen\/medizinische-fachuebersetzungen\/\" class=\"readmore\">Con\u00adtin\u00adue read\u00ading <span class=\"screen-reader-text\">\u041c\u0435\u0434\u0438\u0446\u0438\u043d\u0441\u043a\u0438\u0435 \u043f\u0435\u0440\u0435\u0432\u043e\u0434\u044b<\/span> \u2192<\/a><\/p>\n","protected":false},"author":1,"featured_media":0,"parent":16,"menu_order":0,"comment_status":"closed","ping_status":"closed","template":"template-fullwidth.php","meta":{"wp_typography_post_enhancements_disabled":false,"footnotes":""},"class_list":["post-175","page","type-page","status-publish","hentry"],"translation":{"provider":"WPGlobus","version":"3.0.2","language":"ru","enabled_languages":["de","ru"],"languages":{"de":{"title":true,"content":true,"excerpt":false},"ru":{"title":true,"content":true,"excerpt":false}}},"yoast_head":"<!-- This site is optimized with the Yoast SEO plugin v27.5 - https:\/\/yoast.com\/product\/yoast-seo-wordpress\/ -->\n<title>Medizinische Fach\u00fcbersetzungen Russisch-Deutsch<\/title>\n<meta name=\"robots\" content=\"index, follow, max-snippet:-1, max-image-preview:large, max-video-preview:-1\" \/>\n<link rel=\"canonical\" href=\"https:\/\/uebersetzer-deutsch-russisch.com\/uebersetzungen\/medizinische-fachuebersetzungen\/\" \/>\n<meta property=\"og:locale\" content=\"ru_RU\" \/>\n<meta property=\"og:type\" content=\"article\" \/>\n<meta property=\"og:title\" content=\"\u041c\u0435\u0434\u0438\u0446\u0438\u043d\u0441\u043a\u0438\u0435 \u043f\u0435\u0440\u0435\u0432\u043e\u0434\u044b - Galina Widrich - Dolmetscherin und \u00dcbersetzerin f\u00fcr Russisch\" \/>\n<meta property=\"og:url\" content=\"https:\/\/uebersetzer-deutsch-russisch.com\/uebersetzungen\/medizinische-fachuebersetzungen\/\" \/>\n<meta property=\"og:site_name\" content=\"Galina Widrich - Dolmetscherin und \u00dcbersetzerin f\u00fcr Russisch\" \/>\n<meta property=\"article:modified_time\" content=\"2025-10-22T08:51:41+00:00\" \/>\n<meta name=\"twitter:card\" content=\"summary_large_image\" \/>\n<meta name=\"twitter:label1\" content=\"\u041f\u0440\u0438\u043c\u0435\u0440\u043d\u043e\u0435 \u0432\u0440\u0435\u043c\u044f \u0434\u043b\u044f \u0447\u0442\u0435\u043d\u0438\u044f\" \/>\n\t<meta name=\"twitter:data1\" content=\"2 \u043c\u0438\u043d\u0443\u0442\u044b\" \/>\n<script type=\"application\/ld+json\" class=\"yoast-schema-graph\">{\"@context\":\"https:\\\/\\\/schema.org\",\"@graph\":[{\"@type\":\"WebPage\",\"@id\":\"https:\\\/\\\/uebersetzer-deutsch-russisch.com\\\/uebersetzungen\\\/medizinische-fachuebersetzungen\\\/\",\"url\":\"https:\\\/\\\/uebersetzer-deutsch-russisch.com\\\/uebersetzungen\\\/medizinische-fachuebersetzungen\\\/\",\"name\":\"Medizinische Fach\u00fcbersetzungen Russisch-Deutsch\",\"isPartOf\":{\"@id\":\"https:\\\/\\\/uebersetzer-deutsch-russisch.com\\\/#website\"},\"datePublished\":\"2017-02-27T15:22:02+00:00\",\"dateModified\":\"2025-10-22T08:51:41+00:00\",\"description\":\"Galina Widrich - Professionelle medizinische Fach\u00fcbersetzungen Russisch-Deutsch und Deutsch-Russisch. \u041f\u0440\u043e\u0444\u0435\u0441\u0441\u0438\u043e\u043d\u0430\u043b\u044c\u043d\u044b\u0435 \u043c\u0435\u0434\u0438\u0446\u0438\u043d\u0441\u043a\u0438\u0435 \u043f\u0435\u0440\u0435\u0432\u043e\u0434\u044b.\",\"breadcrumb\":{\"@id\":\"https:\\\/\\\/uebersetzer-deutsch-russisch.com\\\/uebersetzungen\\\/medizinische-fachuebersetzungen\\\/#breadcrumb\"},\"inLanguage\":\"ru-RU\",\"potentialAction\":[{\"@type\":\"ReadAction\",\"target\":[\"https:\\\/\\\/uebersetzer-deutsch-russisch.com\\\/uebersetzungen\\\/medizinische-fachuebersetzungen\\\/\"]}]},{\"@type\":\"BreadcrumbList\",\"@id\":\"https:\\\/\\\/uebersetzer-deutsch-russisch.com\\\/uebersetzungen\\\/medizinische-fachuebersetzungen\\\/#breadcrumb\",\"itemListElement\":[{\"@type\":\"ListItem\",\"position\":1,\"name\":\"Startseite\",\"item\":\"https:\\\/\\\/uebersetzer-deutsch-russisch.com\\\/\"},{\"@type\":\"ListItem\",\"position\":2,\"name\":\"\u00dcbersetzungen\",\"item\":\"https:\\\/\\\/uebersetzer-deutsch-russisch.com\\\/uebersetzungen\\\/\"},{\"@type\":\"ListItem\",\"position\":3,\"name\":\"Medizinische Fach\u00fcbersetzungen\"}]},{\"@type\":\"WebSite\",\"@id\":\"https:\\\/\\\/uebersetzer-deutsch-russisch.com\\\/#website\",\"url\":\"https:\\\/\\\/uebersetzer-deutsch-russisch.com\\\/\",\"name\":\"Galina Widrich - Dolmetscherin und \u00dcbersetzerin f\u00fcr Russisch\",\"description\":\"Dolmetscherin &amp; \u00dcbersetzerin f\u00fcr Russisch\",\"potentialAction\":[{\"@type\":\"SearchAction\",\"target\":{\"@type\":\"EntryPoint\",\"urlTemplate\":\"https:\\\/\\\/uebersetzer-deutsch-russisch.com\\\/?s={search_term_string}\"},\"query-input\":{\"@type\":\"PropertyValueSpecification\",\"valueRequired\":true,\"valueName\":\"search_term_string\"}}],\"inLanguage\":\"ru-RU\"}]}<\/script>\n<!-- \/ Yoast SEO plugin. -->","yoast_head_json":{"title":"Medizinische Fach\u00fcbersetzungen Russisch-Deutsch","robots":{"index":"index","follow":"follow","max-snippet":"max-snippet:-1","max-image-preview":"max-image-preview:large","max-video-preview":"max-video-preview:-1"},"canonical":"https:\/\/uebersetzer-deutsch-russisch.com\/uebersetzungen\/medizinische-fachuebersetzungen\/","og_locale":"ru_RU","og_type":"article","og_title":"\u041c\u0435\u0434\u0438\u0446\u0438\u043d\u0441\u043a\u0438\u0435 \u043f\u0435\u0440\u0435\u0432\u043e\u0434\u044b - Galina Widrich - Dolmetscherin und \u00dcbersetzerin f\u00fcr Russisch","og_url":"https:\/\/uebersetzer-deutsch-russisch.com\/uebersetzungen\/medizinische-fachuebersetzungen\/","og_site_name":"Galina Widrich - Dolmetscherin und \u00dcbersetzerin f\u00fcr Russisch","article_modified_time":"2025-10-22T08:51:41+00:00","twitter_card":"summary_large_image","twitter_misc":{"\u041f\u0440\u0438\u043c\u0435\u0440\u043d\u043e\u0435 \u0432\u0440\u0435\u043c\u044f \u0434\u043b\u044f \u0447\u0442\u0435\u043d\u0438\u044f":"2 \u043c\u0438\u043d\u0443\u0442\u044b"},"schema":{"@context":"https:\/\/schema.org","@graph":[{"@type":"WebPage","@id":"https:\/\/uebersetzer-deutsch-russisch.com\/uebersetzungen\/medizinische-fachuebersetzungen\/","url":"https:\/\/uebersetzer-deutsch-russisch.com\/uebersetzungen\/medizinische-fachuebersetzungen\/","name":"Medizinische Fach\u00fcbersetzungen Russisch-Deutsch","isPartOf":{"@id":"https:\/\/uebersetzer-deutsch-russisch.com\/#website"},"datePublished":"2017-02-27T15:22:02+00:00","dateModified":"2025-10-22T08:51:41+00:00","description":"Galina Widrich - Professionelle medizinische Fach\u00fcbersetzungen Russisch-Deutsch und Deutsch-Russisch. \u041f\u0440\u043e\u0444\u0435\u0441\u0441\u0438\u043e\u043d\u0430\u043b\u044c\u043d\u044b\u0435 \u043c\u0435\u0434\u0438\u0446\u0438\u043d\u0441\u043a\u0438\u0435 \u043f\u0435\u0440\u0435\u0432\u043e\u0434\u044b.","breadcrumb":{"@id":"https:\/\/uebersetzer-deutsch-russisch.com\/uebersetzungen\/medizinische-fachuebersetzungen\/#breadcrumb"},"inLanguage":"ru-RU","potentialAction":[{"@type":"ReadAction","target":["https:\/\/uebersetzer-deutsch-russisch.com\/uebersetzungen\/medizinische-fachuebersetzungen\/"]}]},{"@type":"BreadcrumbList","@id":"https:\/\/uebersetzer-deutsch-russisch.com\/uebersetzungen\/medizinische-fachuebersetzungen\/#breadcrumb","itemListElement":[{"@type":"ListItem","position":1,"name":"Startseite","item":"https:\/\/uebersetzer-deutsch-russisch.com\/"},{"@type":"ListItem","position":2,"name":"\u00dcbersetzungen","item":"https:\/\/uebersetzer-deutsch-russisch.com\/uebersetzungen\/"},{"@type":"ListItem","position":3,"name":"Medizinische Fach\u00fcbersetzungen"}]},{"@type":"WebSite","@id":"https:\/\/uebersetzer-deutsch-russisch.com\/#website","url":"https:\/\/uebersetzer-deutsch-russisch.com\/","name":"Galina Widrich - Dolmetscherin und \u00dcbersetzerin f\u00fcr Russisch","description":"Dolmetscherin &amp; \u00dcbersetzerin f\u00fcr Russisch","potentialAction":[{"@type":"SearchAction","target":{"@type":"EntryPoint","urlTemplate":"https:\/\/uebersetzer-deutsch-russisch.com\/?s={search_term_string}"},"query-input":{"@type":"PropertyValueSpecification","valueRequired":true,"valueName":"search_term_string"}}],"inLanguage":"ru-RU"}]}},"_links":{"self":[{"href":"https:\/\/uebersetzer-deutsch-russisch.com\/ru\/wp-json\/wp\/v2\/pages\/175","targetHints":{"allow":["GET"]}}],"collection":[{"href":"https:\/\/uebersetzer-deutsch-russisch.com\/ru\/wp-json\/wp\/v2\/pages"}],"about":[{"href":"https:\/\/uebersetzer-deutsch-russisch.com\/ru\/wp-json\/wp\/v2\/types\/page"}],"author":[{"embeddable":true,"href":"https:\/\/uebersetzer-deutsch-russisch.com\/ru\/wp-json\/wp\/v2\/users\/1"}],"replies":[{"embeddable":true,"href":"https:\/\/uebersetzer-deutsch-russisch.com\/ru\/wp-json\/wp\/v2\/comments?post=175"}],"version-history":[{"count":16,"href":"https:\/\/uebersetzer-deutsch-russisch.com\/ru\/wp-json\/wp\/v2\/pages\/175\/revisions"}],"predecessor-version":[{"id":328,"href":"https:\/\/uebersetzer-deutsch-russisch.com\/ru\/wp-json\/wp\/v2\/pages\/175\/revisions\/328"}],"up":[{"embeddable":true,"href":"https:\/\/uebersetzer-deutsch-russisch.com\/ru\/wp-json\/wp\/v2\/pages\/16"}],"wp:attachment":[{"href":"https:\/\/uebersetzer-deutsch-russisch.com\/ru\/wp-json\/wp\/v2\/media?parent=175"}],"curies":[{"name":"wp","href":"https:\/\/api.w.org\/{rel}","templated":true}]}}