{"id":18,"date":"2016-05-13T09:29:52","date_gmt":"2016-05-13T07:29:52","guid":{"rendered":"http:\/\/uebersetzer-deutsch-russisch.com\/?page_id=18"},"modified":"2025-10-22T11:08:51","modified_gmt":"2025-10-22T09:08:51","slug":"dolmetschen","status":"publish","type":"page","link":"https:\/\/uebersetzer-deutsch-russisch.com\/ru\/dolmetschen\/","title":{"rendered":"\u0423\u0441\u0442\u043d\u044b\u0439 \u043f\u0435\u0440\u0435\u0432\u043e\u0434"},"content":{"rendered":"\n<p><\/p><h5><strong>\u0423\u0441\u0442\u043d\u044b\u0439 \u043f\u0435\u0440\u0435\u0432\u043e\u0434 \u0434\u043b\u044f \u043f\u043e\u043b\u0438\u0446\u0438\u0438 \u0438 \u043e\u0440\u0433\u0430\u043d\u043e\u0432 \u044e\u0441\u0442\u0438\u0446\u0438\u0438<\/strong><\/h5>\n\n\n<h6>\u042f \u044f\u0432\u043b\u044f\u044e\u0441\u044c \u043f\u0440\u0438\u0441\u044f\u0436\u043d\u044b\u043c \u043f\u0435\u0440\u0435\u0432\u043e\u0434\u0447\u0438\u043a\u043e\u043c \u0440\u0443\u0441\u0441\u043a\u043e\u0433\u043e \u044f\u0437\u044b\u043a\u0430 \u0434\u043b\u044f \u0441\u0443\u0434\u043e\u0432 \u0438 \u043d\u043e\u0442\u0430\u0440\u0438\u0443\u0441\u043e\u0432 \u0411\u0435\u0440\u043b\u0438\u043d\u0430 \u0438 \u0441\u043f\u0435\u0446\u0438\u0430\u043b\u0438\u0437\u0438\u0440\u0443\u044e\u0441\u044c \u043d\u0430 \u0432\u0441\u0435\u0445 \u0432\u0438\u0434\u0430\u0445 \u0443\u0441\u0442\u043d\u043e\u0439 \u043f\u0435\u0440\u0435\u0432\u043e\u0434\u0447\u0435\u0441\u043a\u043e\u0439 \u0434\u0435\u044f\u0442\u0435\u043b\u044c\u043d\u043e\u0441\u0442\u0438, \u0442\u0440\u0435\u0431\u0443\u044e\u0449\u0435\u0439 \u043f\u0440\u0438\u0432\u043b\u0435\u0447\u0435\u043d\u0438\u044f \u043f\u0435\u0440\u0435\u0432\u043e\u0434\u0447\u0438\u043a\u0430, \u043f\u0440\u0438\u0432\u0435\u0434\u0451\u043d\u043d\u043e\u0433\u043e \u043a \u043f\u0440\u0438\u0441\u044f\u0433\u0435:<\/h6>\n<h6>&nbsp;<\/h6>\n\n<ul>\n<li>\n<h6>\u0443\u0441\u0442\u043d\u044b\u0439 \u043f\u0435\u0440\u0435\u0432\u043e\u0434 \u0432 \u043f\u043e\u043b\u0438\u0446\u0438\u0438 \u0438&nbsp;\u0441\u0443\u0434\u0430\u0445<\/h6>\n<\/li>\n<li>\n<h6>\u0443\u0441\u0442\u043d\u044b\u0439 \u043f\u0435\u0440\u0435\u0432\u043e\u0434 \u0443 \u043d\u043e\u0442\u0430\u0440\u0438\u0443\u0441\u043e\u0432: \u043d\u043e\u0442\u0430\u0440\u0438\u0430\u043b\u044c\u043d\u044b\u0435 \u0443\u0434\u043e\u0441\u0442\u043e\u0432\u0435\u0440\u0435\u043d\u0438\u044f \u0441\u0434\u0435\u043b\u043e\u043a (\u0432 \u0447\u0430\u0441\u0442\u043d\u043e\u0441\u0442\u0438, \u043d\u043e\u0442\u0430\u0440\u0438\u0430\u043b\u044c\u043d\u044b\u0435 \u0443\u0434\u043e\u0441\u0442\u043e\u0432\u0435\u0440\u0435\u043d\u0438\u044f \u0434\u043e\u0433\u043e\u0432\u043e\u0440\u043e\u0432 \u043a\u0443\u043f\u043b\u0438-\u043f\u0440\u043e\u0434\u0430\u0436\u0438 \u043d\u0435\u0434\u0432\u0438\u0436\u0438\u043c\u043e\u0441\u0442\u0438, \u0434\u043e\u0433\u043e\u0432\u043e\u0440\u043e\u0432 \u043e\u0431 \u0443\u0447\u0440\u0435\u0436\u0434\u0435\u043d\u0438\u0438 \u043e\u0431\u0449\u0435\u0441\u0442\u0432\u0430 \u0438 \u0431\u0440\u0430\u0447\u043d\u044b\u0445 \u0434\u043e\u0433\u043e\u0432\u043e\u0440\u043e\u0432), \u043f\u0440\u043e\u0447\u0438\u0435 \u043d\u043e\u0442\u0430\u0440\u0438\u0430\u043b\u044c\u043d\u044b\u0435 \u0434\u0435\u0439\u0441\u0442\u0432\u0438\u044f&nbsp;<\/h6>\n<\/li>\n<li>\n<h6>\u0443\u0441\u0442\u043d\u044b\u0439 \u043f\u0435\u0440\u0435\u0432\u043e\u0434 \u0443 \u0430\u0434\u0432\u043e\u043a\u0430\u0442\u043e\u0432: \u043a\u043e\u043d\u0441\u0443\u043b\u044c\u0442\u0430\u0446\u0438\u0438, \u0431\u0435\u0441\u0435\u0434\u044b \u0441 \u043f\u043e\u0434\u0437\u0430\u0449\u0438\u0442\u043d\u044b\u043c\u0438<\/h6>\n<\/li>\n<li>\n<h6>\u0443\u0441\u0442\u043d\u044b\u0439 \u043f\u0435\u0440\u0435\u0432\u043e\u0434 \u0443 \u043d\u0430\u0437\u043d\u0430\u0447\u0435\u043d\u043d\u044b\u0445 \u0441\u0443\u0434\u043e\u043c \u044d\u043a\u0441\u043f\u0435\u0440\u0442\u043e\u0432 \u0438 \u043f\u0440\u0435\u0434\u0441\u0442\u0430\u0432\u0438\u0442\u0435\u043b\u0435\u0439 \u043d\u0435\u0441\u043e\u0432\u0435\u0440\u0448\u0435\u043d\u043d\u043e\u043b\u0435\u0442\u043d\u0438\u0445 \u0432 \u0441\u0443\u0434\u0435\u0431\u043d\u044b\u0445 \u043f\u0440\u043e\u0446\u0435\u0441\u0441\u0430\u0445: (\u0441\u0443\u0434\u0435\u0431\u043d\u043e-)\u043c\u0435\u0434\u0438\u0446\u0438\u043d\u0441\u043a\u043e\u0435, \u043f\u0441\u0438\u0445\u043e\u043b\u043e\u0433\u0438\u0447\u0435\u0441\u043a\u043e\u0435, \u043f\u0441\u0438\u0445\u0438\u0430\u0442\u0440\u0438\u0447\u0435\u0441\u043a\u043e\u0435 \u043e\u0441\u0432\u0438\u0434\u0435\u0442\u0435\u043b\u044c\u0441\u0442\u0432\u043e\u0432\u0430\u043d\u0438\u0435, \u0432\u0441\u0442\u0440\u0435\u0447\u0438, \u043a\u043e\u043d\u0441\u0443\u043b\u044c\u0442\u0430\u0446\u0438\u0438 \u0438 \u0442.\u0434.<\/h6>\n<\/li>\n<\/ul>\n\n\n<p><\/p><p>&nbsp;<\/p>\n<h5><strong>\u0423\u0441\u0442\u043d\u044b\u0439 \u043f\u0435\u0440\u0435\u0432\u043e\u0434 \u043d\u0430 \u043f\u0435\u0440\u0435\u0433\u043e\u0432\u043e\u0440\u0430\u0445<\/strong><\/h5>\n\n\n<h6>\u0411\u0443\u0434\u0443\u0447\u0438 \u043a\u043e\u043c\u043f\u0435\u0442\u0435\u043d\u0442\u043d\u044b\u043c \u0443\u0441\u0442\u043d\u044b\u043c \u043f\u0435\u0440\u0435\u0432\u043e\u0434\u0447\u0438\u043a\u043e\u043c \u0441 \u0440\u0430\u0437\u0432\u0438\u0442\u044b\u043c\u0438 \u043d\u0430\u0432\u044b\u043a\u0430\u043c\u0438 \u043c\u0435\u0436\u043a\u0443\u043b\u044c\u0442\u0443\u0440\u043d\u043e\u0433\u043e \u043e\u0431\u0449\u0435\u043d\u0438\u044f \u0438 \u0433\u043b\u0443\u0431\u043e\u043a\u0438\u043c \u043f\u043e\u043d\u0438\u043c\u0430\u043d\u0438\u0435\u043c \u043f\u0440\u043e\u0444\u0435\u0441\u0441\u0438\u043e\u043d\u0430\u043b\u044c\u043d\u043e\u0439 \u044d\u0442\u0438\u043a\u0438, \u044f \u043c\u043e\u0433\u0443 \u0441\u0442\u0430\u0442\u044c \u0432\u0430\u0448\u0438\u043c \u043d\u0430\u0434\u0435\u0436\u043d\u044b\u043c \u043f\u0430\u0440\u0442\u043d\u0451\u0440\u043e\u043c \u0432 \u0441\u0444\u0435\u0440\u0435 \u0440\u0443\u0441\u0441\u043a\u043e-\u043d\u0435\u043c\u0435\u0446\u043a\u043e\u0439 \u043a\u043e\u043c\u043c\u0443\u043d\u0438\u043a\u0430\u0446\u0438\u0438 \u043d\u0430:<\/h6>\n<h6>&nbsp;<\/h6>\n\n<ul>\n<li>\n<h6>\u0434\u0435\u043b\u043e\u0432\u044b\u0445 \u0432\u0441\u0442\u0440\u0435\u0447\u0430\u0445 \u0438 \u043f\u0435\u0440\u0435\u0433\u043e\u0432\u043e\u0440\u0430\u0445<\/h6>\n<\/li>\n<li>\n<h6>\u0440\u0430\u0431\u043e\u0447\u0438\u0445 \u0432\u0441\u0442\u0440\u0435\u0447\u0430\u0445, \u0441\u0435\u043c\u0438\u043d\u0430\u0440\u0430\u0445 \u0438 \u0442\u0440\u0435\u043d\u0438\u043d\u0433\u0430\u0445<\/h6>\n<\/li>\n<li>\n<h6>\u0432\u044b\u0441\u0442\u0430\u0432\u043a\u0430\u0445, \u044d\u043a\u0441\u043a\u0443\u0440\u0441\u0438\u044f\u0445<\/h6>\n<\/li>\n<li>\n<h6>\u043f\u0440\u0438 \u0431\u0435\u0441\u0435\u0434\u0430\u0445 \u0441 \u0441\u043e\u0442\u0440\u0443\u0434\u043d\u0438\u043a\u0430\u043c\u0438 \u0438 \u0432 \u043f\u0440\u043e\u0447\u0438\u0445 \u0432\u043d\u0443\u0442\u0440\u0435\u043d\u043d\u0438\u0445 \u0434\u0435\u043b\u0430\u0445&nbsp;\u0444\u0438\u0440\u043c\u044b&nbsp;<\/h6>\n<\/li>\n<\/ul>\n\n\n<p><\/p><p>&nbsp;<\/p>\n<h5><strong>\u0423\u0441\u0442\u043d\u044b\u0439 \u043c\u0435\u0434\u0438\u0446\u0438\u043d\u0441\u043a\u0438\u0439 \u043f\u0435\u0440\u0435\u0432\u043e\u0434<\/strong><\/h5>\n\n\n<h6>\u0421\u043f\u0435\u0446\u0438\u0430\u043b\u0438\u0437\u0438\u0440\u043e\u0432\u0430\u043d\u043d\u044b\u0439 \u043c\u0435\u0434\u0438\u0446\u0438\u043d\u0441\u043a\u0438\u0439 \u043f\u0435\u0440\u0435\u0432\u043e\u0434\u0447\u0438\u043a \u043e\u0442\u043b\u0438\u0447\u0430\u0435\u0442\u0441\u044f \u0432 \u043f\u0435\u0440\u0432\u0443\u044e \u043e\u0447\u0435\u0440\u0435\u0434\u044c \u0431\u0435\u0437\u0443\u043f\u0440\u0435\u0447\u043d\u044b\u043c\u0438 \u0437\u043d\u0430\u043d\u0438\u044f\u043c\u0438 \u043c\u0435\u0434\u0438\u0446\u0438\u043d\u0441\u043a\u043e\u0439 \u0442\u0435\u0440\u043c\u0438\u043d\u043e\u043b\u043e\u0433\u0438\u0438. \u041e\u0434\u043d\u0430\u043a\u043e \u044d\u0442\u043e\u0433\u043e \u043d\u0435 \u0432\u0441\u0435\u0433\u0434\u0430 \u0434\u043e\u0441\u0442\u0430\u0442\u043e\u0447\u043d\u043e. \u0418\u043c\u0435\u044f \u0437\u0430 \u043f\u043b\u0435\u0447\u0430\u043c\u0438 \u043c\u043d\u043e\u0433\u043e\u043b\u0435\u0442\u043d\u0438\u0439 \u043e\u043f\u044b\u0442 \u0443\u0441\u0442\u043d\u043e\u0433\u043e \u043f\u0435\u0440\u0435\u0432\u043e\u0434\u0430 \u0432 \u0441\u0444\u0435\u0440\u0435 \u0437\u0434\u0440\u0430\u0432\u043e\u043e\u0445\u0440\u0430\u043d\u0435\u043d\u0438\u044f, \u044f \u043d\u0435 \u0442\u043e\u043b\u044c\u043a\u043e \u043e\u0431\u0435\u0441\u043f\u0435\u0447\u0438\u0432\u0430\u044e \u0442\u0435\u0440\u043c\u0438\u043d\u043e\u043b\u043e\u0433\u0438\u0447\u0435\u0441\u043a\u0438 \u0442\u043e\u0447\u043d\u044b\u0439 \u043f\u0435\u0440\u0435\u0432\u043e\u0434, \u043d\u043e \u0438, \u0447\u0442\u043e \u043d\u0435\u043c\u0430\u043b\u043e\u0432\u0430\u0436\u043d\u043e, \u0442\u043e\u043d\u043a\u043e \u0447\u0443\u0432\u0441\u0442\u0432\u0443\u044e \u0433\u0440\u0430\u043d\u044c \u043c\u0435\u0436\u0434\u0443 \u044d\u043c\u043f\u0430\u0442\u0438\u0435\u0439 \u0438 \u043f\u0440\u043e\u0444\u0435\u0441\u0441\u0438\u043e\u043d\u0430\u043b\u044c\u043d\u043e\u0439 \u0434\u0438\u0441\u0442\u0430\u043d\u0446\u0438\u0435\u0439. \u0411\u043b\u0430\u0433\u043e\u0434\u0430\u0440\u044f \u044d\u0442\u043e\u043c\u0443 \u044f \u044f\u0432\u043b\u044f\u044e\u0441\u044c \u043d\u0435\u0437\u0430\u043c\u0435\u043d\u0438\u043c\u044b\u043c \u044f\u0437\u044b\u043a\u043e\u0432\u044b\u043c \u0438 \u043a\u0443\u043b\u044c\u0442\u0443\u0440\u043d\u044b\u043c \u043f\u043e\u0441\u0440\u0435\u0434\u043d\u0438\u043a\u043e\u043c \u043c\u0435\u0436\u0434\u0443 \u0432\u0440\u0430\u0447\u043e\u043c \u0438 \u0440\u0443\u0441\u0441\u043a\u043e\u0433\u043e\u0432\u043e\u0440\u044f\u0449\u0438\u043c \u043f\u0430\u0446\u0438\u0435\u043d\u0442\u043e\u043c, \u0432 \u043e\u0441\u043e\u0431\u0435\u043d\u043d\u043e\u0441\u0442\u0438, \u0435\u0441\u043b\u0438 \u0440\u0435\u0447\u044c \u0438\u0434\u0451\u0442 \u043e \u0434\u043e\u0432\u0435\u0440\u0438\u0442\u0435\u043b\u044c\u043d\u044b\u0445 \u0438 \u044d\u043c\u043e\u0446\u0438\u043e\u043d\u0430\u043b\u044c\u043d\u043e \u0441\u043b\u043e\u0436\u043d\u044b\u0445 \u0431\u0435\u0441\u0435\u0434\u0430\u0445:<\/h6>\n<h6>&nbsp;<\/h6>\n\n<ul>\n<li>\n<h6>\u0432\u0441\u0435 \u0432\u0438\u0434\u044b \u0432\u0440\u0430\u0447\u0435\u0431\u043d\u044b\u0445 \u0438 \u0442\u0435\u0440\u0430\u043f\u0435\u0432\u0442\u0438\u0447\u0435\u0441\u043a\u0438\u0445 \u043a\u043e\u043d\u0441\u0443\u043b\u044c\u0442\u0430\u0446\u0438\u0439<\/h6>\n<\/li>\n<li>\n<h6>\u0438\u043d\u0444\u043e\u0440\u043c\u0430\u0446\u0438\u043e\u043d\u043d\u043e-\u0440\u0430\u0437\u044a\u044f\u0441\u043d\u0438\u0442\u0435\u043b\u044c\u043d\u044b\u0435 \u0431\u0435\u0441\u0435\u0434\u044b<\/h6>\n<\/li>\n<li>\n<h6>\u0441\u0431\u043e\u0440 \u0430\u043d\u0430\u043c\u043d\u0435\u0437\u0430<\/h6>\n<\/li>\n<li>\n<h6>\u043f\u0440\u0435\u0434\u0432\u0430\u0440\u0438\u0442\u0435\u043b\u044c\u043d\u044b\u0439 \u0438 \u0438\u0442\u043e\u0433\u043e\u0432\u044b\u0439 <a href=\"https:\/\/uebersetzer-deutsch-russisch.com\/ru\/uebersetzungen\/medizinische-fachuebersetzungen\/\">\u043f\u0438\u0441\u044c\u043c\u0435\u043d\u043d\u044b\u0439 \u043f\u0435\u0440\u0435\u0432\u043e\u0434 \u043c\u0435\u0434\u0438\u0446\u0438\u043d\u0441\u043a\u043e\u0439 \u0434\u043e\u043a\u0443\u043c\u0435\u043d\u0442\u0430\u0446\u0438\u0438<\/a><\/h6>\n<\/li>\n<\/ul>\n<h6>&nbsp;<\/h6>\n\n<h6>&nbsp;<\/h6>\n<h6><a href=\"https:\/\/uebersetzer-deutsch-russisch.com\/ru\/kontakt\/\">\u0421\u0432\u044f\u0436\u0438\u0442\u0435\u0441\u044c<\/a> \u0441\u043e \u043c\u043d\u043e\u0439, \u0438 \u044f \u043e\u0442\u0432\u0435\u0447\u0443 \u043d\u0430 \u0432\u0441\u0435 \u0432\u0430\u0448\u0438 \u0432\u043e\u043f\u0440\u043e\u0441\u044b \u0438 \u0441\u043e\u0441\u0442\u0430\u0432\u043b\u044e \u0434\u043b\u044f \u0432\u0430\u0441 \u0438\u043d\u0434\u0438\u0432\u0438\u0434\u0443\u0430\u043b\u044c\u043d\u043e\u0435 \u043f\u0440\u0435\u0434\u043b\u043e\u0436\u0435\u043d\u0438\u0435.<\/h6>","protected":false},"excerpt":{"rendered":"<p>\u0423\u0441\u0442\u043d\u044b\u0439 \u043f\u0435\u0440\u0435\u0432\u043e\u0434 \u0434\u043b\u044f \u043f\u043e\u043b\u0438\u0446\u0438\u0438 \u0438 \u043e\u0440\u0433\u0430\u043d\u043e\u0432 \u044e\u0441\u0442\u0438\u0446\u0438\u0438 \u042f \u044f\u0432\u043b\u044f\u044e\u0441\u044c \u043f\u0440\u0438\u0441\u044f\u0436\u043d\u044b\u043c \u043f\u0435\u0440\u0435\u0432\u043e\u0434\u0447\u0438\u043a\u043e\u043c \u0440\u0443\u0441\u0441\u043a\u043e\u0433\u043e \u044f\u0437\u044b\u043a\u0430 \u0434\u043b\u044f \u0441\u0443\u0434\u043e\u0432 \u0438 \u043d\u043e\u0442\u0430\u0440\u0438\u0443\u0441\u043e\u0432 \u0411\u0435\u0440\u043b\u0438\u043d\u0430 \u0438 \u0441\u043f\u0435\u0446\u0438\u0430\u043b\u0438\u0437\u0438\u0440\u0443\u044e\u0441\u044c \u043d\u0430 \u0432\u0441\u0435\u0445 \u0432\u0438\u0434\u0430\u0445 \u0443\u0441\u0442\u043d\u043e\u0439 \u043f\u0435\u0440\u0435\u0432\u043e\u0434\u0447\u0435\u0441\u043a\u043e\u0439 \u0434\u0435\u044f\u0442\u0435\u043b\u044c\u043d\u043e\u0441\u0442\u0438, \u0442\u0440\u0435\u0431\u0443\u044e\u0449\u0435\u0439 \u043f\u0440\u0438\u0432\u043b\u0435\u0447\u0435\u043d\u0438\u044f \u043f\u0435\u0440\u0435\u0432\u043e\u0434\u0447\u0438\u043a\u0430, \u043f\u0440\u0438\u0432\u0435\u0434\u0451\u043d\u043d\u043e\u0433\u043e \u043a \u043f\u0440\u0438\u0441\u044f\u0433\u0435: &nbsp; \u0443\u0441\u0442\u043d\u044b\u0439 \u043f\u0435\u0440\u0435\u0432\u043e\u0434 \u0432 \u043f\u043e\u043b\u0438\u0446\u0438\u0438 \u0438&nbsp;\u0441\u0443\u0434\u0430\u0445 \u0443\u0441\u0442\u043d\u044b\u0439 \u043f\u0435\u0440\u0435\u0432\u043e\u0434 \u0443 \u043d\u043e\u0442\u0430\u0440\u0438\u0443\u0441\u043e\u0432: \u043d\u043e\u0442\u0430\u0440\u0438\u0430\u043b\u044c\u043d\u044b\u0435 \u0443\u0434\u043e\u0441\u0442\u043e\u0432\u0435\u0440\u0435\u043d\u0438\u044f \u0441\u0434\u0435\u043b\u043e\u043a (\u0432 \u0447\u0430\u0441\u0442\u043d\u043e\u0441\u0442\u0438, \u043d\u043e\u0442\u0430\u0440\u0438\u0430\u043b\u044c\u043d\u044b\u0435 \u0443\u0434\u043e\u0441\u0442\u043e\u0432\u0435\u0440\u0435\u043d\u0438\u044f \u0434\u043e\u0433\u043e\u0432\u043e\u0440\u043e\u0432 \u043a\u0443\u043f\u043b\u0438-\u043f\u0440\u043e\u0434\u0430\u0436\u0438 \u043d\u0435\u0434\u0432\u0438\u0436\u0438\u043c\u043e\u0441\u0442\u0438, \u0434\u043e\u0433\u043e\u0432\u043e\u0440\u043e\u0432 \u043e\u0431 \u0443\u0447\u0440\u0435\u0436\u0434\u0435\u043d\u0438\u0438 \u2026 <a href=\"https:\/\/uebersetzer-deutsch-russisch.com\/ru\/dolmetschen\/\" class=\"readmore\">Con\u00adtin\u00adue read\u00ading <span class=\"screen-reader-text\">\u0423\u0441\u0442\u043d\u044b\u0439 \u043f\u0435\u0440\u0435\u0432\u043e\u0434<\/span> \u2192<\/a><\/p>\n","protected":false},"author":1,"featured_media":0,"parent":0,"menu_order":0,"comment_status":"closed","ping_status":"closed","template":"template-fullwidth.php","meta":{"wp_typography_post_enhancements_disabled":false,"footnotes":""},"class_list":["post-18","page","type-page","status-publish","hentry"],"translation":{"provider":"WPGlobus","version":"3.0.2","language":"ru","enabled_languages":["de","ru"],"languages":{"de":{"title":true,"content":true,"excerpt":false},"ru":{"title":true,"content":true,"excerpt":false}}},"yoast_head":"<!-- This site is optimized with the Yoast SEO plugin v27.5 - https:\/\/yoast.com\/product\/yoast-seo-wordpress\/ -->\n<title>Dolmetschen - \u0413\u0430\u043b\u0438\u043d\u0430 \u0412\u0438\u0434\u0440\u0438\u0445, \u043f\u0440\u0438\u0441\u044f\u0436\u043d\u044b\u0439 \u043f\u0435\u0440\u0435\u0432\u043e\u0434\u0447\u0438\u043a<\/title>\n<meta name=\"description\" content=\"Beeidigte Dolmetscherin f\u00fcr Russisch - Galina Widrich. \u0423\u0441\u043b\u0443\u0433\u0438 \u0443\u0441\u0442\u043d\u043e\u0433\u043e \u044e\u0440\u0438\u0434\u0438\u0447\u0435\u0441\u043a\u043e\u0433\u043e \u0438 \u043c\u0435\u0434\u0438\u0446\u0438\u043d\u0441\u043a\u043e\u0433\u043e \u043f\u0435\u0440\u0435\u0432\u043e\u0434\u0430. \u041f\u0435\u0440\u0435\u0432\u043e\u0434 \u043d\u0430 \u043f\u0435\u0440\u0435\u0433\u043e\u0432\u043e\u0440\u0430\u0445 \u0438 \u0432\u044b\u0441\u0442\u0430\u0432\u043a\u0430\u0445.\" \/>\n<meta name=\"robots\" content=\"index, follow, max-snippet:-1, max-image-preview:large, max-video-preview:-1\" \/>\n<link rel=\"canonical\" href=\"https:\/\/uebersetzer-deutsch-russisch.com\/dolmetschen\/\" \/>\n<meta property=\"og:locale\" content=\"ru_RU\" \/>\n<meta property=\"og:type\" content=\"article\" \/>\n<meta property=\"og:title\" content=\"Dolmetschen - \u0413\u0430\u043b\u0438\u043d\u0430 \u0412\u0438\u0434\u0440\u0438\u0445, \u043f\u0440\u0438\u0441\u044f\u0436\u043d\u044b\u0439 \u043f\u0435\u0440\u0435\u0432\u043e\u0434\u0447\u0438\u043a\" \/>\n<meta property=\"og:description\" content=\"Beeidigte Dolmetscherin f\u00fcr Russisch - Galina Widrich. \u0423\u0441\u043b\u0443\u0433\u0438 \u0443\u0441\u0442\u043d\u043e\u0433\u043e \u044e\u0440\u0438\u0434\u0438\u0447\u0435\u0441\u043a\u043e\u0433\u043e \u0438 \u043c\u0435\u0434\u0438\u0446\u0438\u043d\u0441\u043a\u043e\u0433\u043e \u043f\u0435\u0440\u0435\u0432\u043e\u0434\u0430. \u041f\u0435\u0440\u0435\u0432\u043e\u0434 \u043d\u0430 \u043f\u0435\u0440\u0435\u0433\u043e\u0432\u043e\u0440\u0430\u0445 \u0438 \u0432\u044b\u0441\u0442\u0430\u0432\u043a\u0430\u0445.\" \/>\n<meta property=\"og:url\" content=\"https:\/\/uebersetzer-deutsch-russisch.com\/dolmetschen\/\" \/>\n<meta property=\"og:site_name\" content=\"Galina Widrich - Dolmetscherin und \u00dcbersetzerin f\u00fcr Russisch\" \/>\n<meta property=\"article:modified_time\" content=\"2025-10-22T09:08:51+00:00\" \/>\n<meta name=\"twitter:card\" content=\"summary_large_image\" \/>\n<meta name=\"twitter:label1\" content=\"\u041f\u0440\u0438\u043c\u0435\u0440\u043d\u043e\u0435 \u0432\u0440\u0435\u043c\u044f \u0434\u043b\u044f \u0447\u0442\u0435\u043d\u0438\u044f\" \/>\n\t<meta name=\"twitter:data1\" content=\"2 \u043c\u0438\u043d\u0443\u0442\u044b\" \/>\n<script type=\"application\/ld+json\" class=\"yoast-schema-graph\">{\"@context\":\"https:\\\/\\\/schema.org\",\"@graph\":[{\"@type\":\"WebPage\",\"@id\":\"https:\\\/\\\/uebersetzer-deutsch-russisch.com\\\/dolmetschen\\\/\",\"url\":\"https:\\\/\\\/uebersetzer-deutsch-russisch.com\\\/dolmetschen\\\/\",\"name\":\"Dolmetschen - Beeidigte Dolmetscherin f\u00fcr Russisch in Berlin\",\"isPartOf\":{\"@id\":\"https:\\\/\\\/uebersetzer-deutsch-russisch.com\\\/#website\"},\"datePublished\":\"2016-05-13T07:29:52+00:00\",\"dateModified\":\"2025-10-22T09:08:51+00:00\",\"description\":\"Dolmetschen: Galina Widrich, allgemein beeidigte Dolmetscherin f\u00fcr Russisch - Dolmetscherservice in Fachbereichen Medizin, Recht, Wirtschaft\",\"breadcrumb\":{\"@id\":\"https:\\\/\\\/uebersetzer-deutsch-russisch.com\\\/dolmetschen\\\/#breadcrumb\"},\"inLanguage\":\"ru-RU\",\"potentialAction\":[{\"@type\":\"ReadAction\",\"target\":[\"https:\\\/\\\/uebersetzer-deutsch-russisch.com\\\/dolmetschen\\\/\"]}]},{\"@type\":\"BreadcrumbList\",\"@id\":\"https:\\\/\\\/uebersetzer-deutsch-russisch.com\\\/dolmetschen\\\/#breadcrumb\",\"itemListElement\":[{\"@type\":\"ListItem\",\"position\":1,\"name\":\"Startseite\",\"item\":\"https:\\\/\\\/uebersetzer-deutsch-russisch.com\\\/\"},{\"@type\":\"ListItem\",\"position\":2,\"name\":\"Dolmetschen\"}]},{\"@type\":\"WebSite\",\"@id\":\"https:\\\/\\\/uebersetzer-deutsch-russisch.com\\\/#website\",\"url\":\"https:\\\/\\\/uebersetzer-deutsch-russisch.com\\\/\",\"name\":\"Galina Widrich - Dolmetscherin und \u00dcbersetzerin f\u00fcr Russisch\",\"description\":\"Dolmetscherin &amp; \u00dcbersetzerin f\u00fcr Russisch\",\"potentialAction\":[{\"@type\":\"SearchAction\",\"target\":{\"@type\":\"EntryPoint\",\"urlTemplate\":\"https:\\\/\\\/uebersetzer-deutsch-russisch.com\\\/?s={search_term_string}\"},\"query-input\":{\"@type\":\"PropertyValueSpecification\",\"valueRequired\":true,\"valueName\":\"search_term_string\"}}],\"inLanguage\":\"ru-RU\"}]}<\/script>\n<!-- \/ Yoast SEO plugin. -->","yoast_head_json":{"title":"Dolmetschen - \u0413\u0430\u043b\u0438\u043d\u0430 \u0412\u0438\u0434\u0440\u0438\u0445, \u043f\u0440\u0438\u0441\u044f\u0436\u043d\u044b\u0439 \u043f\u0435\u0440\u0435\u0432\u043e\u0434\u0447\u0438\u043a","description":"Beeidigte Dolmetscherin f\u00fcr Russisch - Galina Widrich. \u0423\u0441\u043b\u0443\u0433\u0438 \u0443\u0441\u0442\u043d\u043e\u0433\u043e \u044e\u0440\u0438\u0434\u0438\u0447\u0435\u0441\u043a\u043e\u0433\u043e \u0438 \u043c\u0435\u0434\u0438\u0446\u0438\u043d\u0441\u043a\u043e\u0433\u043e \u043f\u0435\u0440\u0435\u0432\u043e\u0434\u0430. \u041f\u0435\u0440\u0435\u0432\u043e\u0434 \u043d\u0430 \u043f\u0435\u0440\u0435\u0433\u043e\u0432\u043e\u0440\u0430\u0445 \u0438 \u0432\u044b\u0441\u0442\u0430\u0432\u043a\u0430\u0445.","robots":{"index":"index","follow":"follow","max-snippet":"max-snippet:-1","max-image-preview":"max-image-preview:large","max-video-preview":"max-video-preview:-1"},"canonical":"https:\/\/uebersetzer-deutsch-russisch.com\/dolmetschen\/","og_locale":"ru_RU","og_type":"article","og_title":"Dolmetschen - \u0413\u0430\u043b\u0438\u043d\u0430 \u0412\u0438\u0434\u0440\u0438\u0445, \u043f\u0440\u0438\u0441\u044f\u0436\u043d\u044b\u0439 \u043f\u0435\u0440\u0435\u0432\u043e\u0434\u0447\u0438\u043a","og_description":"Beeidigte Dolmetscherin f\u00fcr Russisch - Galina Widrich. \u0423\u0441\u043b\u0443\u0433\u0438 \u0443\u0441\u0442\u043d\u043e\u0433\u043e \u044e\u0440\u0438\u0434\u0438\u0447\u0435\u0441\u043a\u043e\u0433\u043e \u0438 \u043c\u0435\u0434\u0438\u0446\u0438\u043d\u0441\u043a\u043e\u0433\u043e \u043f\u0435\u0440\u0435\u0432\u043e\u0434\u0430. \u041f\u0435\u0440\u0435\u0432\u043e\u0434 \u043d\u0430 \u043f\u0435\u0440\u0435\u0433\u043e\u0432\u043e\u0440\u0430\u0445 \u0438 \u0432\u044b\u0441\u0442\u0430\u0432\u043a\u0430\u0445.","og_url":"https:\/\/uebersetzer-deutsch-russisch.com\/dolmetschen\/","og_site_name":"Galina Widrich - Dolmetscherin und \u00dcbersetzerin f\u00fcr Russisch","article_modified_time":"2025-10-22T09:08:51+00:00","twitter_card":"summary_large_image","twitter_misc":{"\u041f\u0440\u0438\u043c\u0435\u0440\u043d\u043e\u0435 \u0432\u0440\u0435\u043c\u044f \u0434\u043b\u044f \u0447\u0442\u0435\u043d\u0438\u044f":"2 \u043c\u0438\u043d\u0443\u0442\u044b"},"schema":{"@context":"https:\/\/schema.org","@graph":[{"@type":"WebPage","@id":"https:\/\/uebersetzer-deutsch-russisch.com\/dolmetschen\/","url":"https:\/\/uebersetzer-deutsch-russisch.com\/dolmetschen\/","name":"Dolmetschen - Beeidigte Dolmetscherin f\u00fcr Russisch in Berlin","isPartOf":{"@id":"https:\/\/uebersetzer-deutsch-russisch.com\/#website"},"datePublished":"2016-05-13T07:29:52+00:00","dateModified":"2025-10-22T09:08:51+00:00","description":"Dolmetschen: Galina Widrich, allgemein beeidigte Dolmetscherin f\u00fcr Russisch - Dolmetscherservice in Fachbereichen Medizin, Recht, Wirtschaft","breadcrumb":{"@id":"https:\/\/uebersetzer-deutsch-russisch.com\/dolmetschen\/#breadcrumb"},"inLanguage":"ru-RU","potentialAction":[{"@type":"ReadAction","target":["https:\/\/uebersetzer-deutsch-russisch.com\/dolmetschen\/"]}]},{"@type":"BreadcrumbList","@id":"https:\/\/uebersetzer-deutsch-russisch.com\/dolmetschen\/#breadcrumb","itemListElement":[{"@type":"ListItem","position":1,"name":"Startseite","item":"https:\/\/uebersetzer-deutsch-russisch.com\/"},{"@type":"ListItem","position":2,"name":"Dolmetschen"}]},{"@type":"WebSite","@id":"https:\/\/uebersetzer-deutsch-russisch.com\/#website","url":"https:\/\/uebersetzer-deutsch-russisch.com\/","name":"Galina Widrich - Dolmetscherin und \u00dcbersetzerin f\u00fcr Russisch","description":"Dolmetscherin &amp; \u00dcbersetzerin f\u00fcr Russisch","potentialAction":[{"@type":"SearchAction","target":{"@type":"EntryPoint","urlTemplate":"https:\/\/uebersetzer-deutsch-russisch.com\/?s={search_term_string}"},"query-input":{"@type":"PropertyValueSpecification","valueRequired":true,"valueName":"search_term_string"}}],"inLanguage":"ru-RU"}]}},"_links":{"self":[{"href":"https:\/\/uebersetzer-deutsch-russisch.com\/ru\/wp-json\/wp\/v2\/pages\/18","targetHints":{"allow":["GET"]}}],"collection":[{"href":"https:\/\/uebersetzer-deutsch-russisch.com\/ru\/wp-json\/wp\/v2\/pages"}],"about":[{"href":"https:\/\/uebersetzer-deutsch-russisch.com\/ru\/wp-json\/wp\/v2\/types\/page"}],"author":[{"embeddable":true,"href":"https:\/\/uebersetzer-deutsch-russisch.com\/ru\/wp-json\/wp\/v2\/users\/1"}],"replies":[{"embeddable":true,"href":"https:\/\/uebersetzer-deutsch-russisch.com\/ru\/wp-json\/wp\/v2\/comments?post=18"}],"version-history":[{"count":12,"href":"https:\/\/uebersetzer-deutsch-russisch.com\/ru\/wp-json\/wp\/v2\/pages\/18\/revisions"}],"predecessor-version":[{"id":359,"href":"https:\/\/uebersetzer-deutsch-russisch.com\/ru\/wp-json\/wp\/v2\/pages\/18\/revisions\/359"}],"wp:attachment":[{"href":"https:\/\/uebersetzer-deutsch-russisch.com\/ru\/wp-json\/wp\/v2\/media?parent=18"}],"curies":[{"name":"wp","href":"https:\/\/api.w.org\/{rel}","templated":true}]}}