{"id":2,"date":"2016-03-30T15:30:13","date_gmt":"2016-03-30T15:30:13","guid":{"rendered":"http:\/?page_id=2"},"modified":"2025-10-22T11:00:26","modified_gmt":"2025-10-22T09:00:26","slug":"home","status":"publish","type":"page","link":"https:\/\/uebersetzer-deutsch-russisch.com\/ru\/","title":{"rendered":"\u0413\u043b\u0430\u0432\u043d\u0430\u044f"},"content":{"rendered":"<p><img loading=\"lazy\" decoding=\"async\" class=\"size-full wp-image-93\" src=\"https:\/\/uebersetzer-deutsch-russisch.com\/wp-content\/uploads\/Galina-Widrich-Dolmetscherin-und-\u00dcbersetzerin-Deutsch-Russisch-Kopie-1.jpg\" alt=\"\u00dcbersetzerin Russisch Berlin\" width=\"1024\" height=\"550\" srcset=\"https:\/\/uebersetzer-deutsch-russisch.com\/wp-content\/uploads\/Galina-Widrich-Dolmetscherin-und-\u00dcbersetzerin-Deutsch-Russisch-Kopie-1.jpg 1024w, https:\/\/uebersetzer-deutsch-russisch.com\/wp-content\/uploads\/Galina-Widrich-Dolmetscherin-und-\u00dcbersetzerin-Deutsch-Russisch-Kopie-1-300x161.jpg 300w\" sizes=\"auto, (max-width: 1024px) 100vw, 1024px\"><\/p>\n<h6 style=\"text-align: justify;\">\u0412\u0430\u043c \u043d\u0435\u043e\u0431\u0445\u043e\u0434\u0438\u043c <a href=\"https:\/\/uebersetzer-deutsch-russisch.com\/ru\/uebersetzungen\/beglaubigte-uebersetzungen\/\">\u0437\u0430\u0432\u0435\u0440\u0435\u043d\u043d\u044b\u0439 \u043f\u0435\u0440\u0435\u0432\u043e\u0434<\/a> \u0432\u0430\u0448\u0438\u0445 \u0434\u043e\u043a\u0443\u043c\u0435\u043d\u0442\u043e\u0432 \u0434\u043b\u044f \u043f\u0440\u0435\u0434\u043e\u0441\u0442\u0430\u0432\u043b\u0435\u043d\u0438\u044f \u0432 \u043e\u0440\u0433\u0430\u043d\u044b \u0433\u043e\u0441\u0443\u0434\u0430\u0440\u0441\u0442\u0432\u0435\u043d\u043d\u043e\u0439 \u0432\u043b\u0430\u0441\u0442\u0438 <span class=\"caps\">\u0424\u0420\u0413<\/span> \u0438\u043b\u0438 \u0438\u043d\u044b\u0435 \u0432\u0435\u0434\u043e\u043c\u0441\u0442\u0432\u0430?<\/h6>\n<h6 style=\"text-align: justify;\">\u0412\u044b \u0438\u0449\u0435\u0442\u0435 \u0432\u044b\u0441\u043e\u043a\u043e\u043a\u0432\u0430\u043b\u0438\u0444\u0438\u0446\u0438\u0440\u043e\u0432\u0430\u043d\u043d\u043e\u0433\u043e \u043f\u0435\u0440\u0435\u0432\u043e\u0434\u0447\u0438\u043a\u0430 \u0440\u0443\u0441\u0441\u043a\u043e\u0433\u043e \u044f\u0437\u044b\u043a\u0430, \u043a\u043e\u0442\u043e\u0440\u044b\u0439 \u0441\u043c\u043e\u0436\u0435\u0442 \u043a\u0430\u0447\u0435\u0441\u0442\u0432\u0435\u043d\u043d\u043e \u0432\u044b\u043f\u043e\u043b\u043d\u0438\u0442\u044c \u0434\u043b\u044f \u0432\u0430\u0441 \u043f\u0438\u0441\u044c\u043c\u0435\u043d\u043d\u044b\u0439 \u043f\u0435\u0440\u0435\u0432\u043e\u0434 \u0438\u043b\u0438 \u0441\u043e\u043f\u0440\u043e\u0432\u043e\u0434\u0438\u0442\u044c \u0432\u0430\u0441 \u043f\u0440\u0438 \u043f\u043e\u0441\u0435\u0449\u0435\u043d\u0438\u0438 \u043e\u0444\u0438\u0446\u0438\u0430\u043b\u044c\u043d\u044b\u0445 \u0443\u0447\u0440\u0435\u0436\u0434\u0435\u043d\u0438\u0439, \u0432\u043e \u0432\u0440\u0435\u043c\u044f \u043f\u0435\u0440\u0435\u0433\u043e\u0432\u043e\u0440\u043e\u0432 \u0438 \u0432\u0441\u0442\u0440\u0435\u0447?<\/h6>\n<h6 style=\"text-align: justify;\">\u0422\u043e\u0433\u0434\u0430 \u044f \u043f\u0440\u0438\u0433\u043b\u0430\u0448\u0430\u044e \u0432\u0430\u0441 \u043e\u0437\u043d\u0430\u043a\u043e\u043c\u0438\u0442\u044c\u0441\u044f \u0441 \u043c\u043e\u0438\u043c\u0438 \u0443\u0441\u043b\u0443\u0433\u0430\u043c\u0438 \u043d\u0430 \u044d\u0442\u043e\u043c&nbsp;\u0441\u0430\u0439\u0442\u0435.<\/h6>\n<h6 style=\"text-align: justify;\">\u0415\u0441\u043b\u0438 \u0443 \u0432\u0430\u0441 \u0432\u043e\u0437\u043d\u0438\u043a\u043d\u0443\u0442 \u043a\u0430\u043a\u0438\u0435-\u043b\u0438\u0431\u043e \u0432\u043e\u043f\u0440\u043e\u0441\u044b, \u0432\u044b \u043c\u043e\u0436\u0435\u0442\u0435 <a href=\"https:\/\/uebersetzer-deutsch-russisch.com\/kontakt\/\">\u043e\u0431\u0440\u0430\u0442\u0438\u0442\u044c\u0441\u044f<\/a> \u043a\u043e \u043c\u043d\u0435 \u043b\u0438\u0447\u043d\u043e \u0438 \u0437\u0430\u043f\u0440\u043e\u0441\u0438\u0442\u044c \u0441\u0442\u043e\u0438\u043c\u043e\u0441\u0442\u044c \u0438\u043d\u0442\u0435\u0440\u0435\u0441\u0443\u044e\u0449\u0435\u0433\u043e \u0432\u0430\u0441 \u043f\u0435\u0440\u0435\u0432\u043e\u0434\u0430.<\/h6>\n<hr>\n<h4 style=\"text-align: center;\"><strong>\u0413\u0430\u043b\u0438\u043d\u0430 \u0412\u0438\u0434\u0440\u0438\u0445<br>\n<\/strong><\/h4>\n<h5 style=\"text-align: center;\"><strong>\u041f\u0440\u0438\u0441\u044f\u0436\u043d\u044b\u0439 \u0438 \u0443\u043f\u043e\u043b\u043d\u043e\u043c\u043e\u0447\u0435\u043d\u043d\u044b\u0439 \u043f\u0435\u0440\u0435\u0432\u043e\u0434\u0447\u0438\u043a \u0440\u0443\u0441\u0441\u043a\u043e\u0433\u043e \u044f\u0437\u044b\u043a\u0430 \u0434\u043b\u044f \u0441\u0443\u0434\u043e\u0432 \u0438 \u043d\u043e\u0442\u0430\u0440\u0438\u0443\u0441\u043e\u0432 \u0411\u0435\u0440\u043b\u0438\u043d\u0430<br>\n<\/strong><\/h5>\n<h6 style=\"text-align: center;\">\u0427\u043b\u0435\u043d \u044d\u043a\u0437\u0430\u043c\u0435\u043d\u0430\u0446\u0438\u043e\u043d\u043d\u043e\u0439 \u043a\u043e\u043c\u0438\u0441\u0441\u0438\u0438 <a href=\"https:\/\/www.berlin.de\/sen\/bjf\/service\/pruefungsamt-fuer-uebersetzer\/\">\u0413\u043e\u0441\u0443\u0434\u0430\u0440\u0441\u0442\u0432\u0435\u043d\u043d\u043e\u0433\u043e \u044d\u043a\u0437\u0430\u043c\u0435\u043d\u0430\u0446\u0438\u043e\u043d\u043d\u043e\u0433\u043e \u0432\u0435\u0434\u043e\u043c\u0441\u0442\u0432\u0430 \u0434\u043b\u044f \u043f\u0435\u0440\u0435\u0432\u043e\u0434\u0447\u0438\u043a\u043e\u0432<\/a> \u0432 \u0411\u0435\u0440\u043b\u0438\u043d\u0435&nbsp;<u><\/u><\/h6>\n<h6 style=\"text-align: center;\">\u0427\u043b\u0435\u043d \u0424\u0435\u0434\u0435\u0440\u0430\u043b\u044c\u043d\u043e\u0433\u043e \u0441\u043e\u044e\u0437\u0430 \u0443\u0441\u0442\u043d\u044b\u0445 \u0438 \u043f\u0438\u0441\u044c\u043c\u0435\u043d\u043d\u044b\u0445 \u043f\u0435\u0440\u0435\u0432\u043e\u0434\u0447\u0438\u043a\u043e\u0432 (<a href=\"https:\/\/bdue.de\/der-bdue\/\"><span class=\"caps\">BD\u00dc<\/span><\/a>)<\/h6>\n","protected":false},"excerpt":{"rendered":"<p>\u0412\u0430\u043c \u043d\u0435\u043e\u0431\u0445\u043e\u0434\u0438\u043c \u0437\u0430\u0432\u0435\u0440\u0435\u043d\u043d\u044b\u0439 \u043f\u0435\u0440\u0435\u0432\u043e\u0434 \u0432\u0430\u0448\u0438\u0445 \u0434\u043e\u043a\u0443\u043c\u0435\u043d\u0442\u043e\u0432 \u0434\u043b\u044f \u043f\u0440\u0435\u0434\u043e\u0441\u0442\u0430\u0432\u043b\u0435\u043d\u0438\u044f \u0432 \u043e\u0440\u0433\u0430\u043d\u044b \u0433\u043e\u0441\u0443\u0434\u0430\u0440\u0441\u0442\u0432\u0435\u043d\u043d\u043e\u0439 \u0432\u043b\u0430\u0441\u0442\u0438 <span class=\"caps\">\u0424\u0420\u0413<\/span> \u0438\u043b\u0438 \u0438\u043d\u044b\u0435 \u0432\u0435\u0434\u043e\u043c\u0441\u0442\u0432\u0430? \u0412\u044b \u0438\u0449\u0435\u0442\u0435 \u0432\u044b\u0441\u043e\u043a\u043e\u043a\u0432\u0430\u043b\u0438\u0444\u0438\u0446\u0438\u0440\u043e\u0432\u0430\u043d\u043d\u043e\u0433\u043e \u043f\u0435\u0440\u0435\u0432\u043e\u0434\u0447\u0438\u043a\u0430 \u0440\u0443\u0441\u0441\u043a\u043e\u0433\u043e \u044f\u0437\u044b\u043a\u0430, \u043a\u043e\u0442\u043e\u0440\u044b\u0439 \u0441\u043c\u043e\u0436\u0435\u0442 \u043a\u0430\u0447\u0435\u0441\u0442\u0432\u0435\u043d\u043d\u043e \u0432\u044b\u043f\u043e\u043b\u043d\u0438\u0442\u044c \u0434\u043b\u044f \u0432\u0430\u0441 \u043f\u0438\u0441\u044c\u043c\u0435\u043d\u043d\u044b\u0439 \u043f\u0435\u0440\u0435\u0432\u043e\u0434 \u0438\u043b\u0438 \u0441\u043e\u043f\u0440\u043e\u0432\u043e\u0434\u0438\u0442\u044c \u0432\u0430\u0441 \u043f\u0440\u0438 \u043f\u043e\u0441\u0435\u0449\u0435\u043d\u0438\u0438 \u043e\u0444\u0438\u0446\u0438\u0430\u043b\u044c\u043d\u044b\u0445 \u0443\u0447\u0440\u0435\u0436\u0434\u0435\u043d\u0438\u0439, \u0432\u043e \u0432\u0440\u0435\u043c\u044f \u043f\u0435\u0440\u0435\u0433\u043e\u0432\u043e\u0440\u043e\u0432 \u0438 \u0432\u0441\u0442\u0440\u0435\u0447? \u0422\u043e\u0433\u0434\u0430 \u044f \u043f\u0440\u0438\u0433\u043b\u0430\u0448\u0430\u044e \u0432\u0430\u0441 \u043e\u0437\u043d\u0430\u043a\u043e\u043c\u0438\u0442\u044c\u0441\u044f \u0441 \u043c\u043e\u0438\u043c\u0438 \u0443\u0441\u043b\u0443\u0433\u0430\u043c\u0438 \u043d\u0430 \u044d\u0442\u043e\u043c&nbsp;\u0441\u0430\u0439\u0442\u0435. \u0415\u0441\u043b\u0438 \u0443 \u0432\u0430\u0441 \u2026 <a href=\"https:\/\/uebersetzer-deutsch-russisch.com\/ru\/\" class=\"readmore\">Con\u00adtin\u00adue read\u00ading <span class=\"screen-reader-text\">\u0413\u043b\u0430\u0432\u043d\u0430\u044f<\/span> \u2192<\/a><\/p>\n","protected":false},"author":1,"featured_media":83,"parent":0,"menu_order":1,"comment_status":"closed","ping_status":"closed","template":"template-fullwidth.php","meta":{"wp_typography_post_enhancements_disabled":false,"footnotes":""},"class_list":["post-2","page","type-page","status-publish","has-post-thumbnail","hentry"],"translation":{"provider":"WPGlobus","version":"3.0.2","language":"ru","enabled_languages":["de","ru"],"languages":{"de":{"title":true,"content":true,"excerpt":false},"ru":{"title":true,"content":true,"excerpt":false}}},"yoast_head":"<!-- This site is optimized with the Yoast SEO plugin v27.5 - https:\/\/yoast.com\/product\/yoast-seo-wordpress\/ -->\n<title>\u0413\u0430\u043b\u0438\u043d\u0430 \u0412\u0438\u0434\u0440\u0438\u0445 - \u0423\u043f\u043e\u043b\u043d\u043e\u043c\u043e\u0447\u0435\u043d\u043d\u044b\u0439 \u043f\u0435\u0440\u0435\u0432\u043e\u0434\u0447\u0438\u043a \u0440\u0443\u0441\u0441\u043a\u043e\u0433\u043e \u044f\u0437\u044b\u043a\u0430 \u0432 \u0411\u0435\u0440\u043b\u0438\u043d\u0435<\/title>\n<meta name=\"description\" content=\"\u0413\u0430\u043b\u0438\u043d\u0430 \u0412\u0438\u0434\u0440\u0438\u0445 - \u041f\u0440\u0438\u0441\u044f\u0436\u043d\u044b\u0439 \u043f\u0435\u0440\u0435\u0432\u043e\u0434\u0447\u0438\u043a \u0440\u0443\u0441\u0441\u043a\u043e\u0433\u043e \u044f\u0437\u044b\u043a\u0430 \u0432 \u0411\u0435\u0440\u043b\u0438\u043d\u0435. \u0417\u0430\u0432\u0435\u0440\u0435\u043d\u043d\u044b\u0435 \u043f\u0435\u0440\u0435\u0432\u043e\u0434\u044b \u0434\u043e\u043a\u0443\u043c\u0435\u043d\u0442\u043e\u0432, \u043c\u0435\u0434\u0438\u0446\u0438\u043d\u0441\u043a\u0438\u0435 \u0438 \u044e\u0440\u0438\u0434\u0438\u0447\u0435\u0441\u043a\u0438\u0435 \u043f\u0435\u0440\u0435\u0432\u043e\u0434\u044b. \u0423\u0441\u043b\u0443\u0433\u0438 \u0443\u0441\u0442\u043d\u043e\u0433\u043e \u043f\u0435\u0440\u0435\u0432\u043e\u0434\u0430.\" \/>\n<meta name=\"robots\" content=\"index, follow, max-snippet:-1, max-image-preview:large, max-video-preview:-1\" \/>\n<link rel=\"canonical\" href=\"https:\/\/uebersetzer-deutsch-russisch.com\/\" \/>\n<meta property=\"og:locale\" content=\"ru_RU\" \/>\n<meta property=\"og:type\" content=\"article\" \/>\n<meta property=\"og:title\" content=\"\u0413\u0430\u043b\u0438\u043d\u0430 \u0412\u0438\u0434\u0440\u0438\u0445 - \u0423\u043f\u043e\u043b\u043d\u043e\u043c\u043e\u0447\u0435\u043d\u043d\u044b\u0439 \u043f\u0435\u0440\u0435\u0432\u043e\u0434\u0447\u0438\u043a \u0440\u0443\u0441\u0441\u043a\u043e\u0433\u043e \u044f\u0437\u044b\u043a\u0430 \u0432 \u0411\u0435\u0440\u043b\u0438\u043d\u0435\" \/>\n<meta property=\"og:description\" content=\"\u0413\u0430\u043b\u0438\u043d\u0430 \u0412\u0438\u0434\u0440\u0438\u0445 - \u041f\u0440\u0438\u0441\u044f\u0436\u043d\u044b\u0439 \u043f\u0435\u0440\u0435\u0432\u043e\u0434\u0447\u0438\u043a \u0440\u0443\u0441\u0441\u043a\u043e\u0433\u043e \u044f\u0437\u044b\u043a\u0430 \u0432 \u0411\u0435\u0440\u043b\u0438\u043d\u0435. \u0417\u0430\u0432\u0435\u0440\u0435\u043d\u043d\u044b\u0435 \u043f\u0435\u0440\u0435\u0432\u043e\u0434\u044b \u0434\u043e\u043a\u0443\u043c\u0435\u043d\u0442\u043e\u0432, \u043c\u0435\u0434\u0438\u0446\u0438\u043d\u0441\u043a\u0438\u0435 \u0438 \u044e\u0440\u0438\u0434\u0438\u0447\u0435\u0441\u043a\u0438\u0435 \u043f\u0435\u0440\u0435\u0432\u043e\u0434\u044b. \u0423\u0441\u043b\u0443\u0433\u0438 \u0443\u0441\u0442\u043d\u043e\u0433\u043e \u043f\u0435\u0440\u0435\u0432\u043e\u0434\u0430.\" \/>\n<meta property=\"og:url\" content=\"https:\/\/uebersetzer-deutsch-russisch.com\/\" \/>\n<meta property=\"og:site_name\" content=\"Galina Widrich - Dolmetscherin und \u00dcbersetzerin f\u00fcr Russisch\" \/>\n<meta property=\"article:modified_time\" content=\"2025-10-22T09:00:26+00:00\" \/>\n<meta property=\"og:image\" content=\"https:\/\/uebersetzer-deutsch-russisch.com\/wp-content\/uploads\/Galina-Widrich-Dolmetscherin-und-\u00dcbersetzerin-Deutsch-Russisch-1024x684.jpg\" \/>\n\t<meta property=\"og:image:width\" content=\"1024\" \/>\n\t<meta property=\"og:image:height\" content=\"684\" \/>\n\t<meta property=\"og:image:type\" content=\"image\/jpeg\" \/>\n<meta name=\"twitter:card\" content=\"summary_large_image\" \/>\n<meta name=\"twitter:label1\" content=\"\u041f\u0440\u0438\u043c\u0435\u0440\u043d\u043e\u0435 \u0432\u0440\u0435\u043c\u044f \u0434\u043b\u044f \u0447\u0442\u0435\u043d\u0438\u044f\" \/>\n\t<meta name=\"twitter:data1\" content=\"2 \u043c\u0438\u043d\u0443\u0442\u044b\" \/>\n<script type=\"application\/ld+json\" class=\"yoast-schema-graph\">{\"@context\":\"https:\\\/\\\/schema.org\",\"@graph\":[{\"@type\":\"WebPage\",\"@id\":\"https:\\\/\\\/uebersetzer-deutsch-russisch.com\\\/\",\"url\":\"https:\\\/\\\/uebersetzer-deutsch-russisch.com\\\/\",\"name\":\"Galina Widrich - Dolmetscherin und \u00dcbersetzerin Russisch Berlin\",\"isPartOf\":{\"@id\":\"https:\\\/\\\/uebersetzer-deutsch-russisch.com\\\/#website\"},\"primaryImageOfPage\":{\"@id\":\"https:\\\/\\\/uebersetzer-deutsch-russisch.com\\\/#primaryimage\"},\"image\":{\"@id\":\"https:\\\/\\\/uebersetzer-deutsch-russisch.com\\\/#primaryimage\"},\"thumbnailUrl\":\"https:\\\/\\\/uebersetzer-deutsch-russisch.com\\\/wp-content\\\/uploads\\\/Galina-Widrich-Dolmetscherin-und-\u00dcbersetzerin-Deutsch-Russisch.jpg\",\"datePublished\":\"2016-03-30T15:30:13+00:00\",\"dateModified\":\"2025-10-22T09:00:26+00:00\",\"description\":\"Galina Widrich - Beeidigte Dolmetscherin und erm\u00e4chtigte \u00dcbersetzerin f\u00fcr Russisch in Berlin\",\"breadcrumb\":{\"@id\":\"https:\\\/\\\/uebersetzer-deutsch-russisch.com\\\/#breadcrumb\"},\"inLanguage\":\"ru-RU\",\"potentialAction\":[{\"@type\":\"ReadAction\",\"target\":[\"https:\\\/\\\/uebersetzer-deutsch-russisch.com\\\/\"]}]},{\"@type\":\"ImageObject\",\"inLanguage\":\"ru-RU\",\"@id\":\"https:\\\/\\\/uebersetzer-deutsch-russisch.com\\\/#primaryimage\",\"url\":\"https:\\\/\\\/uebersetzer-deutsch-russisch.com\\\/wp-content\\\/uploads\\\/Galina-Widrich-Dolmetscherin-und-\u00dcbersetzerin-Deutsch-Russisch.jpg\",\"contentUrl\":\"https:\\\/\\\/uebersetzer-deutsch-russisch.com\\\/wp-content\\\/uploads\\\/Galina-Widrich-Dolmetscherin-und-\u00dcbersetzerin-Deutsch-Russisch.jpg\",\"width\":6016,\"height\":4016,\"caption\":\"\u00dcbersetzungen Deutsch-Russisch in Berlin\"},{\"@type\":\"BreadcrumbList\",\"@id\":\"https:\\\/\\\/uebersetzer-deutsch-russisch.com\\\/#breadcrumb\",\"itemListElement\":[{\"@type\":\"ListItem\",\"position\":1,\"name\":\"Startseite\",\"item\":\"https:\\\/\\\/uebersetzer-deutsch-russisch.com\\\/\"},{\"@type\":\"ListItem\",\"position\":2,\"name\":\"Home\"}]},{\"@type\":\"WebSite\",\"@id\":\"https:\\\/\\\/uebersetzer-deutsch-russisch.com\\\/#website\",\"url\":\"https:\\\/\\\/uebersetzer-deutsch-russisch.com\\\/\",\"name\":\"Galina Widrich - Dolmetscherin und \u00dcbersetzerin f\u00fcr Russisch\",\"description\":\"Dolmetscherin &amp; \u00dcbersetzerin f\u00fcr Russisch\",\"potentialAction\":[{\"@type\":\"SearchAction\",\"target\":{\"@type\":\"EntryPoint\",\"urlTemplate\":\"https:\\\/\\\/uebersetzer-deutsch-russisch.com\\\/?s={search_term_string}\"},\"query-input\":{\"@type\":\"PropertyValueSpecification\",\"valueRequired\":true,\"valueName\":\"search_term_string\"}}],\"inLanguage\":\"ru-RU\"}]}<\/script>\n<!-- \/ Yoast SEO plugin. -->","yoast_head_json":{"title":"\u0413\u0430\u043b\u0438\u043d\u0430 \u0412\u0438\u0434\u0440\u0438\u0445 - \u0423\u043f\u043e\u043b\u043d\u043e\u043c\u043e\u0447\u0435\u043d\u043d\u044b\u0439 \u043f\u0435\u0440\u0435\u0432\u043e\u0434\u0447\u0438\u043a \u0440\u0443\u0441\u0441\u043a\u043e\u0433\u043e \u044f\u0437\u044b\u043a\u0430 \u0432 \u0411\u0435\u0440\u043b\u0438\u043d\u0435","description":"\u0413\u0430\u043b\u0438\u043d\u0430 \u0412\u0438\u0434\u0440\u0438\u0445 - \u041f\u0440\u0438\u0441\u044f\u0436\u043d\u044b\u0439 \u043f\u0435\u0440\u0435\u0432\u043e\u0434\u0447\u0438\u043a \u0440\u0443\u0441\u0441\u043a\u043e\u0433\u043e \u044f\u0437\u044b\u043a\u0430 \u0432 \u0411\u0435\u0440\u043b\u0438\u043d\u0435. \u0417\u0430\u0432\u0435\u0440\u0435\u043d\u043d\u044b\u0435 \u043f\u0435\u0440\u0435\u0432\u043e\u0434\u044b \u0434\u043e\u043a\u0443\u043c\u0435\u043d\u0442\u043e\u0432, \u043c\u0435\u0434\u0438\u0446\u0438\u043d\u0441\u043a\u0438\u0435 \u0438 \u044e\u0440\u0438\u0434\u0438\u0447\u0435\u0441\u043a\u0438\u0435 \u043f\u0435\u0440\u0435\u0432\u043e\u0434\u044b. \u0423\u0441\u043b\u0443\u0433\u0438 \u0443\u0441\u0442\u043d\u043e\u0433\u043e \u043f\u0435\u0440\u0435\u0432\u043e\u0434\u0430.","robots":{"index":"index","follow":"follow","max-snippet":"max-snippet:-1","max-image-preview":"max-image-preview:large","max-video-preview":"max-video-preview:-1"},"canonical":"https:\/\/uebersetzer-deutsch-russisch.com\/","og_locale":"ru_RU","og_type":"article","og_title":"\u0413\u0430\u043b\u0438\u043d\u0430 \u0412\u0438\u0434\u0440\u0438\u0445 - \u0423\u043f\u043e\u043b\u043d\u043e\u043c\u043e\u0447\u0435\u043d\u043d\u044b\u0439 \u043f\u0435\u0440\u0435\u0432\u043e\u0434\u0447\u0438\u043a \u0440\u0443\u0441\u0441\u043a\u043e\u0433\u043e \u044f\u0437\u044b\u043a\u0430 \u0432 \u0411\u0435\u0440\u043b\u0438\u043d\u0435","og_description":"\u0413\u0430\u043b\u0438\u043d\u0430 \u0412\u0438\u0434\u0440\u0438\u0445 - \u041f\u0440\u0438\u0441\u044f\u0436\u043d\u044b\u0439 \u043f\u0435\u0440\u0435\u0432\u043e\u0434\u0447\u0438\u043a \u0440\u0443\u0441\u0441\u043a\u043e\u0433\u043e \u044f\u0437\u044b\u043a\u0430 \u0432 \u0411\u0435\u0440\u043b\u0438\u043d\u0435. \u0417\u0430\u0432\u0435\u0440\u0435\u043d\u043d\u044b\u0435 \u043f\u0435\u0440\u0435\u0432\u043e\u0434\u044b \u0434\u043e\u043a\u0443\u043c\u0435\u043d\u0442\u043e\u0432, \u043c\u0435\u0434\u0438\u0446\u0438\u043d\u0441\u043a\u0438\u0435 \u0438 \u044e\u0440\u0438\u0434\u0438\u0447\u0435\u0441\u043a\u0438\u0435 \u043f\u0435\u0440\u0435\u0432\u043e\u0434\u044b. \u0423\u0441\u043b\u0443\u0433\u0438 \u0443\u0441\u0442\u043d\u043e\u0433\u043e \u043f\u0435\u0440\u0435\u0432\u043e\u0434\u0430.","og_url":"https:\/\/uebersetzer-deutsch-russisch.com\/","og_site_name":"Galina Widrich - Dolmetscherin und \u00dcbersetzerin f\u00fcr Russisch","article_modified_time":"2025-10-22T09:00:26+00:00","og_image":[{"width":1024,"height":684,"url":"https:\/\/uebersetzer-deutsch-russisch.com\/wp-content\/uploads\/Galina-Widrich-Dolmetscherin-und-\u00dcbersetzerin-Deutsch-Russisch-1024x684.jpg","type":"image\/jpeg"}],"twitter_card":"summary_large_image","twitter_misc":{"\u041f\u0440\u0438\u043c\u0435\u0440\u043d\u043e\u0435 \u0432\u0440\u0435\u043c\u044f \u0434\u043b\u044f \u0447\u0442\u0435\u043d\u0438\u044f":"2 \u043c\u0438\u043d\u0443\u0442\u044b"},"schema":{"@context":"https:\/\/schema.org","@graph":[{"@type":"WebPage","@id":"https:\/\/uebersetzer-deutsch-russisch.com\/","url":"https:\/\/uebersetzer-deutsch-russisch.com\/","name":"Galina Widrich - Dolmetscherin und \u00dcbersetzerin Russisch Berlin","isPartOf":{"@id":"https:\/\/uebersetzer-deutsch-russisch.com\/#website"},"primaryImageOfPage":{"@id":"https:\/\/uebersetzer-deutsch-russisch.com\/#primaryimage"},"image":{"@id":"https:\/\/uebersetzer-deutsch-russisch.com\/#primaryimage"},"thumbnailUrl":"https:\/\/uebersetzer-deutsch-russisch.com\/wp-content\/uploads\/Galina-Widrich-Dolmetscherin-und-\u00dcbersetzerin-Deutsch-Russisch.jpg","datePublished":"2016-03-30T15:30:13+00:00","dateModified":"2025-10-22T09:00:26+00:00","description":"Galina Widrich - Beeidigte Dolmetscherin und erm\u00e4chtigte \u00dcbersetzerin f\u00fcr Russisch in Berlin","breadcrumb":{"@id":"https:\/\/uebersetzer-deutsch-russisch.com\/#breadcrumb"},"inLanguage":"ru-RU","potentialAction":[{"@type":"ReadAction","target":["https:\/\/uebersetzer-deutsch-russisch.com\/"]}]},{"@type":"ImageObject","inLanguage":"ru-RU","@id":"https:\/\/uebersetzer-deutsch-russisch.com\/#primaryimage","url":"https:\/\/uebersetzer-deutsch-russisch.com\/wp-content\/uploads\/Galina-Widrich-Dolmetscherin-und-\u00dcbersetzerin-Deutsch-Russisch.jpg","contentUrl":"https:\/\/uebersetzer-deutsch-russisch.com\/wp-content\/uploads\/Galina-Widrich-Dolmetscherin-und-\u00dcbersetzerin-Deutsch-Russisch.jpg","width":6016,"height":4016,"caption":"\u00dcbersetzungen Deutsch-Russisch in Berlin"},{"@type":"BreadcrumbList","@id":"https:\/\/uebersetzer-deutsch-russisch.com\/#breadcrumb","itemListElement":[{"@type":"ListItem","position":1,"name":"Startseite","item":"https:\/\/uebersetzer-deutsch-russisch.com\/"},{"@type":"ListItem","position":2,"name":"Home"}]},{"@type":"WebSite","@id":"https:\/\/uebersetzer-deutsch-russisch.com\/#website","url":"https:\/\/uebersetzer-deutsch-russisch.com\/","name":"Galina Widrich - Dolmetscherin und \u00dcbersetzerin f\u00fcr Russisch","description":"Dolmetscherin &amp; \u00dcbersetzerin f\u00fcr Russisch","potentialAction":[{"@type":"SearchAction","target":{"@type":"EntryPoint","urlTemplate":"https:\/\/uebersetzer-deutsch-russisch.com\/?s={search_term_string}"},"query-input":{"@type":"PropertyValueSpecification","valueRequired":true,"valueName":"search_term_string"}}],"inLanguage":"ru-RU"}]}},"_links":{"self":[{"href":"https:\/\/uebersetzer-deutsch-russisch.com\/ru\/wp-json\/wp\/v2\/pages\/2","targetHints":{"allow":["GET"]}}],"collection":[{"href":"https:\/\/uebersetzer-deutsch-russisch.com\/ru\/wp-json\/wp\/v2\/pages"}],"about":[{"href":"https:\/\/uebersetzer-deutsch-russisch.com\/ru\/wp-json\/wp\/v2\/types\/page"}],"author":[{"embeddable":true,"href":"https:\/\/uebersetzer-deutsch-russisch.com\/ru\/wp-json\/wp\/v2\/users\/1"}],"replies":[{"embeddable":true,"href":"https:\/\/uebersetzer-deutsch-russisch.com\/ru\/wp-json\/wp\/v2\/comments?post=2"}],"version-history":[{"count":47,"href":"https:\/\/uebersetzer-deutsch-russisch.com\/ru\/wp-json\/wp\/v2\/pages\/2\/revisions"}],"predecessor-version":[{"id":320,"href":"https:\/\/uebersetzer-deutsch-russisch.com\/ru\/wp-json\/wp\/v2\/pages\/2\/revisions\/320"}],"wp:featuredmedia":[{"embeddable":true,"href":"https:\/\/uebersetzer-deutsch-russisch.com\/ru\/wp-json\/wp\/v2\/media\/83"}],"wp:attachment":[{"href":"https:\/\/uebersetzer-deutsch-russisch.com\/ru\/wp-json\/wp\/v2\/media?parent=2"}],"curies":[{"name":"wp","href":"https:\/\/api.w.org\/{rel}","templated":true}]}}