{"id":38,"date":"2016-08-11T14:20:12","date_gmt":"2016-08-11T12:20:12","guid":{"rendered":"http:\/\/uebersetzer-deutsch-russisch.com\/?page_id=38"},"modified":"2025-10-22T11:01:23","modified_gmt":"2025-10-22T09:01:23","slug":"preise","status":"publish","type":"page","link":"https:\/\/uebersetzer-deutsch-russisch.com\/ru\/preise\/","title":{"rendered":"\u0426\u0435\u043d\u044b"},"content":{"rendered":"<h5><strong>\u041f\u0438\u0441\u044c\u043c\u0435\u043d\u043d\u044b\u0435<\/strong> <strong>\u043f\u0435\u0440\u0435\u0432\u043e\u0434\u044b<\/strong><\/h5>\n<h6>\u0420\u0430\u0441\u0447\u0451\u0442 \u0441\u0442\u043e\u0438\u043c\u043e\u0441\u0442\u0438 \u043f\u0438\u0441\u044c\u043c\u0435\u043d\u043d\u043e\u0433\u043e \u043f\u0435\u0440\u0435\u0432\u043e\u0434\u0430 \u043e\u0441\u0443\u0449\u0435\u0441\u0442\u0432\u043b\u044f\u0435\u0442\u0441\u044f \u0438\u0441\u0445\u043e\u0434\u044f \u0438\u0437 \u0446\u0435\u043d\u044b \u0437\u0430 \u043d\u043e\u0440\u043c\u0438\u0440\u043e\u0432\u0430\u043d\u043d\u0443\u044e \u0441\u0442\u0440\u043e\u043a\u0443 \u0438\u0441\u0445\u043e\u0434\u043d\u043e\u0433\u043e \u0442\u0435\u043a\u0441\u0442\u0430 (55 \u0443\u0434\u0430\u0440\u043e\u0432, \u0432\u043a\u043b\u044e\u0447\u0430\u044f \u043f\u0440\u043e\u0431\u0435\u043b\u044b \u0438 \u0437\u043d\u0430\u043a\u0438 \u043f\u0440\u0435\u043f\u0438\u043d\u0430\u043d\u0438\u044f). \u041f\u0440\u0438 \u044d\u0442\u043e\u043c \u0432\u043e \u0432\u043d\u0438\u043c\u0430\u043d\u0438\u0435 \u043f\u0440\u0438\u043d\u0438\u043c\u0430\u044e\u0442\u0441\u044f \u0442\u0430\u043a\u0438\u0435 \u0444\u0430\u043a\u0442\u043e\u0440\u044b, \u043a\u0430\u043a \u0441\u0440\u043e\u043a\u0438 \u0432\u044b\u043f\u043e\u043b\u043d\u0435\u043d\u0438\u044f \u043f\u0435\u0440\u0435\u0432\u043e\u0434\u0430, \u0443\u0440\u043e\u0432\u0435\u043d\u044c \u0441\u043b\u043e\u0436\u043d\u043e\u0441\u0442\u0438, \u043e\u0431\u044a\u0451\u043c \u0438 \u043d\u0435\u043e\u0431\u0445\u043e\u0434\u0438\u043c\u043e\u0435 \u0444\u043e\u0440\u043c\u0430\u0442\u0438\u0440\u043e\u0432\u0430\u043d\u0438\u0435.<\/h6>\n<h6>\u041f\u043e\u044d\u0442\u043e\u043c\u0443 \u0441\u0442\u043e\u0438\u043c\u043e\u0441\u0442\u044c \u043a\u0430\u0436\u0434\u043e\u0433\u043e \u0437\u0430\u043a\u0430\u0437\u0430 \u0440\u0430\u0441\u0441\u0447\u0438\u0442\u044b\u0432\u0430\u0435\u0442\u0441\u044f \u0438\u043d\u0434\u0438\u0432\u0438\u0434\u0443\u0430\u043b\u044c\u043d\u043e. \u0414\u043b\u044f \u0437\u0430\u043f\u0440\u043e\u0441\u0430 \u0441\u0442\u043e\u0438\u043c\u043e\u0441\u0442\u0438 \u0432\u0430\u0448\u0435\u0433\u043e \u043f\u0435\u0440\u0435\u0432\u043e\u0434\u0430 \u0432\u044b \u043c\u043e\u0436\u0435\u0442\u0435 <a href=\"https:\/\/uebersetzer-deutsch-russisch.com\/ru\/kontakt\/\">\u0441\u0432\u044f\u0437\u0430\u0442\u044c\u0441\u044f<\/a> \u0441\u043e \u043c\u043d\u043e\u0439 \u043b\u044e\u0431\u044b\u043c \u0443\u0434\u043e\u0431\u043d\u044b\u043c \u0434\u043b\u044f \u0432\u0430\u0441 \u0441\u043f\u043e\u0441\u043e\u0431\u043e\u043c.<\/h6>\n<table>\n<tbody>\n<tr>\n<td width=\"461\">\n<h6>\u0422\u0435\u043a\u0441\u0442\u044b \u043e\u0431\u0449\u0435\u0433\u043e \u0441\u043e\u0434\u0435\u0440\u0436\u0430\u043d\u0438\u044f<\/h6>\n<\/td>\n<td width=\"461\">\n<h6>1,00 \u2013 1,35 \u20ac \u043f\u043b\u044e\u0441 19% <span class=\"caps\">\u041d\u0414\u0421<\/span> \u0437\u0430 \u043d\u043e\u0440\u043c\u0438\u0440\u043e\u0432\u0430\u043d\u043d\u0443\u044e \u0441\u0442\u0440\u043e\u043a\u0443<\/h6>\n<\/td>\n<\/tr>\n<tr>\n<td width=\"461\">\n<h6>\u0421\u043f\u0435\u0446\u0438\u0430\u043b\u0438\u0437\u0438\u0440\u043e\u0432\u0430\u043d\u043d\u044b\u0435 \u0442\u0435\u043a\u0441\u0442\u044b<\/h6>\n<\/td>\n<td width=\"461\">\n<h6>1,35 \u2013 1,85 \u20ac \u043f\u043b\u044e\u0441 19% <span class=\"caps\">\u041d\u0414\u0421<\/span> \u0437\u0430 \u043d\u043e\u0440\u043c\u0438\u0440\u043e\u0432\u0430\u043d\u043d\u0443\u044e \u0441\u0442\u0440\u043e\u043a\u0443<\/h6>\n<\/td>\n<\/tr>\n<tr>\n<td width=\"461\">\n<h6>\u0421\u0442\u0430\u043d\u0434\u0430\u0440\u0442\u043d\u044b\u0435 \u0434\u043e\u043a\u0443\u043c\u0435\u043d\u0442\u044b (\u043d\u0430\u043f\u0440. \u0441\u0432\u0438\u0434\u0435\u0442\u0435\u043b\u044c\u0441\u0442\u0432\u043e \u043e \u0440\u043e\u0436\u0434\u0435\u043d\u0438\u0438 \u0438\u043b\u0438 \u0431\u0440\u0430\u043a\u0435, \u0440\u0430\u0437\u0440\u0435\u0448\u0435\u043d\u0438\u0435 \u043d\u0430 \u043f\u0440\u0435\u0431\u044b\u0432\u0430\u043d\u0438\u0435 \u0438 \u0442.\u0434.)<\/h6>\n<\/td>\n<td width=\"461\">\n<h6>\u043e\u0442 40,00 \u20ac \u0432\u043a\u043b. 19% <span class=\"caps\">\u041d\u0414\u0421<\/span> \u0437\u0430 \u0434\u043e\u043a\u0443\u043c\u0435\u043d\u0442<\/h6>\n<\/td>\n<\/tr>\n<\/tbody>\n<\/table>\n<h6><\/h6>\n<h5><strong>\u0423\u0441\u0442\u043d\u044b\u0439 \u043f\u0435\u0440\u0435\u0432\u043e\u0434<\/strong><\/h5>\n<h6>\u041e\u043f\u043b\u0430\u0442\u0430 \u0443\u0441\u043b\u0443\u0433 \u0443\u0441\u0442\u043d\u043e\u0433\u043e \u043f\u0435\u0440\u0435\u0432\u043e\u0434\u0430 \u044f\u0432\u043b\u044f\u0435\u0442\u0441\u044f \u043f\u043e\u0447\u0430\u0441\u043e\u0432\u043e\u0439 \u0438 \u0440\u0430\u0441\u0441\u0447\u0438\u0442\u044b\u0432\u0430\u0435\u0442\u0441\u044f \u0437\u0430 \u043a\u0430\u0436\u0434\u044b\u0439 \u043d\u0430\u0447\u0430\u0442\u044b\u0439 \u0447\u0430\u0441 \u043f\u0435\u0440\u0435\u0432\u043e\u0434\u0430, \u0432\u043a\u043b\u044e\u0447\u0430\u044f \u0432\u043e\u0437\u043c\u043e\u0436\u043d\u043e\u0435 \u0432\u0440\u0435\u043c\u044f \u043e\u0436\u0438\u0434\u0430\u043d\u0438\u044f \u043d\u0430 \u043c\u0435\u0441\u0442\u0435, \u0430 \u0442\u0430\u043a\u0436\u0435 \u0432\u0440\u0435\u043c\u044f \u043d\u0430 \u043f\u0440\u043e\u0435\u0437\u0434 \u0434\u043e\/\u043e\u0442 \u043c\u0435\u0441\u0442\u0430 \u043f\u0435\u0440\u0435\u0432\u043e\u0434\u0430.<\/h6>\n<table>\n<tbody>\n<tr>\n<td width=\"461\">\n<h6>\u0423\u0441\u0442\u043d\u044b\u0439 \u043f\u0435\u0440\u0435\u0432\u043e\u0434 \u0434\u043b\u044f \u043e\u0440\u0433\u0430\u043d\u043e\u0432 \u044e\u0441\u0442\u0438\u0446\u0438\u0438 (\u0432 \u0441\u0443\u0434\u0430\u0445 \u0438 \u043f\u0440\u043e\u0447\u0438\u0445 \u0443\u0447\u0440\u0435\u0436\u0434\u0435\u043d\u0438\u044f\u0445, \u0443 \u0430\u0434\u0432\u043e\u043a\u0430\u0442\u043e\u0432, \u0441\u0443\u0434\u0435\u0431\u043d\u044b\u0445 \u044d\u043a\u0441\u043f\u0435\u0440\u0442\u043e\u0432 \u0438 \u0442.\u0434.)<\/h6>\n<h6><\/h6>\n<\/td>\n<td width=\"461\">\n<h6>\u0441\u043e\u0433\u043b\u0430\u0441\u043d\u043e <span class=\"caps\">JVEG<\/span>:<\/h6>\n<h6>93,00 \u20ac \u043f\u043b\u044e\u0441 19% <span class=\"caps\">\u041d\u0414\u0421<\/span> \u0432&nbsp;\u0447\u0430\u0441<\/h6>\n<\/td>\n<\/tr>\n<tr>\n<td width=\"461\">\n<h6>\u0423\u0441\u0442\u043d\u044b\u0439 \u043f\u0435\u0440\u0435\u0432\u043e\u0434 \u0443 \u043d\u043e\u0442\u0430\u0440\u0438\u0443\u0441\u043e\u0432<\/h6>\n<\/td>\n<td width=\"461\">\n<h6>120,00 \u20ac \u043f\u043b\u044e\u0441 19% <span class=\"caps\">\u041d\u0414\u0421<\/span> \u0432&nbsp;\u0447\u0430\u0441<\/h6>\n<h6>\u041c\u0438\u043d\u0438\u043c\u0430\u043b\u044c\u043d\u044b\u0439 \u0437\u0430\u043a\u0430\u0437 \u2013 3&nbsp;\u0447\u0430\u0441\u0430<\/h6>\n<\/td>\n<\/tr>\n<tr>\n<td width=\"461\">\n<h6>\u0423\u0441\u0442\u043d\u044b\u0439 \u043f\u0435\u0440\u0435\u0432\u043e\u0434 \u043d\u0430 \u043f\u0435\u0440\u0435\u0433\u043e\u0432\u043e\u0440\u0430\u0445<\/h6>\n<\/td>\n<td width=\"461\">\n<h6>85,00 \u20ac \u043f\u043b\u044e\u0441 19% <span class=\"caps\">\u041d\u0414\u0421<\/span> \u0432&nbsp;\u0447\u0430\u0441<\/h6>\n<\/td>\n<\/tr>\n<tr>\n<td width=\"461\">\n<h6>\u0423\u0441\u0442\u043d\u044b\u0439 \u043f\u0435\u0440\u0435\u0432\u043e\u0434 \u0432 \u043c\u0435\u0434\u0438\u0446\u0438\u043d\u0441\u043a\u0438\u0445 \u0443\u0447\u0440\u0435\u0436\u0434\u0435\u043d\u0438\u044f\u0445, \u043f\u0435\u0440\u0435\u0432\u043e\u0434-\u0441\u043e\u043f\u0440\u043e\u0432\u043e\u0436\u0434\u0435\u043d\u0438\u0435<\/h6>\n<\/td>\n<td width=\"461\">\n<h6>70,00 \u20ac \u043f\u043b\u044e\u0441 19% <span class=\"caps\">\u041d\u0414\u0421<\/span> \u0432&nbsp;\u0447\u0430\u0441<\/h6>\n<\/td>\n<\/tr>\n<\/tbody>\n<\/table>\n","protected":false},"excerpt":{"rendered":"<p>\u041f\u0438\u0441\u044c\u043c\u0435\u043d\u043d\u044b\u0435 \u043f\u0435\u0440\u0435\u0432\u043e\u0434\u044b \u0420\u0430\u0441\u0447\u0451\u0442 \u0441\u0442\u043e\u0438\u043c\u043e\u0441\u0442\u0438 \u043f\u0438\u0441\u044c\u043c\u0435\u043d\u043d\u043e\u0433\u043e \u043f\u0435\u0440\u0435\u0432\u043e\u0434\u0430 \u043e\u0441\u0443\u0449\u0435\u0441\u0442\u0432\u043b\u044f\u0435\u0442\u0441\u044f \u0438\u0441\u0445\u043e\u0434\u044f \u0438\u0437 \u0446\u0435\u043d\u044b \u0437\u0430 \u043d\u043e\u0440\u043c\u0438\u0440\u043e\u0432\u0430\u043d\u043d\u0443\u044e \u0441\u0442\u0440\u043e\u043a\u0443 \u0438\u0441\u0445\u043e\u0434\u043d\u043e\u0433\u043e \u0442\u0435\u043a\u0441\u0442\u0430 (55 \u0443\u0434\u0430\u0440\u043e\u0432, \u0432\u043a\u043b\u044e\u0447\u0430\u044f \u043f\u0440\u043e\u0431\u0435\u043b\u044b \u0438 \u0437\u043d\u0430\u043a\u0438 \u043f\u0440\u0435\u043f\u0438\u043d\u0430\u043d\u0438\u044f). \u041f\u0440\u0438 \u044d\u0442\u043e\u043c \u0432\u043e \u0432\u043d\u0438\u043c\u0430\u043d\u0438\u0435 \u043f\u0440\u0438\u043d\u0438\u043c\u0430\u044e\u0442\u0441\u044f \u0442\u0430\u043a\u0438\u0435 \u0444\u0430\u043a\u0442\u043e\u0440\u044b, \u043a\u0430\u043a \u0441\u0440\u043e\u043a\u0438 \u0432\u044b\u043f\u043e\u043b\u043d\u0435\u043d\u0438\u044f \u043f\u0435\u0440\u0435\u0432\u043e\u0434\u0430, \u0443\u0440\u043e\u0432\u0435\u043d\u044c \u0441\u043b\u043e\u0436\u043d\u043e\u0441\u0442\u0438, \u043e\u0431\u044a\u0451\u043c \u0438 \u043d\u0435\u043e\u0431\u0445\u043e\u0434\u0438\u043c\u043e\u0435 \u0444\u043e\u0440\u043c\u0430\u0442\u0438\u0440\u043e\u0432\u0430\u043d\u0438\u0435. \u041f\u043e\u044d\u0442\u043e\u043c\u0443 \u0441\u0442\u043e\u0438\u043c\u043e\u0441\u0442\u044c \u043a\u0430\u0436\u0434\u043e\u0433\u043e \u0437\u0430\u043a\u0430\u0437\u0430 \u0440\u0430\u0441\u0441\u0447\u0438\u0442\u044b\u0432\u0430\u0435\u0442\u0441\u044f \u0438\u043d\u0434\u0438\u0432\u0438\u0434\u0443\u0430\u043b\u044c\u043d\u043e. \u0414\u043b\u044f \u0437\u0430\u043f\u0440\u043e\u0441\u0430 \u0441\u0442\u043e\u0438\u043c\u043e\u0441\u0442\u0438 \u0432\u0430\u0448\u0435\u0433\u043e \u043f\u0435\u0440\u0435\u0432\u043e\u0434\u0430 \u0432\u044b \u043c\u043e\u0436\u0435\u0442\u0435 \u0441\u0432\u044f\u0437\u0430\u0442\u044c\u0441\u044f \u0441\u043e \u043c\u043d\u043e\u0439 \u2026 <a href=\"https:\/\/uebersetzer-deutsch-russisch.com\/ru\/preise\/\" class=\"readmore\">Con\u00adtin\u00adue read\u00ading <span class=\"screen-reader-text\">\u0426\u0435\u043d\u044b<\/span> \u2192<\/a><\/p>\n","protected":false},"author":1,"featured_media":0,"parent":0,"menu_order":0,"comment_status":"closed","ping_status":"closed","template":"template-fullwidth.php","meta":{"wp_typography_post_enhancements_disabled":false,"footnotes":""},"class_list":["post-38","page","type-page","status-publish","hentry"],"translation":{"provider":"WPGlobus","version":"3.0.2","language":"ru","enabled_languages":["de","ru"],"languages":{"de":{"title":true,"content":true,"excerpt":false},"ru":{"title":true,"content":true,"excerpt":false}}},"yoast_head":"<!-- This site is optimized with the Yoast SEO plugin v27.5 - https:\/\/yoast.com\/product\/yoast-seo-wordpress\/ -->\n<title>Preise - Dolmetscherin und \u00dcbersetzerin f\u00fcr Russisch<\/title>\n<meta name=\"description\" content=\"\u0426\u0435\u043d\u044b - \u0413\u0430\u043b\u0438\u043d\u0430 \u0412\u0438\u0434\u0440\u0438\u0445 - \u041f\u0440\u0438\u0441\u044f\u0436\u043d\u044b\u0439 \u0438 \u0443\u043f\u043e\u043b\u043d\u043e\u043c\u043e\u0447\u0435\u043d\u043d\u044b\u0439 \u043f\u0435\u0440\u0435\u0432\u043e\u0434\u0447\u0438\u043a \u0440\u0443\u0441\u0441\u043a\u043e\u0433\u043e \u044f\u0437\u044b\u043a\u0430 \u0432 \u0411\u0435\u0440\u043b\u0438\u043d\u0435 - \u0417\u0430\u0432\u0435\u0440\u0435\u043d\u043d\u044b\u0435 \u043f\u0435\u0440\u0435\u0432\u043e\u0434\u044b, \u043c\u0435\u0434\u0438\u0446\u0438\u043d\u0441\u043a\u0438\u0435 \u0438 \u044e\u0440\u0438\u0434\u0438\u0447\u0435\u0441\u043a\u0438\u0435 \u043f\u0435\u0440\u0435\u0432\u043e\u0434\u044b\" \/>\n<meta name=\"robots\" content=\"index, follow, max-snippet:-1, max-image-preview:large, max-video-preview:-1\" \/>\n<link rel=\"canonical\" href=\"https:\/\/uebersetzer-deutsch-russisch.com\/preise\/\" \/>\n<meta property=\"og:locale\" content=\"ru_RU\" \/>\n<meta property=\"og:type\" content=\"article\" \/>\n<meta property=\"og:title\" content=\"\u0426\u0435\u043d\u044b - Galina Widrich - Dolmetscherin und \u00dcbersetzerin f\u00fcr Russisch\" \/>\n<meta property=\"og:description\" content=\"\u0426\u0435\u043d\u044b - \u0413\u0430\u043b\u0438\u043d\u0430 \u0412\u0438\u0434\u0440\u0438\u0445 - \u041f\u0440\u0438\u0441\u044f\u0436\u043d\u044b\u0439 \u0438 \u0443\u043f\u043e\u043b\u043d\u043e\u043c\u043e\u0447\u0435\u043d\u043d\u044b\u0439 \u043f\u0435\u0440\u0435\u0432\u043e\u0434\u0447\u0438\u043a \u0440\u0443\u0441\u0441\u043a\u043e\u0433\u043e \u044f\u0437\u044b\u043a\u0430 \u0432 \u0411\u0435\u0440\u043b\u0438\u043d\u0435 - \u0417\u0430\u0432\u0435\u0440\u0435\u043d\u043d\u044b\u0435 \u043f\u0435\u0440\u0435\u0432\u043e\u0434\u044b, \u043c\u0435\u0434\u0438\u0446\u0438\u043d\u0441\u043a\u0438\u0435 \u0438 \u044e\u0440\u0438\u0434\u0438\u0447\u0435\u0441\u043a\u0438\u0435 \u043f\u0435\u0440\u0435\u0432\u043e\u0434\u044b\" \/>\n<meta property=\"og:url\" content=\"https:\/\/uebersetzer-deutsch-russisch.com\/preise\/\" \/>\n<meta property=\"og:site_name\" content=\"Galina Widrich - Dolmetscherin und \u00dcbersetzerin f\u00fcr Russisch\" \/>\n<meta property=\"article:modified_time\" content=\"2025-10-22T09:01:23+00:00\" \/>\n<meta name=\"twitter:card\" content=\"summary_large_image\" \/>\n<meta name=\"twitter:label1\" content=\"\u041f\u0440\u0438\u043c\u0435\u0440\u043d\u043e\u0435 \u0432\u0440\u0435\u043c\u044f \u0434\u043b\u044f \u0447\u0442\u0435\u043d\u0438\u044f\" \/>\n\t<meta name=\"twitter:data1\" content=\"1 \u043c\u0438\u043d\u0443\u0442\u0430\" \/>\n<script type=\"application\/ld+json\" class=\"yoast-schema-graph\">{\"@context\":\"https:\\\/\\\/schema.org\",\"@graph\":[{\"@type\":\"WebPage\",\"@id\":\"https:\\\/\\\/uebersetzer-deutsch-russisch.com\\\/preise\\\/\",\"url\":\"https:\\\/\\\/uebersetzer-deutsch-russisch.com\\\/preise\\\/\",\"name\":\"Preise - Dolmetscherin und \u00dcbersetzerin f\u00fcr Russisch\",\"isPartOf\":{\"@id\":\"https:\\\/\\\/uebersetzer-deutsch-russisch.com\\\/#website\"},\"datePublished\":\"2016-08-11T12:20:12+00:00\",\"dateModified\":\"2025-10-22T09:01:23+00:00\",\"description\":\"Preise - Beglaubigte \u00dcbersetzungen und Dolmetschen Russisch-Deutsch - Galina Widrich - Beeidigte Dolmetscherin und erm\u00e4chtigte \u00dcbersetzerin f\u00fcr Russisch\",\"breadcrumb\":{\"@id\":\"https:\\\/\\\/uebersetzer-deutsch-russisch.com\\\/preise\\\/#breadcrumb\"},\"inLanguage\":\"ru-RU\",\"potentialAction\":[{\"@type\":\"ReadAction\",\"target\":[\"https:\\\/\\\/uebersetzer-deutsch-russisch.com\\\/preise\\\/\"]}]},{\"@type\":\"BreadcrumbList\",\"@id\":\"https:\\\/\\\/uebersetzer-deutsch-russisch.com\\\/preise\\\/#breadcrumb\",\"itemListElement\":[{\"@type\":\"ListItem\",\"position\":1,\"name\":\"Startseite\",\"item\":\"https:\\\/\\\/uebersetzer-deutsch-russisch.com\\\/\"},{\"@type\":\"ListItem\",\"position\":2,\"name\":\"Preise\"}]},{\"@type\":\"WebSite\",\"@id\":\"https:\\\/\\\/uebersetzer-deutsch-russisch.com\\\/#website\",\"url\":\"https:\\\/\\\/uebersetzer-deutsch-russisch.com\\\/\",\"name\":\"Galina Widrich - Dolmetscherin und \u00dcbersetzerin f\u00fcr Russisch\",\"description\":\"Dolmetscherin &amp; \u00dcbersetzerin f\u00fcr Russisch\",\"potentialAction\":[{\"@type\":\"SearchAction\",\"target\":{\"@type\":\"EntryPoint\",\"urlTemplate\":\"https:\\\/\\\/uebersetzer-deutsch-russisch.com\\\/?s={search_term_string}\"},\"query-input\":{\"@type\":\"PropertyValueSpecification\",\"valueRequired\":true,\"valueName\":\"search_term_string\"}}],\"inLanguage\":\"ru-RU\"}]}<\/script>\n<!-- \/ Yoast SEO plugin. -->","yoast_head_json":{"title":"Preise - Dolmetscherin und \u00dcbersetzerin f\u00fcr Russisch","description":"\u0426\u0435\u043d\u044b - \u0413\u0430\u043b\u0438\u043d\u0430 \u0412\u0438\u0434\u0440\u0438\u0445 - \u041f\u0440\u0438\u0441\u044f\u0436\u043d\u044b\u0439 \u0438 \u0443\u043f\u043e\u043b\u043d\u043e\u043c\u043e\u0447\u0435\u043d\u043d\u044b\u0439 \u043f\u0435\u0440\u0435\u0432\u043e\u0434\u0447\u0438\u043a \u0440\u0443\u0441\u0441\u043a\u043e\u0433\u043e \u044f\u0437\u044b\u043a\u0430 \u0432 \u0411\u0435\u0440\u043b\u0438\u043d\u0435 - \u0417\u0430\u0432\u0435\u0440\u0435\u043d\u043d\u044b\u0435 \u043f\u0435\u0440\u0435\u0432\u043e\u0434\u044b, \u043c\u0435\u0434\u0438\u0446\u0438\u043d\u0441\u043a\u0438\u0435 \u0438 \u044e\u0440\u0438\u0434\u0438\u0447\u0435\u0441\u043a\u0438\u0435 \u043f\u0435\u0440\u0435\u0432\u043e\u0434\u044b","robots":{"index":"index","follow":"follow","max-snippet":"max-snippet:-1","max-image-preview":"max-image-preview:large","max-video-preview":"max-video-preview:-1"},"canonical":"https:\/\/uebersetzer-deutsch-russisch.com\/preise\/","og_locale":"ru_RU","og_type":"article","og_title":"\u0426\u0435\u043d\u044b - Galina Widrich - Dolmetscherin und \u00dcbersetzerin f\u00fcr Russisch","og_description":"\u0426\u0435\u043d\u044b - \u0413\u0430\u043b\u0438\u043d\u0430 \u0412\u0438\u0434\u0440\u0438\u0445 - \u041f\u0440\u0438\u0441\u044f\u0436\u043d\u044b\u0439 \u0438 \u0443\u043f\u043e\u043b\u043d\u043e\u043c\u043e\u0447\u0435\u043d\u043d\u044b\u0439 \u043f\u0435\u0440\u0435\u0432\u043e\u0434\u0447\u0438\u043a \u0440\u0443\u0441\u0441\u043a\u043e\u0433\u043e \u044f\u0437\u044b\u043a\u0430 \u0432 \u0411\u0435\u0440\u043b\u0438\u043d\u0435 - \u0417\u0430\u0432\u0435\u0440\u0435\u043d\u043d\u044b\u0435 \u043f\u0435\u0440\u0435\u0432\u043e\u0434\u044b, \u043c\u0435\u0434\u0438\u0446\u0438\u043d\u0441\u043a\u0438\u0435 \u0438 \u044e\u0440\u0438\u0434\u0438\u0447\u0435\u0441\u043a\u0438\u0435 \u043f\u0435\u0440\u0435\u0432\u043e\u0434\u044b","og_url":"https:\/\/uebersetzer-deutsch-russisch.com\/preise\/","og_site_name":"Galina Widrich - Dolmetscherin und \u00dcbersetzerin f\u00fcr Russisch","article_modified_time":"2025-10-22T09:01:23+00:00","twitter_card":"summary_large_image","twitter_misc":{"\u041f\u0440\u0438\u043c\u0435\u0440\u043d\u043e\u0435 \u0432\u0440\u0435\u043c\u044f \u0434\u043b\u044f \u0447\u0442\u0435\u043d\u0438\u044f":"1 \u043c\u0438\u043d\u0443\u0442\u0430"},"schema":{"@context":"https:\/\/schema.org","@graph":[{"@type":"WebPage","@id":"https:\/\/uebersetzer-deutsch-russisch.com\/preise\/","url":"https:\/\/uebersetzer-deutsch-russisch.com\/preise\/","name":"Preise - Dolmetscherin und \u00dcbersetzerin f\u00fcr Russisch","isPartOf":{"@id":"https:\/\/uebersetzer-deutsch-russisch.com\/#website"},"datePublished":"2016-08-11T12:20:12+00:00","dateModified":"2025-10-22T09:01:23+00:00","description":"Preise - Beglaubigte \u00dcbersetzungen und Dolmetschen Russisch-Deutsch - Galina Widrich - Beeidigte Dolmetscherin und erm\u00e4chtigte \u00dcbersetzerin f\u00fcr Russisch","breadcrumb":{"@id":"https:\/\/uebersetzer-deutsch-russisch.com\/preise\/#breadcrumb"},"inLanguage":"ru-RU","potentialAction":[{"@type":"ReadAction","target":["https:\/\/uebersetzer-deutsch-russisch.com\/preise\/"]}]},{"@type":"BreadcrumbList","@id":"https:\/\/uebersetzer-deutsch-russisch.com\/preise\/#breadcrumb","itemListElement":[{"@type":"ListItem","position":1,"name":"Startseite","item":"https:\/\/uebersetzer-deutsch-russisch.com\/"},{"@type":"ListItem","position":2,"name":"Preise"}]},{"@type":"WebSite","@id":"https:\/\/uebersetzer-deutsch-russisch.com\/#website","url":"https:\/\/uebersetzer-deutsch-russisch.com\/","name":"Galina Widrich - Dolmetscherin und \u00dcbersetzerin f\u00fcr Russisch","description":"Dolmetscherin &amp; \u00dcbersetzerin f\u00fcr Russisch","potentialAction":[{"@type":"SearchAction","target":{"@type":"EntryPoint","urlTemplate":"https:\/\/uebersetzer-deutsch-russisch.com\/?s={search_term_string}"},"query-input":{"@type":"PropertyValueSpecification","valueRequired":true,"valueName":"search_term_string"}}],"inLanguage":"ru-RU"}]}},"_links":{"self":[{"href":"https:\/\/uebersetzer-deutsch-russisch.com\/ru\/wp-json\/wp\/v2\/pages\/38","targetHints":{"allow":["GET"]}}],"collection":[{"href":"https:\/\/uebersetzer-deutsch-russisch.com\/ru\/wp-json\/wp\/v2\/pages"}],"about":[{"href":"https:\/\/uebersetzer-deutsch-russisch.com\/ru\/wp-json\/wp\/v2\/types\/page"}],"author":[{"embeddable":true,"href":"https:\/\/uebersetzer-deutsch-russisch.com\/ru\/wp-json\/wp\/v2\/users\/1"}],"replies":[{"embeddable":true,"href":"https:\/\/uebersetzer-deutsch-russisch.com\/ru\/wp-json\/wp\/v2\/comments?post=38"}],"version-history":[{"count":17,"href":"https:\/\/uebersetzer-deutsch-russisch.com\/ru\/wp-json\/wp\/v2\/pages\/38\/revisions"}],"predecessor-version":[{"id":353,"href":"https:\/\/uebersetzer-deutsch-russisch.com\/ru\/wp-json\/wp\/v2\/pages\/38\/revisions\/353"}],"wp:attachment":[{"href":"https:\/\/uebersetzer-deutsch-russisch.com\/ru\/wp-json\/wp\/v2\/media?parent=38"}],"curies":[{"name":"wp","href":"https:\/\/api.w.org\/{rel}","templated":true}]}}