{"id":42,"date":"2016-08-11T14:21:02","date_gmt":"2016-08-11T12:21:02","guid":{"rendered":"http:\/\/uebersetzer-deutsch-russisch.com\/?page_id=42"},"modified":"2020-06-05T16:01:08","modified_gmt":"2020-06-05T14:01:08","slug":"kontakt","status":"publish","type":"page","link":"https:\/\/uebersetzer-deutsch-russisch.com\/ru\/kontakt\/","title":{"rendered":"\u041a\u043e\u043d\u0442\u0430\u043a\u0442"},"content":{"rendered":"<h6><span class=\"st\">\u0412\u044b \u043c\u043e\u0436\u0435\u0442\u0435 \u0441\u0432\u044f\u0437\u0430\u0442\u044c\u0441\u044f \u0441\u043e \u043c\u043d\u043e\u0439 \u043b\u044e\u0431\u044b\u043c \u0441\u0442\u0430\u043d\u0434\u0430\u0440\u0442\u043d\u044b\u043c \u0441\u043f\u043e\u0441\u043e\u0431\u043e\u043c:<\/span><\/h6>\n<h5><strong>\u0411\u044e\u0440\u043e \u043f\u0435\u0440\u0435\u0432\u043e\u0434\u043e\u0432 \u0413\u0430\u043b\u0438\u043d\u044b \u0412\u0438\u0434\u0440\u0438\u0445<\/strong><br>\n\u0413\u0440\u044e\u043d\u0431\u0435\u0440\u0433\u0435\u0440 \u0428\u0442\u0440\u0430\u0441\u0441\u0435 15<br>\n10243 \u0411\u0435\u0440\u043b\u0438\u043d<\/h5>\n<h5><strong>\u0422\u0435\u043b.:<\/strong> 030 956 211&nbsp;87<br>\n<strong>\u0424\u0430\u043a\u0441:<\/strong> 030 956 211&nbsp;89<br>\n<strong>\u041c\u043e\u0431\u0438\u043b\u044c\u043d\u044b\u0439:<\/strong> +49 163 461&nbsp;5102<\/h5>\n<h5><strong>E\u2011mail:<\/strong> galinawidrich@gmail.com<\/h5>\n<h6>\u041e\u0431\u0440\u0430\u0449\u0430\u044e \u0432\u0430\u0448\u0435 \u0432\u043d\u0438\u043c\u0430\u043d\u0438\u0435 \u043d\u0430 \u0442\u043e, \u0447\u0442\u043e \u0432\u043e \u0432\u0440\u0435\u043c\u044f \u0443\u0441\u0442\u043d\u044b\u0445 \u043f\u0435\u0440\u0435\u0432\u043e\u0434\u043e\u0432 \u044f \u043d\u0435 \u043c\u043e\u0433\u0443 \u043e\u0442\u0432\u0435\u0447\u0430\u0442\u044c \u043d\u0430 \u0442\u0435\u043b\u0435\u0444\u043e\u043d\u043d\u044b\u0435 \u0437\u0432\u043e\u043d\u043a\u0438. \u0412 \u043f\u043e\u0434\u043e\u0431\u043d\u044b\u0445 \u0441\u043b\u0443\u0447\u0430\u044f\u0445 \u0432\u044b \u043c\u043e\u0436\u0435\u0442\u0435 \u043e\u0441\u0442\u0430\u0432\u0438\u0442\u044c \u043c\u043d\u0435 \u0441\u043e\u043e\u0431\u0449\u0435\u043d\u0438\u0435 \u043d\u0430 \u0430\u0432\u0442\u043e\u043e\u0442\u0432\u0435\u0442\u0447\u0438\u043a\u0435. \u042f \u043f\u0435\u0440\u0435\u0437\u0432\u043e\u043d\u044e \u0432\u0430\u043c \u043f\u0440\u0438 \u043f\u0435\u0440\u0432\u043e\u0439 \u0436\u0435 \u0432\u043e\u0437\u043c\u043e\u0436\u043d\u043e\u0441\u0442\u0438.<\/h6>\n<p>&nbsp;<\/p>\n<h2>\u0421\u0445\u0435\u043c\u0430 \u043f\u0440\u043e\u0435\u0437\u0434\u0430<\/h2>\n<h6>\u0420\u0430\u0437\u0443\u043c\u0435\u0435\u0442\u0441\u044f, \u0432\u044b \u0442\u0430\u043a\u0436\u0435 \u043c\u043e\u0436\u0435\u0442\u0435 \u043f\u0440\u0438\u0439\u0442\u0438 \u043a\u043e \u043c\u043d\u0435 \u0432 \u043e\u0444\u0438\u0441&nbsp;\u043b\u0438\u0447\u043d\u043e.<\/h6>\n<h6>\u041e\u043d \u043d\u0430\u0445\u043e\u0434\u0438\u0442\u0441\u044f \u0432 \u0441\u0430\u043c\u043e\u043c \u0446\u0435\u043d\u0442\u0440\u0435 \u0440\u0430\u0439\u043e\u043d\u0430 \u0424\u0440\u0438\u0434\u0440\u0438\u0445\u0441\u0445\u0430\u0439\u043d, \u0432 5 \u043c\u0438\u043d\u0443\u0442\u0430\u0445 \u0445\u043e\u0434\u044c\u0431\u044b \u043e\u0442 \u043e\u0441\u0442\u0430\u043d\u043e\u0432\u043a\u0438 <span class=\"caps\">U5<\/span> Frankfurter Tor \u0438 \u0432 10 \u043c\u0438\u043d\u0443\u0442\u0430\u0445 \u0445\u043e\u0434\u044c\u0431\u044b \u043e\u0442 \u043e\u0441\u0442\u0430\u043d\u043e\u0432\u043a\u0438 S+U Warschauer Stra\u00dfe. \u041e\u0442 \u0442\u0440\u0430\u043c\u0432\u0430\u0439\u043d\u043e\u0439 \u043e\u0441\u0442\u0430\u043d\u043e\u0432\u043a\u0438 Warschauer Str.\/Gr\u00fcnberger Str. (<span class=\"caps\">M10<\/span>) \u0440\u0430\u0441\u0441\u0442\u043e\u044f\u043d\u0438\u0435 \u0441\u043e\u0441\u0442\u0430\u0432\u043b\u044f\u0435\u0442 \u043d\u0435 \u0431\u043e\u043b\u0435\u0435 200 \u043c\u0435\u0442\u0440\u043e\u0432.<\/h6>\n<h6>\u041f\u043e\u0436\u0430\u043b\u0443\u0439\u0441\u0442\u0430, \u0441\u043e\u043e\u0431\u0449\u0438\u0442\u0435 \u043e \u0432\u0430\u0448\u0435\u043c \u043f\u043e\u0441\u0435\u0449\u0435\u043d\u0438\u0438 \u0437\u0430\u0440\u0430\u043d\u0435\u0435 (\u043f\u043e \u0442\u0435\u043b\u0435\u0444\u043e\u043d\u0443 \u0438\u043b\u0438 \u044d\u043b\u0435\u043a\u0442\u0440\u043e\u043d\u043d\u043e\u0439 \u043f\u043e\u0447\u0442\u0435), \u043f\u043e\u0441\u043a\u043e\u043b\u044c\u043a\u0443 \u0432\u043e \u0432\u0440\u0435\u043c\u044f \u0443\u0441\u0442\u043d\u044b\u0445 \u043f\u0435\u0440\u0435\u0432\u043e\u0434\u043e\u0432 \u043c\u043e\u0439 \u043e\u0444\u0438\u0441 \u0437\u0430\u043a\u0440\u044b\u0442.<\/h6>\n<h6>\n<iframe loading=\"lazy\" src=\"https:\/\/www.google.com\/maps\/embed?pb=!1m18!1m12!1m3!1d4856.539641463287!2d13.448782054161722!3d52.510455886804586!2m3!1f0!2f0!3f0!3m2!1i1024!2i768!4f13.1!3m3!1m2!1s0x47a84e5cdbc6c9f7%3A0x41499311a8327695!2sGr%C3%BCnberger+Str.+15%2C+10243+Berlin!5e0!3m2!1sde!2sde!4v1473681481370\" width=\"600\" height=\"450\" frameborder=\"0\" allowfullscreen=\"allowfullscreen\"><\/iframe><\/h6>\n<h6><\/h6>\n","protected":false},"excerpt":{"rendered":"<p>\u0412\u044b \u043c\u043e\u0436\u0435\u0442\u0435 \u0441\u0432\u044f\u0437\u0430\u0442\u044c\u0441\u044f \u0441\u043e \u043c\u043d\u043e\u0439 \u043b\u044e\u0431\u044b\u043c \u0441\u0442\u0430\u043d\u0434\u0430\u0440\u0442\u043d\u044b\u043c \u0441\u043f\u043e\u0441\u043e\u0431\u043e\u043c: \u0411\u044e\u0440\u043e \u043f\u0435\u0440\u0435\u0432\u043e\u0434\u043e\u0432 \u0413\u0430\u043b\u0438\u043d\u044b \u0412\u0438\u0434\u0440\u0438\u0445 \u0413\u0440\u044e\u043d\u0431\u0435\u0440\u0433\u0435\u0440 \u0428\u0442\u0440\u0430\u0441\u0441\u0435 15 10243 \u0411\u0435\u0440\u043b\u0438\u043d \u0422\u0435\u043b.: 030 956 211&nbsp;87 \u0424\u0430\u043a\u0441: 030 956 211&nbsp;89 \u041c\u043e\u0431\u0438\u043b\u044c\u043d\u044b\u0439: +49 163 461&nbsp;5102 E\u2011mail: galinawidrich@gmail.com \u041e\u0431\u0440\u0430\u0449\u0430\u044e \u0432\u0430\u0448\u0435 \u0432\u043d\u0438\u043c\u0430\u043d\u0438\u0435 \u043d\u0430 \u0442\u043e, \u0447\u0442\u043e \u0432\u043e \u0432\u0440\u0435\u043c\u044f \u0443\u0441\u0442\u043d\u044b\u0445 \u043f\u0435\u0440\u0435\u0432\u043e\u0434\u043e\u0432 \u044f \u043d\u0435 \u043c\u043e\u0433\u0443 \u043e\u0442\u0432\u0435\u0447\u0430\u0442\u044c \u043d\u0430 \u0442\u0435\u043b\u0435\u0444\u043e\u043d\u043d\u044b\u0435 \u0437\u0432\u043e\u043d\u043a\u0438. \u0412 \u043f\u043e\u0434\u043e\u0431\u043d\u044b\u0445 \u0441\u043b\u0443\u0447\u0430\u044f\u0445 \u0432\u044b \u043c\u043e\u0436\u0435\u0442\u0435 \u043e\u0441\u0442\u0430\u0432\u0438\u0442\u044c \u043c\u043d\u0435 \u2026 <a href=\"https:\/\/uebersetzer-deutsch-russisch.com\/ru\/kontakt\/\" class=\"readmore\">Con\u00adtin\u00adue read\u00ading <span class=\"screen-reader-text\">\u041a\u043e\u043d\u0442\u0430\u043a\u0442<\/span> \u2192<\/a><\/p>\n","protected":false},"author":1,"featured_media":0,"parent":0,"menu_order":0,"comment_status":"closed","ping_status":"closed","template":"template-fullwidth.php","meta":{"wp_typography_post_enhancements_disabled":false,"footnotes":""},"class_list":["post-42","page","type-page","status-publish","hentry"],"translation":{"provider":"WPGlobus","version":"3.0.2","language":"ru","enabled_languages":["de","ru"],"languages":{"de":{"title":true,"content":true,"excerpt":false},"ru":{"title":true,"content":true,"excerpt":false}}},"yoast_head":"<!-- This site is optimized with the Yoast SEO plugin v27.5 - https:\/\/yoast.com\/product\/yoast-seo-wordpress\/ -->\n<title>Kontakt: Galina Widrich - Dolmetscherin und \u00dcbersetzerin f\u00fcr Russisch<\/title>\n<meta name=\"robots\" content=\"index, follow, max-snippet:-1, max-image-preview:large, max-video-preview:-1\" \/>\n<link rel=\"canonical\" href=\"https:\/\/uebersetzer-deutsch-russisch.com\/kontakt\/\" \/>\n<meta property=\"og:locale\" content=\"ru_RU\" \/>\n<meta property=\"og:type\" content=\"article\" \/>\n<meta property=\"og:title\" content=\"\u041a\u043e\u043d\u0442\u0430\u043a\u0442 - Galina Widrich - Dolmetscherin und \u00dcbersetzerin f\u00fcr Russisch\" \/>\n<meta property=\"og:url\" content=\"https:\/\/uebersetzer-deutsch-russisch.com\/kontakt\/\" \/>\n<meta property=\"og:site_name\" content=\"Galina Widrich - Dolmetscherin und \u00dcbersetzerin f\u00fcr Russisch\" \/>\n<meta property=\"article:modified_time\" content=\"2020-06-05T14:01:08+00:00\" \/>\n<meta name=\"twitter:card\" content=\"summary_large_image\" \/>\n<meta name=\"twitter:label1\" content=\"\u041f\u0440\u0438\u043c\u0435\u0440\u043d\u043e\u0435 \u0432\u0440\u0435\u043c\u044f \u0434\u043b\u044f \u0447\u0442\u0435\u043d\u0438\u044f\" \/>\n\t<meta name=\"twitter:data1\" content=\"1 \u043c\u0438\u043d\u0443\u0442\u0430\" \/>\n<script type=\"application\/ld+json\" class=\"yoast-schema-graph\">{\"@context\":\"https:\\\/\\\/schema.org\",\"@graph\":[{\"@type\":\"WebPage\",\"@id\":\"https:\\\/\\\/uebersetzer-deutsch-russisch.com\\\/kontakt\\\/\",\"url\":\"https:\\\/\\\/uebersetzer-deutsch-russisch.com\\\/kontakt\\\/\",\"name\":\"Kontakt: Galina Widrich - Dolmetscherin und \u00dcbersetzerin f\u00fcr Russisch\",\"isPartOf\":{\"@id\":\"https:\\\/\\\/uebersetzer-deutsch-russisch.com\\\/#website\"},\"datePublished\":\"2016-08-11T12:21:02+00:00\",\"dateModified\":\"2020-06-05T14:01:08+00:00\",\"description\":\"Galina Widrich - Dolmetscherin und \u00dcbersetzerin f\u00fcr Russisch. Kontakt: Gr\u00fcnberger Stra\u00dfe 15, 10243 Berlin, Tel.: 030 956 211 87, galinawidrich@gmail.com\",\"breadcrumb\":{\"@id\":\"https:\\\/\\\/uebersetzer-deutsch-russisch.com\\\/kontakt\\\/#breadcrumb\"},\"inLanguage\":\"ru-RU\",\"potentialAction\":[{\"@type\":\"ReadAction\",\"target\":[\"https:\\\/\\\/uebersetzer-deutsch-russisch.com\\\/kontakt\\\/\"]}]},{\"@type\":\"BreadcrumbList\",\"@id\":\"https:\\\/\\\/uebersetzer-deutsch-russisch.com\\\/kontakt\\\/#breadcrumb\",\"itemListElement\":[{\"@type\":\"ListItem\",\"position\":1,\"name\":\"Startseite\",\"item\":\"https:\\\/\\\/uebersetzer-deutsch-russisch.com\\\/\"},{\"@type\":\"ListItem\",\"position\":2,\"name\":\"Kontakt\"}]},{\"@type\":\"WebSite\",\"@id\":\"https:\\\/\\\/uebersetzer-deutsch-russisch.com\\\/#website\",\"url\":\"https:\\\/\\\/uebersetzer-deutsch-russisch.com\\\/\",\"name\":\"Galina Widrich - Dolmetscherin und \u00dcbersetzerin f\u00fcr Russisch\",\"description\":\"Dolmetscherin &amp; \u00dcbersetzerin f\u00fcr Russisch\",\"potentialAction\":[{\"@type\":\"SearchAction\",\"target\":{\"@type\":\"EntryPoint\",\"urlTemplate\":\"https:\\\/\\\/uebersetzer-deutsch-russisch.com\\\/?s={search_term_string}\"},\"query-input\":{\"@type\":\"PropertyValueSpecification\",\"valueRequired\":true,\"valueName\":\"search_term_string\"}}],\"inLanguage\":\"ru-RU\"}]}<\/script>\n<!-- \/ Yoast SEO plugin. -->","yoast_head_json":{"title":"Kontakt: Galina Widrich - Dolmetscherin und \u00dcbersetzerin f\u00fcr Russisch","robots":{"index":"index","follow":"follow","max-snippet":"max-snippet:-1","max-image-preview":"max-image-preview:large","max-video-preview":"max-video-preview:-1"},"canonical":"https:\/\/uebersetzer-deutsch-russisch.com\/kontakt\/","og_locale":"ru_RU","og_type":"article","og_title":"\u041a\u043e\u043d\u0442\u0430\u043a\u0442 - Galina Widrich - Dolmetscherin und \u00dcbersetzerin f\u00fcr Russisch","og_url":"https:\/\/uebersetzer-deutsch-russisch.com\/kontakt\/","og_site_name":"Galina Widrich - Dolmetscherin und \u00dcbersetzerin f\u00fcr Russisch","article_modified_time":"2020-06-05T14:01:08+00:00","twitter_card":"summary_large_image","twitter_misc":{"\u041f\u0440\u0438\u043c\u0435\u0440\u043d\u043e\u0435 \u0432\u0440\u0435\u043c\u044f \u0434\u043b\u044f \u0447\u0442\u0435\u043d\u0438\u044f":"1 \u043c\u0438\u043d\u0443\u0442\u0430"},"schema":{"@context":"https:\/\/schema.org","@graph":[{"@type":"WebPage","@id":"https:\/\/uebersetzer-deutsch-russisch.com\/kontakt\/","url":"https:\/\/uebersetzer-deutsch-russisch.com\/kontakt\/","name":"Kontakt: Galina Widrich - Dolmetscherin und \u00dcbersetzerin f\u00fcr Russisch","isPartOf":{"@id":"https:\/\/uebersetzer-deutsch-russisch.com\/#website"},"datePublished":"2016-08-11T12:21:02+00:00","dateModified":"2020-06-05T14:01:08+00:00","description":"Galina Widrich - Dolmetscherin und \u00dcbersetzerin f\u00fcr Russisch. Kontakt: Gr\u00fcnberger Stra\u00dfe 15, 10243 Berlin, Tel.: 030 956 211 87, galinawidrich@gmail.com","breadcrumb":{"@id":"https:\/\/uebersetzer-deutsch-russisch.com\/kontakt\/#breadcrumb"},"inLanguage":"ru-RU","potentialAction":[{"@type":"ReadAction","target":["https:\/\/uebersetzer-deutsch-russisch.com\/kontakt\/"]}]},{"@type":"BreadcrumbList","@id":"https:\/\/uebersetzer-deutsch-russisch.com\/kontakt\/#breadcrumb","itemListElement":[{"@type":"ListItem","position":1,"name":"Startseite","item":"https:\/\/uebersetzer-deutsch-russisch.com\/"},{"@type":"ListItem","position":2,"name":"Kontakt"}]},{"@type":"WebSite","@id":"https:\/\/uebersetzer-deutsch-russisch.com\/#website","url":"https:\/\/uebersetzer-deutsch-russisch.com\/","name":"Galina Widrich - Dolmetscherin und \u00dcbersetzerin f\u00fcr Russisch","description":"Dolmetscherin &amp; \u00dcbersetzerin f\u00fcr Russisch","potentialAction":[{"@type":"SearchAction","target":{"@type":"EntryPoint","urlTemplate":"https:\/\/uebersetzer-deutsch-russisch.com\/?s={search_term_string}"},"query-input":{"@type":"PropertyValueSpecification","valueRequired":true,"valueName":"search_term_string"}}],"inLanguage":"ru-RU"}]}},"_links":{"self":[{"href":"https:\/\/uebersetzer-deutsch-russisch.com\/ru\/wp-json\/wp\/v2\/pages\/42","targetHints":{"allow":["GET"]}}],"collection":[{"href":"https:\/\/uebersetzer-deutsch-russisch.com\/ru\/wp-json\/wp\/v2\/pages"}],"about":[{"href":"https:\/\/uebersetzer-deutsch-russisch.com\/ru\/wp-json\/wp\/v2\/types\/page"}],"author":[{"embeddable":true,"href":"https:\/\/uebersetzer-deutsch-russisch.com\/ru\/wp-json\/wp\/v2\/users\/1"}],"replies":[{"embeddable":true,"href":"https:\/\/uebersetzer-deutsch-russisch.com\/ru\/wp-json\/wp\/v2\/comments?post=42"}],"version-history":[{"count":16,"href":"https:\/\/uebersetzer-deutsch-russisch.com\/ru\/wp-json\/wp\/v2\/pages\/42\/revisions"}],"predecessor-version":[{"id":264,"href":"https:\/\/uebersetzer-deutsch-russisch.com\/ru\/wp-json\/wp\/v2\/pages\/42\/revisions\/264"}],"wp:attachment":[{"href":"https:\/\/uebersetzer-deutsch-russisch.com\/ru\/wp-json\/wp\/v2\/media?parent=42"}],"curies":[{"name":"wp","href":"https:\/\/api.w.org\/{rel}","templated":true}]}}